{"id":3443,"date":"2019-10-14T09:15:56","date_gmt":"2019-10-14T09:15:56","guid":{"rendered":"https:\/\/etfsantpau.com\/error-al-pagament\/"},"modified":"2022-05-11T10:06:33","modified_gmt":"2022-05-11T10:06:33","slug":"error-al-pagament","status":"publish","type":"page","link":"https:\/\/etfsantpau.com\/ca\/error-al-pagament\/","title":{"rendered":"Error al pagament"},"content":{"rendered":"<p>[et_pb_section bb_built=&#8221;1&#8243;][et_pb_row][et_pb_column type=&#8221;4_4&#8243;][et_pb_blurb _builder_version=&#8221;3.17.6&#8243; title=&#8221;Error en el proc\u00e9s de pagament&#8221;]<\/p>\n<p>Hi ha hagut un error en el proc\u00e9s de pagament. Intenta-ho de nou a trav\u00e9s de la secci\u00f3 corresponent.<\/p>\n<p>En cas que es reiteri, <a href=\"https:\/\/etfsantpau.com\/ca\/contacte\/\">posa&#8217;t en contacte amb nosaltres<\/a>.<\/p>\n<p>[\/et_pb_blurb][\/et_pb_column][\/et_pb_row][\/et_pb_section]<\/p>\n","protected":false},"excerpt":{"rendered":"<p><div class=\"et_pb_row et_pb_row_0 et_pb_row_empty\">\n\t\t\t\t\n\t\t\t\t\n\t\t\t\t\n\t\t\t\t\n\t\t\t\t\n\t\t\t<\/div> Hi ha hagut un error en el proc\u00e9s de pagament. Intenta-ho de nou a trav\u00e9s de la secci\u00f3 corresponent.En cas que es reiteri, posa&#8217;t en contacte amb nosaltres.<\/p>\n","protected":false},"author":3,"featured_media":0,"parent":0,"menu_order":0,"comment_status":"closed","ping_status":"closed","template":"","meta":{"_et_pb_use_builder":"on","_et_pb_old_content":"","_et_gb_content_width":"","footnotes":""},"class_list":["post-3443","page","type-page","status-publish","hentry"],"_links":{"self":[{"href":"https:\/\/etfsantpau.com\/ca\/wp-json\/wp\/v2\/pages\/3443","targetHints":{"allow":["GET"]}}],"collection":[{"href":"https:\/\/etfsantpau.com\/ca\/wp-json\/wp\/v2\/pages"}],"about":[{"href":"https:\/\/etfsantpau.com\/ca\/wp-json\/wp\/v2\/types\/page"}],"author":[{"embeddable":true,"href":"https:\/\/etfsantpau.com\/ca\/wp-json\/wp\/v2\/users\/3"}],"replies":[{"embeddable":true,"href":"https:\/\/etfsantpau.com\/ca\/wp-json\/wp\/v2\/comments?post=3443"}],"version-history":[{"count":2,"href":"https:\/\/etfsantpau.com\/ca\/wp-json\/wp\/v2\/pages\/3443\/revisions"}],"predecessor-version":[{"id":3445,"href":"https:\/\/etfsantpau.com\/ca\/wp-json\/wp\/v2\/pages\/3443\/revisions\/3445"}],"wp:attachment":[{"href":"https:\/\/etfsantpau.com\/ca\/wp-json\/wp\/v2\/media?parent=3443"}],"curies":[{"name":"wp","href":"https:\/\/api.w.org\/{rel}","templated":true}]}}