{"id":3404,"date":"2018-09-10T15:05:58","date_gmt":"2018-09-10T15:05:58","guid":{"rendered":"https:\/\/etfsantpau.com\/politica-de-cookies\/"},"modified":"2022-05-10T09:04:10","modified_gmt":"2022-05-10T09:04:10","slug":"politica-de-cookies","status":"publish","type":"page","link":"https:\/\/etfsantpau.com\/ca\/politica-de-cookies\/","title":{"rendered":"Pol\u00edtica de cookies"},"content":{"rendered":"<p>[et_pb_section fb_built=&#8221;1&#8243; _builder_version=&#8221;3.22&#8243; background_color=&#8221;#d31827&#8243;][et_pb_row _builder_version=&#8221;4.9.4&#8243; background_size=&#8221;initial&#8221; background_position=&#8221;top_left&#8221; background_repeat=&#8221;repeat&#8221; hover_enabled=&#8221;0&#8243; sticky_enabled=&#8221;0&#8243;][et_pb_column type=&#8221;4_4&#8243; _builder_version=&#8221;3.25&#8243; custom_padding=&#8221;|||&#8221; custom_padding__hover=&#8221;|||&#8221;][et_pb_text _builder_version=&#8221;4.9.4&#8243; header_font=&#8221;Georgia|700|||||||&#8221; header_text_color=&#8221;#ffffff&#8221; hover_enabled=&#8221;0&#8243; sticky_enabled=&#8221;0&#8243;]<\/p>\n<h1>Pol\u00edtica de cookies<\/h1>\n<p>[\/et_pb_text][\/et_pb_column][\/et_pb_row][\/et_pb_section][et_pb_section fb_built=&#8221;1&#8243; admin_label=&#8221;section&#8221; _builder_version=&#8221;3.22&#8243;][et_pb_row admin_label=&#8221;row&#8221; _builder_version=&#8221;3.25&#8243; background_size=&#8221;initial&#8221; background_position=&#8221;top_left&#8221; background_repeat=&#8221;repeat&#8221;][et_pb_column type=&#8221;4_4&#8243; _builder_version=&#8221;3.25&#8243; custom_padding=&#8221;|||&#8221; custom_padding__hover=&#8221;|||&#8221;][et_pb_text admin_label=&#8221;Text&#8221; _builder_version=&#8221;3.27.4&#8243; background_size=&#8221;initial&#8221; background_position=&#8221;top_left&#8221; background_repeat=&#8221;repeat&#8221;]Aquest lloc web, igual que la majoria dels llocs a Internet, utilitza cookies per millorar i optimitzar l&#8217;experi\u00e8ncia de l&#8217;usuari. A continuaci\u00f3 trobar\u00e0s informaci\u00f3 detallada sobre qu\u00e8 s\u00f3n les &lt;&lt;cookies&gt;&gt; , quina tipologia utilitza aquest lloc web, com pots desactivar-les al teu navegador i com bloquejar espec\u00edficament la instal\u00b7laci\u00f3 de cookies de tercers.<\/p>\n<h2><span id=\"Que_son_las_cookies_y_como_las_utiliza_el_sitio_web_Enrique_J_Ros\">Qu\u00e8 s\u00f3n les cookies i com les utilitza el lloc web <em>etfsantpau.com<\/em>?<\/span><\/h2>\n<p>Les cookies s\u00f3n arxius que el lloc web o l&#8217;aplicaci\u00f3 que utilitzes instal\u00b7la al teu navegador o al teu dispositiu (smartphone, tauleta o televisi\u00f3 connectada) durant el recorregut per les p\u00e0gines o per l&#8217;aplicaci\u00f3, i serveixen per emmagatzemar informaci\u00f3 sobre la teva visita. Com la majoria dels llocs a Internet, el lloc <em>d&#8217;Escola de Ter\u00e0pia Familiar Sant Pau<\/em> utilitza cookies per:<\/p>\n<ul>\n<li>Assegurar que les p\u00e0gines web poden funcionar correctament<\/li>\n<li>Con\u00e8ixer la teva experi\u00e8ncia de navegaci\u00f3.<\/li>\n<li>Recopilar informaci\u00f3 estad\u00edstica an\u00f2nima, com quines p\u00e0gines has vist o quant de temps has estat a la nostra web.<\/li>\n<\/ul>\n<p>L&#8217;\u00fas de cookies ens permet optimitzar la vostra navegaci\u00f3, adaptant la informaci\u00f3 i els serveis oferts als vostres interessos, per proporcionar-vos una millor experi\u00e8ncia sempre que torneu a visitar-nos. Aquest lloc web utilitza cookies per funcionar, adaptar i facilitar al m\u00e0xim la navegaci\u00f3 de l&#8217;Usuari.<\/p>\n<p>Les cookies s&#8217;associen \u00fanicament a un usuari an\u00f2nim i al seu ordinador\/dispositiu i no proporcionen refer\u00e8ncies que permetin con\u00e8ixer dades personals. En tot moment podr\u00e0s accedir a la configuraci\u00f3 del teu navegador per modificar i\/o bloquejar la instal\u00b7laci\u00f3 de les cookies enviades per aquest lloc, sense que aix\u00f2 impedeixi l&#8217;acc\u00e9s als continguts. No obstant, la qualitat del funcionament dels serveis es pot veure afectada.<\/p>\n<h2><span id=\"Por_que_son_importantes\">Per qu\u00e8 s\u00f3n importants?<\/span><\/h2>\n<ul>\n<li>Des d&#8217;un punt de vista t\u00e8cnic, permeten que els llocs web funcionin de manera m\u00e9s \u00e0gil i adaptada a les prefer\u00e8ncies dels usuaris, com ara emmagatzemar l&#8217;idioma, la moneda del pa\u00eds o detectar el dispositiu d&#8217;acc\u00e9s.<\/li>\n<li>Estableixen nivells de protecci\u00f3 i seguretat que impedeixen o dificulten ciberatacs contra el lloc web o els usuaris.<\/li>\n<li>Permeten que els gestors dels mitjans puguin con\u00e8ixer dades estad\u00edstiques recopilades a les cookies per millorar la qualitat i experi\u00e8ncia dels seus serveis.<\/li>\n<\/ul>\n<h2><span id=\"Cuales_son_los_diferentes_tipos_de_cookies_que_utilizo_en_Enrique_J_Ros\">Quins s\u00f3n els diferents tipus de galetes que utilitzem?<\/span><\/h2>\n<h5>Galetes creades per etfsantpau.com<\/h5>\n<p>Fem servir cookies <strong>estrictament necess\u00e0ries<\/strong>: Aquestes s\u00f3n les cookies essencials perqu\u00e8 la nostra web faci funcions b\u00e0siques. Inclouen el que \u00e9s necessari per permetre als usuaris registrats identificar-se i realitzar funcions relacionades amb el compte.<\/p>\n<h5>Galetes de Tercers \u2013 Galetes de Google Analytics i Google Recaptcha<\/h5>\n<p>El lloc utilitza el servei Google Analytics, que \u00e9s prestat per Google, Inc., entitat l&#8217;oficina principal del qual est\u00e0 en 1600 Amphitheatre Parkway, Mountain View (Calif\u00f2rnia), CA 94043, Estats Units (\u00abGoogle\u00bb).<\/p>\n<p><strong>Google Analytics<\/strong> utilitza cookies per ajudar-nos a analitzar l&#8217;\u00fas que fan els usuaris del lloc. La informaci\u00f3 que genera la galeta sobre el vostre \u00fas del lloc (incloent la vostra adre\u00e7a IP) ser\u00e0 directament transmesa i arxivada per Google als seus servidors dels Estats Units. Google utilitzar\u00e0 aquesta informaci\u00f3 per compte nostre amb el prop\u00f2sit de seguir la pista del vostre \u00fas del lloc, recopilant informes de l&#8217;activitat del lloc i prestant altres serveis relacionats amb l&#8217;activitat del lloc i l&#8217;\u00fas d&#8217;Internet. Google podr\u00e0 transmetre aquesta informaci\u00f3 a tercers quan aix\u00ed ho requereixi la legislaci\u00f3, o quan aquests tercers processin la informaci\u00f3 per compte de Google. Google no associar\u00e0 la teva adre\u00e7a IP amb cap altra dada de qu\u00e8 disposi Google.<\/p>\n<p>A m\u00e9s, utilitzem el servei <strong>reCAPTCHA<\/strong> de Google Inc. (Google) per protegir les dades enviades a trav\u00e9s dels formularis de les p\u00e0gines dels nostres usuaris. Aquest servei permet diferenciar les dades enviades per persones dels missatges automatitzats i suposa la transmissi\u00f3 de l&#8217;adre\u00e7a IP i altres dades requerides per Google per a l&#8217;\u00fas del servei reCAPTCHA. Amb aquesta finalitat, les dades seran transmeses a Google per poder ser utilitzades. L&#8217;adre\u00e7a IP ser\u00e0 encriptada per Google als estats membres de la Uni\u00f3 Europea aix\u00ed com als estats associats a l&#8217;espai econ\u00f2mic europeu. Nom\u00e9s en alguns casos excepcionals, les adreces IP seran transmeses al servidor de Google als Estats Units per a la seva encriptaci\u00f3. En nom del propietari d&#8217;aquest lloc web, Google utilitzar\u00e0 aquestes informacions per avaluar l&#8217;\u00fas del servei dels usuaris. L&#8217;adre\u00e7a IP transmesa per reCAPTCHA es mantindr\u00e0 separada d&#8217;altres dades de Google. Per a aquestes dades \u00e9s v\u00e0lida la pol\u00edtica de privadesa de Google. Tots els detalls sobre la pol\u00edtica de privadesa de Google es poden llegir a la p\u00e0gina <a href=\"https:\/\/www.google.com\/intl\/de\/policies\/privacy\/\" target=\"_blank\" rel=\"nofollow noopener\">https:\/\/policies.google.com\/privacy?hl=es<\/a><\/p>\n<h2><span id=\"Como_puedo_configurar_mis_cookies\">Com puc configurar les meves galetes?<\/span><\/h2>\n<p>En navegar i continuar en aquest Lloc Web estar\u00e0s consentint l&#8217;\u00fas de les galetes en les condicions contingudes a la present pol\u00edtica de galetes. L&#8217;Escola de Ter\u00e0pia Familiar Sant Pau proporciona acc\u00e9s a aquesta pol\u00edtica de cookies en el moment de l&#8217;acc\u00e9s a la web amb l&#8217;objectiu que estiguis informat, i sens perjudici que puguis exercir el teu dret a bloquejar, eliminar i rebutjar l&#8217;\u00fas de cookies a tot moment.<\/p>\n<p>En qualsevol cas, informem que la pr\u00e0ctica majoria dels navegadors permeten advertir de la pres\u00e8ncia de cookies o rebutjar-les autom\u00e0ticament. Si les rebutges podr\u00e0s continuar fent servir aquest lloc web, encara que l&#8217;\u00fas d&#8217;alguns dels seus serveis podr\u00e0 ser limitat i per tant la teva experi\u00e8ncia en aquesta web menys satisfact\u00f2ria.<\/p>\n<p>A continuaci\u00f3 t&#8217;indiquem els enlla\u00e7os dels principals navegadors i dispositius perqu\u00e8 disposis de tota la informaci\u00f3 per consultar com gestionar les cookies al teu navegador.<\/p>\n<p>Internet Explorer i Edge:<br \/>\n<a href=\"https:\/\/support.microsoft.com\/es-es\/help\/17442\/windows-internet-explorer-delete-manage-cookies\" target=\"_blank\" rel=\"nofollow noopener noreferrer\">https:\/\/support.microsoft.com\/es-es\/help\/17442\/windows-internet-explorer-delete-manage-cookies<\/a><\/p>\n<p>Versions 7, 8, 9 y 10, i Edge<br \/>\n<a href=\"https:\/\/support.microsoft.com\/es-es\/help\/17442\/windows-internet-explorer-delete-manage-cookies\" target=\"_blank\" rel=\"nofollow noopener noreferrer\">https:\/\/support.microsoft.com\/es-es\/help\/17442\/windows-internet-explorer-delete-manage-cookies<\/a><\/p>\n<p>Safari:<br \/>\n<a href=\"https:\/\/support.apple.com\/es-es\/guide\/safari\/sfri11471\/mac\" target=\"_blank\" rel=\"nofollow noopener noreferrer\">https:\/\/support.apple.com\/es-es\/guide\/safari\/sfri11471\/mac<\/a><br \/>\n<a href=\"https:\/\/support.apple.com\/es-es\/HT201265\" target=\"_blank\" rel=\"nofollow noopener noreferrer\">https:\/\/support.apple.com\/es-es\/HT201265<\/a><\/p>\n<p>Google Chrome:<br \/>\n<a href=\"https:\/\/support.google.com\/chrome\/answer\/95647\" target=\"_blank\" rel=\"nofollow noopener noreferrer\">https:\/\/support.google.com\/chrome\/answer\/95647<\/a><\/p>\n<p>Firefox:<br \/>\n<a href=\"https:\/\/support.mozilla.org\/es\/kb\/cookies-informacion-que-los-sitios-web-guardan-en-\" target=\"_blank\" rel=\"nofollow noopener noreferrer\">https:\/\/support.mozilla.org\/es\/kb\/cookies-informacion-que-los-sitios-web-guardan-en-<\/a><\/p>\n<p>Opera:<br \/>\n<a href=\"https:\/\/help.opera.com\/en\/latest\/web-preferences\/#cookies\" target=\"_blank\" rel=\"nofollow noopener noreferrer\">https:\/\/help.opera.com\/en\/latest\/web-preferences\/#cookies<\/a><\/p>\n<p>Android<br \/>\n<a href=\"https:\/\/support.google.com\/android\/#topic=7651296\" target=\"_blank\" rel=\"nofollow noopener noreferrer\">https:\/\/support.google.com\/android\/#topic=7651296<\/a><\/p>\n<p>Windows Phone<br \/>\n<a href=\"https:\/\/support.microsoft.com\/es-es\/help\/11696\/windows-phone-7\" target=\"_blank\" rel=\"nofollow noopener noreferrer\">https:\/\/support.microsoft.com\/es-es\/help\/11696\/windows-phone-7<\/a><\/p>\n<p>Blackberry<br \/>\n<a href=\"https:\/\/docs.blackberry.com\/en\" target=\"_blank\" rel=\"nofollow noopener noreferrer\">https:\/\/docs.blackberry.com\/en<\/a><\/p>\n<p>Si vols informaci\u00f3 addicional sobre com configurar les galetes detallada per prove\u00efdor o administrar les teves prefer\u00e8ncies, pots consultar <a href=\"https:\/\/www.aepd.es\/sites\/default\/files\/2020-07\/guia-cookies.pdf\" target=\"_blank\" rel=\"noopener noreferrer\">aquesta guia<\/a> creada per l&#8217;AGPD.[\/et_pb_text][\/et_pb_column][\/et_pb_row][\/et_pb_section]<\/p>\n","protected":false},"excerpt":{"rendered":"<p>Pol\u00edtica de cookiesAquest lloc web, igual que la majoria dels llocs a Internet, utilitza cookies per millorar i optimitzar l&#8217;experi\u00e8ncia de l&#8217;usuari. A continuaci\u00f3 trobar\u00e0s informaci\u00f3 detallada sobre qu\u00e8 s\u00f3n les &lt;&lt;cookies&gt;&gt; , quina tipologia utilitza aquest lloc web, com pots desactivar-les al teu navegador i com bloquejar espec\u00edficament la instal\u00b7laci\u00f3 de cookies de tercers. [&hellip;]<\/p>\n","protected":false},"author":2,"featured_media":0,"parent":0,"menu_order":0,"comment_status":"closed","ping_status":"open","template":"","meta":{"_et_pb_use_builder":"on","_et_pb_old_content":"","_et_gb_content_width":"","footnotes":""},"class_list":["post-3404","page","type-page","status-publish","hentry"],"_links":{"self":[{"href":"https:\/\/etfsantpau.com\/ca\/wp-json\/wp\/v2\/pages\/3404","targetHints":{"allow":["GET"]}}],"collection":[{"href":"https:\/\/etfsantpau.com\/ca\/wp-json\/wp\/v2\/pages"}],"about":[{"href":"https:\/\/etfsantpau.com\/ca\/wp-json\/wp\/v2\/types\/page"}],"author":[{"embeddable":true,"href":"https:\/\/etfsantpau.com\/ca\/wp-json\/wp\/v2\/users\/2"}],"replies":[{"embeddable":true,"href":"https:\/\/etfsantpau.com\/ca\/wp-json\/wp\/v2\/comments?post=3404"}],"version-history":[{"count":5,"href":"https:\/\/etfsantpau.com\/ca\/wp-json\/wp\/v2\/pages\/3404\/revisions"}],"predecessor-version":[{"id":3409,"href":"https:\/\/etfsantpau.com\/ca\/wp-json\/wp\/v2\/pages\/3404\/revisions\/3409"}],"wp:attachment":[{"href":"https:\/\/etfsantpau.com\/ca\/wp-json\/wp\/v2\/media?parent=3404"}],"curies":[{"name":"wp","href":"https:\/\/api.w.org\/{rel}","templated":true}]}}