{"id":3363,"date":"2018-11-17T20:42:47","date_gmt":"2018-11-17T20:42:47","guid":{"rendered":"https:\/\/etfsantpau.com\/silvia-macassi\/"},"modified":"2022-04-27T11:39:49","modified_gmt":"2022-04-27T11:39:49","slug":"silvia-macassi","status":"publish","type":"page","link":"https:\/\/etfsantpau.com\/ca\/silvia-macassi\/","title":{"rendered":"Silvia Macassi"},"content":{"rendered":"<p>[et_pb_section fb_built=&#8221;1&#8243; _builder_version=&#8221;3.14&#8243; background_color=&#8221;#d31827&#8243; custom_padding=&#8221;0|0px|0|0px|false|false&#8221;][et_pb_row custom_padding=&#8221;50px|0px|50px|0px|false|false&#8221; _builder_version=&#8221;3.14&#8243;][et_pb_column type=&#8221;4_4&#8243; _builder_version=&#8221;3.0.47&#8243; parallax=&#8221;off&#8221; parallax_method=&#8221;on&#8221;][et_pb_text _builder_version=&#8221;3.17.6&#8243; text_font=&#8221;||||||||&#8221; header_font=&#8221;Georgia|700|||||||&#8221; background_layout=&#8221;dark&#8221;]<\/p>\n<h1>Silvia Macassi<\/h1>\n<p>[\/et_pb_text][\/et_pb_column][\/et_pb_row][\/et_pb_section][et_pb_section fb_built=&#8221;1&#8243; _builder_version=&#8221;3.17.6&#8243; custom_padding=&#8221;50px|0px|51.1875px|0px|false|false&#8221;][et_pb_row custom_padding=&#8221;0|0px|25.5938px|0px|false|false&#8221; _builder_version=&#8221;3.17.6&#8243;][et_pb_column type=&#8221;1_4&#8243; _builder_version=&#8221;3.0.47&#8243; parallax=&#8221;off&#8221; parallax_method=&#8221;on&#8221;][et_pb_image src=&#8221;https:\/\/etfsantpau.com\/wp-content\/uploads\/2019\/03\/Docentes_v2_0002_Silvia-Macassi.jpg&#8221; _builder_version=&#8221;3.17.6&#8243;][\/et_pb_image][\/et_pb_column][et_pb_column type=&#8221;3_4&#8243; _builder_version=&#8221;3.0.47&#8243; parallax=&#8221;off&#8221; parallax_method=&#8221;on&#8221;][et_pb_text _builder_version=&#8221;3.17.6&#8243;]<\/p>\n<p>\u00c9s Psic\u00f2loga General Sanitari, Psicoterapeuta i Mediadora Familiar. \u00c9s M\u00e0ster en Ter\u00e0pia Familiar Sist\u00e8mica per l\u00b4Escola de Ter\u00e0pia Familiar Sant Pau i la Universitat Aut\u00f2noma de Barcelona, i Postgrau en Mediaci\u00f3 Familiar pel F\u00f2rum Europeu.<\/p>\n<p>Docent de la formaci\u00f3 Semipresencial en l\u00ednia de Ter\u00e0pia Familiar Sist\u00e8mica per l&#8217;Escola de Ter\u00e0pia Familiar Sant Pau i l&#8217;Escola Basc Navarra de Ter\u00e0pia Familiar. \u00c9s part de l&#8217;equip de docents de l&#8217;Institut Sist\u00e8mic de Barcelona (ISBA), aix\u00ed com formadora i supervisora d&#8217;equips de professionals de diferents institucions a l&#8217;\u00e0mbit psicosocial i educatiu que treballen amb fam\u00edlies<\/p>\n<p>Col\u2022legiada pel Col\u2022legi de Psic\u00f2legs de Catalunya. Membre de la FEATF (Federaci\u00f3 Espanyola d&#8217;Associacions de Ter\u00e0pia Familiar) de la FEAP (Federaci\u00f3 Espanyola d&#8217;Associacions de Psicoterapeutes) i secret\u00e0ria de la SCTF (Societat Catalana de Ter\u00e0pia Familiar). Acreditada per l&#8217;EFPA (Especialista en Psicoter\u00e0pia per l&#8217;European Federation of Psychological Association).<\/p>\n<p>El seu \u00e0mbit professional tamb\u00e9 se centra a la pr\u00e0ctica privada, inclou la ter\u00e0pia individual, de parella i familiar, experta en ter\u00e0pia de parella i mediaci\u00f3 terap\u00e8utica en conflictes de separaci\u00f3 i\/o divorci.<\/p>\n<p><strong>Coautora del llibre:<\/strong><\/p>\n<p>Pr\u00e1cticas Alienadoras Familiares. El \u201cS\u00edndrome de Alienaci\u00f3n Parental\u201d Reformulado. (Comp. Juan L. Linares) Ed. Gedisa. Barcelona, 2015.<\/p>\n<p>[\/et_pb_text][\/et_pb_column][\/et_pb_row][\/et_pb_section][et_pb_section fb_built=&#8221;1&#8243; _builder_version=&#8221;3.17.2&#8243; custom_padding=&#8221;0|0px|30px|0px|false|false&#8221; global_module=&#8221;287&#8243; saved_tabs=&#8221;all&#8221;][et_pb_row custom_padding=&#8221;22px|0px|0|0px|false|false&#8221; _builder_version=&#8221;3.17.2&#8243;][et_pb_column type=&#8221;4_4&#8243; _builder_version=&#8221;3.0.47&#8243; parallax=&#8221;off&#8221; parallax_method=&#8221;on&#8221;][et_pb_divider color=&#8221;#000000&#8243; _builder_version=&#8221;3.17.6&#8243;][\/et_pb_divider][\/et_pb_column][\/et_pb_row][et_pb_row use_custom_gutter=&#8221;on&#8221; custom_padding=&#8221;0|0px|0|0|false|false&#8221; custom_margin=&#8221;||&#8221; make_equal=&#8221;on&#8221; _builder_version=&#8221;3.17.2&#8243;][et_pb_column type=&#8221;1_4&#8243; _builder_version=&#8221;3.0.47&#8243; parallax=&#8221;off&#8221; parallax_method=&#8221;on&#8221;][et_pb_image src=&#8221;https:\/\/etfsantpau.com\/wp-content\/uploads\/2018\/10\/EFTA-Logo.png&#8221; url=&#8221;http:\/\/www.europeanfamilytherapy.eu&#8221; url_new_window=&#8221;on&#8221; _builder_version=&#8221;3.17.2&#8243; max_width=&#8221;60%&#8221; module_alignment=&#8221;center&#8221;][\/et_pb_image][\/et_pb_column][et_pb_column type=&#8221;1_4&#8243; _builder_version=&#8221;3.0.47&#8243; parallax=&#8221;off&#8221; parallax_method=&#8221;on&#8221;][et_pb_image src=&#8221;https:\/\/etfsantpau.com\/wp-content\/uploads\/2018\/11\/logo-featf-apaisado.jpg&#8221; url=&#8221;https:\/\/www.featf.org\/%20&#8243; url_new_window=&#8221;on&#8221; _builder_version=&#8221;3.17.6&#8243; custom_margin=&#8221;10px||&#8221;][\/et_pb_image][\/et_pb_column][et_pb_column type=&#8221;1_4&#8243; _builder_version=&#8221;3.0.47&#8243; parallax=&#8221;off&#8221; parallax_method=&#8221;on&#8221;][et_pb_image src=&#8221;https:\/\/etfsantpau.com\/wp-content\/uploads\/2018\/11\/Relates-2019.png&#8221; url=&#8221;http:\/\/redrelates-boletin.org\/&#8221; url_new_window=&#8221;on&#8221; _builder_version=&#8221;3.17.6&#8243; border_width_all=&#8221;10px&#8221; border_color_all=&#8221;rgba(0,0,0,0)&#8221; max_width=&#8221;78%&#8221; module_alignment=&#8221;center&#8221;][\/et_pb_image][\/et_pb_column][et_pb_column type=&#8221;1_4&#8243; _builder_version=&#8221;3.0.47&#8243; parallax=&#8221;off&#8221; parallax_method=&#8221;on&#8221;][et_pb_image src=&#8221;https:\/\/etfsantpau.com\/wp-content\/uploads\/2018\/11\/logo_SCTF_horiz_p.png&#8221; url=&#8221;http:\/\/webs.academia.cat\/societats\/terapia\/index.php&#8221; url_new_window=&#8221;on&#8221; _builder_version=&#8221;3.17.6&#8243; custom_margin=&#8221;10px||&#8221;][\/et_pb_image][\/et_pb_column][\/et_pb_row][\/et_pb_section]<\/p>\n","protected":false},"excerpt":{"rendered":"<p>Silvia Macassi \u00c9s Psic\u00f2loga General Sanitari, Psicoterapeuta i Mediadora Familiar. \u00c9s M\u00e0ster en Ter\u00e0pia Familiar Sist\u00e8mica per l\u00b4Escola de Ter\u00e0pia Familiar Sant Pau i la Universitat Aut\u00f2noma de Barcelona, i Postgrau en Mediaci\u00f3 Familiar pel F\u00f2rum Europeu. Docent de la formaci\u00f3 Semipresencial en l\u00ednia de Ter\u00e0pia Familiar Sist\u00e8mica per l&#8217;Escola de Ter\u00e0pia Familiar Sant Pau [&hellip;]<\/p>\n","protected":false},"author":2,"featured_media":0,"parent":0,"menu_order":0,"comment_status":"closed","ping_status":"closed","template":"","meta":{"_et_pb_use_builder":"on","_et_pb_old_content":"","_et_gb_content_width":"","footnotes":""},"class_list":["post-3363","page","type-page","status-publish","hentry"],"_links":{"self":[{"href":"https:\/\/etfsantpau.com\/ca\/wp-json\/wp\/v2\/pages\/3363","targetHints":{"allow":["GET"]}}],"collection":[{"href":"https:\/\/etfsantpau.com\/ca\/wp-json\/wp\/v2\/pages"}],"about":[{"href":"https:\/\/etfsantpau.com\/ca\/wp-json\/wp\/v2\/types\/page"}],"author":[{"embeddable":true,"href":"https:\/\/etfsantpau.com\/ca\/wp-json\/wp\/v2\/users\/2"}],"replies":[{"embeddable":true,"href":"https:\/\/etfsantpau.com\/ca\/wp-json\/wp\/v2\/comments?post=3363"}],"version-history":[{"count":2,"href":"https:\/\/etfsantpau.com\/ca\/wp-json\/wp\/v2\/pages\/3363\/revisions"}],"predecessor-version":[{"id":3365,"href":"https:\/\/etfsantpau.com\/ca\/wp-json\/wp\/v2\/pages\/3363\/revisions\/3365"}],"wp:attachment":[{"href":"https:\/\/etfsantpau.com\/ca\/wp-json\/wp\/v2\/media?parent=3363"}],"curies":[{"name":"wp","href":"https:\/\/api.w.org\/{rel}","templated":true}]}}