{"id":3360,"date":"2018-11-17T20:38:34","date_gmt":"2018-11-17T20:38:34","guid":{"rendered":"https:\/\/etfsantpau.com\/marta-ramo\/"},"modified":"2022-04-27T11:32:21","modified_gmt":"2022-04-27T11:32:21","slug":"marta-ramo","status":"publish","type":"page","link":"https:\/\/etfsantpau.com\/ca\/marta-ramo\/","title":{"rendered":"Marta Ramo"},"content":{"rendered":"<p>[et_pb_section fb_built=&#8221;1&#8243; _builder_version=&#8221;3.14&#8243; background_color=&#8221;#d31827&#8243; custom_padding=&#8221;0|0px|0|0px|false|false&#8221;][et_pb_row custom_padding=&#8221;50px|0px|50px|0px|false|false&#8221; _builder_version=&#8221;3.14&#8243;][et_pb_column type=&#8221;4_4&#8243; _builder_version=&#8221;3.0.47&#8243; parallax=&#8221;off&#8221; parallax_method=&#8221;on&#8221;][et_pb_text _builder_version=&#8221;3.17.6&#8243; text_font=&#8221;||||||||&#8221; header_font=&#8221;Georgia|700|||||||&#8221; background_layout=&#8221;dark&#8221;]<\/p>\n<h1>Marta Ramo<\/h1>\n<p>[\/et_pb_text][\/et_pb_column][\/et_pb_row][\/et_pb_section][et_pb_section fb_built=&#8221;1&#8243; _builder_version=&#8221;3.17.6&#8243; custom_padding=&#8221;50px|0px|51.1875px|0px|false|false&#8221;][et_pb_row custom_padding=&#8221;0|0px|25.5938px|0px|false|false&#8221; _builder_version=&#8221;3.17.6&#8243;][et_pb_column type=&#8221;1_4&#8243; _builder_version=&#8221;3.0.47&#8243; parallax=&#8221;off&#8221; parallax_method=&#8221;on&#8221;][et_pb_image src=&#8221;https:\/\/etfsantpau.com\/wp-content\/uploads\/2019\/03\/Docentes_v2_0008_Fina-Ruiz-1.jpg&#8221; _builder_version=&#8221;3.17.6&#8243;][\/et_pb_image][\/et_pb_column][et_pb_column type=&#8221;3_4&#8243; _builder_version=&#8221;3.0.47&#8243; parallax=&#8221;off&#8221; parallax_method=&#8221;on&#8221;][et_pb_text _builder_version=&#8221;3.17.6&#8243;]<\/p>\n<h2 class=\"modalTitle\">Marta Ramo Campo<\/h2>\n<p class=\"modalDesc\">\n<p>\u00c9s M\u00e0ster en Ter\u00e0pia Familiar Sist\u00e8mica per la Universitat Aut\u00f2noma de Barcelona (UAB), M\u00e0ster en Coaching Sist\u00e8mic per la (UAB), Acreditada com a terapeuta familiar per la Societat Catalana de Ter\u00e0pia Familiar (SCTF), i la Federaci\u00f3 Espanyola d&#8217;Associacions de Ter\u00e0pia Familiar (FEATF).<\/p>\n<p>\u00c9s M\u00e0ster en Ter\u00e0pia Familiar Sist\u00e8mica per la Universitat Aut\u00f2noma de Barcelona (UAB), M\u00e0ster en Coaching Sist\u00e8mic per la (UAB), Acreditada com a terapeuta familiar per la Societat Catalana de Ter\u00e0pia Familiar (SCTF), i la Federaci\u00f3 Espanyola d&#8217;Associacions de Ter\u00e0pia Familiar (FEATF). Tamb\u00e9 imparteix cursos i tallers experiencials a organitzacions orientades al desenvolupament en habilitats.<\/p>\n<p>[\/et_pb_text][\/et_pb_column][\/et_pb_row][\/et_pb_section][et_pb_section fb_built=&#8221;1&#8243; _builder_version=&#8221;3.17.2&#8243; custom_padding=&#8221;0|0px|30px|0px|false|false&#8221; global_module=&#8221;287&#8243; saved_tabs=&#8221;all&#8221;][et_pb_row custom_padding=&#8221;22px|0px|0|0px|false|false&#8221; _builder_version=&#8221;3.17.2&#8243;][et_pb_column type=&#8221;4_4&#8243; _builder_version=&#8221;3.0.47&#8243; parallax=&#8221;off&#8221; parallax_method=&#8221;on&#8221;][\/et_pb_column][\/et_pb_row][\/et_pb_section]<\/p>\n","protected":false},"excerpt":{"rendered":"<p>Marta RamoMarta Ramo Campo \u00c9s M\u00e0ster en Ter\u00e0pia Familiar Sist\u00e8mica per la Universitat Aut\u00f2noma de Barcelona (UAB), M\u00e0ster en Coaching Sist\u00e8mic per la (UAB), Acreditada com a terapeuta familiar per la Societat Catalana de Ter\u00e0pia Familiar (SCTF), i la Federaci\u00f3 Espanyola d&#8217;Associacions de Ter\u00e0pia Familiar (FEATF). \u00c9s M\u00e0ster en Ter\u00e0pia Familiar Sist\u00e8mica per la Universitat [&hellip;]<\/p>\n","protected":false},"author":2,"featured_media":0,"parent":0,"menu_order":0,"comment_status":"closed","ping_status":"closed","template":"","meta":{"_et_pb_use_builder":"on","_et_pb_old_content":"","_et_gb_content_width":"","footnotes":""},"class_list":["post-3360","page","type-page","status-publish","hentry"],"_links":{"self":[{"href":"https:\/\/etfsantpau.com\/ca\/wp-json\/wp\/v2\/pages\/3360","targetHints":{"allow":["GET"]}}],"collection":[{"href":"https:\/\/etfsantpau.com\/ca\/wp-json\/wp\/v2\/pages"}],"about":[{"href":"https:\/\/etfsantpau.com\/ca\/wp-json\/wp\/v2\/types\/page"}],"author":[{"embeddable":true,"href":"https:\/\/etfsantpau.com\/ca\/wp-json\/wp\/v2\/users\/2"}],"replies":[{"embeddable":true,"href":"https:\/\/etfsantpau.com\/ca\/wp-json\/wp\/v2\/comments?post=3360"}],"version-history":[{"count":2,"href":"https:\/\/etfsantpau.com\/ca\/wp-json\/wp\/v2\/pages\/3360\/revisions"}],"predecessor-version":[{"id":3362,"href":"https:\/\/etfsantpau.com\/ca\/wp-json\/wp\/v2\/pages\/3360\/revisions\/3362"}],"wp:attachment":[{"href":"https:\/\/etfsantpau.com\/ca\/wp-json\/wp\/v2\/media?parent=3360"}],"curies":[{"name":"wp","href":"https:\/\/api.w.org\/{rel}","templated":true}]}}