{"id":3357,"date":"2020-05-20T15:05:57","date_gmt":"2020-05-20T15:05:57","guid":{"rendered":"https:\/\/etfsantpau.com\/raquel-maresma-bernal\/"},"modified":"2024-02-28T12:49:28","modified_gmt":"2024-02-28T12:49:28","slug":"raquel-maresma-bernal","status":"publish","type":"page","link":"https:\/\/etfsantpau.com\/ca\/raquel-maresma-bernal\/","title":{"rendered":"Raquel Maresma Bernal"},"content":{"rendered":"<p>[et_pb_section fb_built=&#8221;1&#8243; _builder_version=&#8221;4.16&#8243; background_color=&#8221;#d31827&#8243; custom_padding=&#8221;21px|0px|5px|0px|false|false&#8221; global_colors_info=&#8221;{}&#8221; da_is_popup=&#8221;off&#8221; da_exit_intent=&#8221;off&#8221; da_has_close=&#8221;on&#8221; da_alt_close=&#8221;off&#8221; da_dark_close=&#8221;off&#8221; da_not_modal=&#8221;on&#8221; da_is_singular=&#8221;off&#8221; da_with_loader=&#8221;off&#8221; da_has_shadow=&#8221;on&#8221; da_disable_devices=&#8221;off|off|off&#8221;][et_pb_row _builder_version=&#8221;4.16&#8243; background_size=&#8221;initial&#8221; background_position=&#8221;top_left&#8221; background_repeat=&#8221;repeat&#8221; custom_padding=&#8221;25.25px|0px|30px|0px|false|false&#8221; global_colors_info=&#8221;{}&#8221;][et_pb_column type=&#8221;4_4&#8243; _builder_version=&#8221;4.16&#8243; custom_padding=&#8221;|||&#8221; global_colors_info=&#8221;{}&#8221; custom_padding__hover=&#8221;|||&#8221;][et_pb_text _builder_version=&#8221;4.16&#8243; global_colors_info=&#8221;{}&#8221;]<\/p>\n<h1><strong><span style=\"color: #000000; font-family: Georgia;\"><span style=\"color: #ffffff;\">Irene L\u00f3pez<\/span><\/span><\/strong><\/h1>\n<p>[\/et_pb_text][\/et_pb_column][\/et_pb_row][\/et_pb_section][et_pb_section fb_built=&#8221;1&#8243; _builder_version=&#8221;4.16&#8243; global_colors_info=&#8221;{}&#8221; da_is_popup=&#8221;off&#8221; da_exit_intent=&#8221;off&#8221; da_has_close=&#8221;on&#8221; da_alt_close=&#8221;off&#8221; da_dark_close=&#8221;off&#8221; da_not_modal=&#8221;on&#8221; da_is_singular=&#8221;off&#8221; da_with_loader=&#8221;off&#8221; da_has_shadow=&#8221;on&#8221; da_disable_devices=&#8221;off|off|off&#8221;][et_pb_row _builder_version=&#8221;4.16&#8243; background_size=&#8221;initial&#8221; background_position=&#8221;top_left&#8221; background_repeat=&#8221;repeat&#8221; global_colors_info=&#8221;{}&#8221; column_structure=&#8221;1_4,3_4&#8243;][et_pb_column type=&#8221;1_4&#8243; _builder_version=&#8221;4.16&#8243; custom_padding=&#8221;|||&#8221; global_colors_info=&#8221;{}&#8221; custom_padding__hover=&#8221;|||&#8221;][et_pb_image src=&#8221;https:\/\/etfsantpau.com\/wp-content\/uploads\/2024\/02\/Pagina-Sant-Pau.png&#8221; align_tablet=&#8221;center&#8221; align_last_edited=&#8221;on|desktop&#8221; _builder_version=&#8221;4.23.1&#8243; hover_enabled=&#8221;0&#8243; global_colors_info=&#8221;{}&#8221; title_text=&#8221;Pagina Sant Pau&#8221; sticky_enabled=&#8221;0&#8243; align_phone=&#8221;center&#8221;][\/et_pb_image][\/et_pb_column][et_pb_column type=&#8221;3_4&#8243; _builder_version=&#8221;4.16&#8243; custom_padding=&#8221;|||&#8221; global_colors_info=&#8221;{}&#8221; custom_padding__hover=&#8221;|||&#8221;][et_pb_text _builder_version=&#8221;4.16&#8243; global_colors_info=&#8221;{}&#8221;]<\/p>\n<p>Irene L\u00f3pez es psic\u00f3loga (Universidad Aut\u00f2noma de Barcelona), M\u00e0ster en psicolog\u00eda de la Educaci\u00f3n (UB-RLL-UAB-UDG) y Terapeuta Familiar (Escola Terapia Familiar Sant Pau).<\/p>\n<p>Terapeuta familiar y de pareja acreditada por FEATF.\u00a0<\/p>\n<p>\u00a0Ha desarrollado su pr\u00e1ctica profesional en el \u00e1mbito de la educaci\u00f3n, la psicolog\u00eda comunitaria y la intervenci\u00f3n social desde 2008. Posteriormente participa en investigaciones del \u00e1mbito acad\u00e9mico en Universidad Pontificia Cat\u00f3lica de Chile y Universidad de Barcelona, sobre estudios de g\u00e9nero y educaci\u00f3n y sobre modelos socioculturales de aprendizaje, respectivamente.<\/p>\n<p>\u00a0Actualmente compagina la cl\u00ednica como psicoterapeuta individual y familiar en la cooperativa de salud COS y en consulta privada.<\/p>\n<p>\u00a0Desde 2020 colabora con Experientia, entidad que promueve la terapia a trav\u00e9s de la naturaleza y la aventura donde principalmente facilita grupos y promueve programas terap\u00e9uticos con metodolog\u00edas basadas en el aprendizaje experiencial y outdoor therapies.<\/p>\n<p>\u00a0Profesora del espacio vivencial de la Escuela de Terapia Familiar Sant Pau.<\/p>\n<p>[\/et_pb_text][\/et_pb_column][\/et_pb_row][\/et_pb_section]<\/p>\n","protected":false},"excerpt":{"rendered":"<p>Irene L\u00f3pezIrene L\u00f3pez es psic\u00f3loga (Universidad Aut\u00f2noma de Barcelona), M\u00e0ster en psicolog\u00eda de la Educaci\u00f3n (UB-RLL-UAB-UDG) y Terapeuta Familiar (Escola Terapia Familiar Sant Pau). Terapeuta familiar y de pareja acreditada por FEATF.\u00a0 \u00a0Ha desarrollado su pr\u00e1ctica profesional en el \u00e1mbito de la educaci\u00f3n, la psicolog\u00eda comunitaria y la intervenci\u00f3n social desde 2008. Posteriormente participa en [&hellip;]<\/p>\n","protected":false},"author":2,"featured_media":0,"parent":0,"menu_order":0,"comment_status":"closed","ping_status":"closed","template":"","meta":{"_et_pb_use_builder":"on","_et_pb_old_content":"","_et_gb_content_width":"","footnotes":""},"class_list":["post-3357","page","type-page","status-publish","hentry"],"_links":{"self":[{"href":"https:\/\/etfsantpau.com\/ca\/wp-json\/wp\/v2\/pages\/3357","targetHints":{"allow":["GET"]}}],"collection":[{"href":"https:\/\/etfsantpau.com\/ca\/wp-json\/wp\/v2\/pages"}],"about":[{"href":"https:\/\/etfsantpau.com\/ca\/wp-json\/wp\/v2\/types\/page"}],"author":[{"embeddable":true,"href":"https:\/\/etfsantpau.com\/ca\/wp-json\/wp\/v2\/users\/2"}],"replies":[{"embeddable":true,"href":"https:\/\/etfsantpau.com\/ca\/wp-json\/wp\/v2\/comments?post=3357"}],"version-history":[{"count":3,"href":"https:\/\/etfsantpau.com\/ca\/wp-json\/wp\/v2\/pages\/3357\/revisions"}],"predecessor-version":[{"id":3945,"href":"https:\/\/etfsantpau.com\/ca\/wp-json\/wp\/v2\/pages\/3357\/revisions\/3945"}],"wp:attachment":[{"href":"https:\/\/etfsantpau.com\/ca\/wp-json\/wp\/v2\/media?parent=3357"}],"curies":[{"name":"wp","href":"https:\/\/api.w.org\/{rel}","templated":true}]}}