{"id":3345,"date":"2018-11-17T20:24:23","date_gmt":"2018-11-17T20:24:23","guid":{"rendered":"https:\/\/etfsantpau.com\/adrian-hinojosa\/"},"modified":"2022-04-27T11:11:27","modified_gmt":"2022-04-27T11:11:27","slug":"adrian-hinojosa","status":"publish","type":"page","link":"https:\/\/etfsantpau.com\/ca\/adrian-hinojosa\/","title":{"rendered":"Adri\u00e1n Hinojosa"},"content":{"rendered":"<p>[et_pb_section fb_built=&#8221;1&#8243; _builder_version=&#8221;3.14&#8243; background_color=&#8221;#d31827&#8243; custom_padding=&#8221;0|0px|0|0px|false|false&#8221;][et_pb_row custom_padding=&#8221;50px|0px|50px|0px|false|false&#8221; _builder_version=&#8221;3.14&#8243;][et_pb_column type=&#8221;4_4&#8243; _builder_version=&#8221;3.0.47&#8243; parallax=&#8221;off&#8221; parallax_method=&#8221;on&#8221;][et_pb_text _builder_version=&#8221;3.17.6&#8243; text_font=&#8221;||||||||&#8221; header_font=&#8221;Georgia|700|||||||&#8221; background_layout=&#8221;dark&#8221;]<\/p>\n<h1><strong>Adri\u00e1n Hinojosa <\/strong><\/h1>\n<p>[\/et_pb_text][\/et_pb_column][\/et_pb_row][\/et_pb_section][et_pb_section fb_built=&#8221;1&#8243; _builder_version=&#8221;3.17.6&#8243; custom_padding=&#8221;50px|0px|51.1875px|0px|false|false&#8221;][et_pb_row custom_padding=&#8221;0|0px|25.5938px|0px|false|false&#8221; _builder_version=&#8221;3.17.6&#8243;][et_pb_column type=&#8221;1_4&#8243; _builder_version=&#8221;3.0.47&#8243; parallax=&#8221;off&#8221; parallax_method=&#8221;on&#8221;][et_pb_image src=&#8221;https:\/\/etfsantpau.com\/wp-content\/uploads\/2019\/03\/Docentes_v2_0016_Adri\u00e1n-Hinojosa-1.jpg&#8221; _builder_version=&#8221;3.17.6&#8243;][\/et_pb_image][\/et_pb_column][et_pb_column type=&#8221;3_4&#8243; _builder_version=&#8221;3.0.47&#8243; parallax=&#8221;off&#8221; parallax_method=&#8221;on&#8221;][et_pb_text _builder_version=&#8221;3.17.6&#8243;]<\/p>\n<p><span>Doctor en Psicologia (en orientaci\u00f3 Sist\u00e8mica) per la Universitat de Flores, Buenos Aires, Argentina. Magister a Ter\u00e0pia Familiar per la Universitat Ramon Llull i l&#8217;Escola Sant Pau. Especialista en Model Sist\u00e8mic per l&#8217;Escola Sist\u00e8mica Argentina, i Llic. en Psicologia, \u00c9s docent universitari fa 8 anys a la Universitat Santiago de l&#8217;Estero, Jujuy, Argentina.<\/span><\/p>\n<p><span>A l&#8217;escola col\u2022labora en temes com Trastorns Psic\u00f2tics i T\u00e8cniques Actives a Ter\u00e0pia Familiar. <\/span><\/p>\n<p><span>\u00c9s un jove terapeuta que explora sobre escenaris aliens a la psicoter\u00e0pia, diferents m\u00e8todes i t\u00e8cniques \u00fatils per importar els processos terap\u00e8utics, per exemple recursos teatrals clown.<\/span><\/p>\n<ul>\n<li><span>Hinojosa, A. (2015). Decir te quiero \u00bfUn viaje de vuelta del amor? La reivindicaci\u00f3n de un verbo subestimado. Mosaico. Revista de la Federaci\u00f3n Espa\u00f1ola de Asociaciones de Terapia Familiar, n\u00ba 61 (100-106)<\/span><\/li>\n<li><span>Hinojosa, A. (2016). De la desesperaci\u00f3n a la creatividad, un poco de magia contra la tristeza. Boletin Relaes. Red Latina y Europea de Escuelas Sist\u00e9micas. http:\/\/redrelates-boletin.org\/de-la-desesperacion-a-la-creatividad-un-poco-de-magia-contra-la-tristeza\/<\/span><\/li>\n<li><span>Hinojosa, A. J., Vallejo, P. J., Lema, M., Sajama, N. I., P\u00e1rraga, C., &amp; Barcat, A. (2016). Los Inconscientes: una revisi\u00f3n bibliogr\u00e1fica y comparativa de diferentes miradas sobre el concepto. Interacciones: Revista de Avances en Psicolog\u00eda, 2(2), 135-145.<\/span><\/li>\n<li><span>Hinojosa, A. (2016) Un sistema olvidado: Lo fraterno. Revista Uyan, Colegio de Psic\u00f3logos de Jujuy.<\/span><\/li>\n<li><span>Hinojosa, A. J., &amp; Linares, J. L. (2017). Los caminos de la Psicosis. Revista REDES, (36).<\/span><\/li>\n<\/ul>\n<p>[\/et_pb_text][\/et_pb_column][\/et_pb_row][\/et_pb_section][et_pb_section fb_built=&#8221;1&#8243; _builder_version=&#8221;3.17.2&#8243; custom_padding=&#8221;0|0px|30px|0px|false|false&#8221; global_module=&#8221;287&#8243; saved_tabs=&#8221;all&#8221;][\/et_pb_section]<\/p>\n","protected":false},"excerpt":{"rendered":"<p>Adri\u00e1n Hinojosa Doctor en Psicologia (en orientaci\u00f3 Sist\u00e8mica) per la Universitat de Flores, Buenos Aires, Argentina. Magister a Ter\u00e0pia Familiar per la Universitat Ramon Llull i l&#8217;Escola Sant Pau. Especialista en Model Sist\u00e8mic per l&#8217;Escola Sist\u00e8mica Argentina, i Llic. en Psicologia, \u00c9s docent universitari fa 8 anys a la Universitat Santiago de l&#8217;Estero, Jujuy, Argentina. [&hellip;]<\/p>\n","protected":false},"author":2,"featured_media":0,"parent":0,"menu_order":0,"comment_status":"closed","ping_status":"closed","template":"","meta":{"_et_pb_use_builder":"on","_et_pb_old_content":"","_et_gb_content_width":"","footnotes":""},"class_list":["post-3345","page","type-page","status-publish","hentry"],"_links":{"self":[{"href":"https:\/\/etfsantpau.com\/ca\/wp-json\/wp\/v2\/pages\/3345","targetHints":{"allow":["GET"]}}],"collection":[{"href":"https:\/\/etfsantpau.com\/ca\/wp-json\/wp\/v2\/pages"}],"about":[{"href":"https:\/\/etfsantpau.com\/ca\/wp-json\/wp\/v2\/types\/page"}],"author":[{"embeddable":true,"href":"https:\/\/etfsantpau.com\/ca\/wp-json\/wp\/v2\/users\/2"}],"replies":[{"embeddable":true,"href":"https:\/\/etfsantpau.com\/ca\/wp-json\/wp\/v2\/comments?post=3345"}],"version-history":[{"count":2,"href":"https:\/\/etfsantpau.com\/ca\/wp-json\/wp\/v2\/pages\/3345\/revisions"}],"predecessor-version":[{"id":3347,"href":"https:\/\/etfsantpau.com\/ca\/wp-json\/wp\/v2\/pages\/3345\/revisions\/3347"}],"wp:attachment":[{"href":"https:\/\/etfsantpau.com\/ca\/wp-json\/wp\/v2\/media?parent=3345"}],"curies":[{"name":"wp","href":"https:\/\/api.w.org\/{rel}","templated":true}]}}