{"id":3339,"date":"2018-11-17T20:22:09","date_gmt":"2018-11-17T20:22:09","guid":{"rendered":"https:\/\/etfsantpau.com\/paola-lapadjian\/"},"modified":"2022-04-27T10:55:47","modified_gmt":"2022-04-27T10:55:47","slug":"paola-lapadjian","status":"publish","type":"page","link":"https:\/\/etfsantpau.com\/ca\/paola-lapadjian\/","title":{"rendered":"Paola Lapadjian"},"content":{"rendered":"<p>[et_pb_section fb_built=&#8221;1&#8243; _builder_version=&#8221;3.22&#8243; background_color=&#8221;#d31827&#8243; custom_padding=&#8221;0|0px|0|0px|false|false&#8221; global_colors_info=&#8221;{}&#8221;][et_pb_row _builder_version=&#8221;3.25&#8243; custom_padding=&#8221;50px|0px|50px|0px|false|false&#8221; global_colors_info=&#8221;{}&#8221;][et_pb_column type=&#8221;4_4&#8243; _builder_version=&#8221;3.25&#8243; custom_padding=&#8221;|||&#8221; global_colors_info=&#8221;{}&#8221; custom_padding__hover=&#8221;|||&#8221;][et_pb_text _builder_version=&#8221;3.27.4&#8243; text_font=&#8221;||||||||&#8221; header_font=&#8221;Georgia|700|||||||&#8221; background_layout=&#8221;dark&#8221; global_colors_info=&#8221;{}&#8221;]<\/p>\n<h1><strong>Paola Lapadjian <\/strong><\/h1>\n<p>[\/et_pb_text][\/et_pb_column][\/et_pb_row][\/et_pb_section][et_pb_section fb_built=&#8221;1&#8243; _builder_version=&#8221;3.22&#8243; custom_padding=&#8221;50px|0px|51.1875px|0px|false|false&#8221; global_colors_info=&#8221;{}&#8221;][et_pb_row _builder_version=&#8221;3.25&#8243; custom_padding=&#8221;0|0px|25.5938px|0px|false|false&#8221; global_colors_info=&#8221;{}&#8221; column_structure=&#8221;1_4,3_4&#8243;][et_pb_column type=&#8221;1_4&#8243; _builder_version=&#8221;3.25&#8243; custom_padding=&#8221;|||&#8221; global_colors_info=&#8221;{}&#8221; custom_padding__hover=&#8221;|||&#8221;][et_pb_image src=&#8221;https:\/\/etfsantpau.com\/wp-content\/uploads\/2022\/02\/Paola-L.png&#8221; align_tablet=&#8221;center&#8221; align_last_edited=&#8221;on|desktop&#8221; _builder_version=&#8221;4.10.7&#8243; hover_enabled=&#8221;0&#8243; global_colors_info=&#8221;{}&#8221; title_text=&#8221;Paola L&#8221; sticky_enabled=&#8221;0&#8243;][\/et_pb_image][\/et_pb_column][et_pb_column type=&#8221;3_4&#8243; _builder_version=&#8221;3.25&#8243; custom_padding=&#8221;|||&#8221; global_colors_info=&#8221;{}&#8221; custom_padding__hover=&#8221;|||&#8221;][et_pb_text _builder_version=&#8221;3.27.4&#8243; global_colors_info=&#8221;{}&#8221;]<\/p>\n<p><span>Paola Lapadjian \u00e9s psic\u00f2loga (UBA-UB) i terapeuta familiar (UAB). Treballa al servei de pediatria de l&#8217;Hospital Parc Taul\u00ed de Sabadell com a responsable del projecte \u201cSuport Psicol\u00f2gic a nens amb malaltia cr\u00f2nica i la seva fam\u00edlia\u201d a diverses \u00e0rees de pediatria: ingressos, UCIP, consultes externes i hospital de dia pedi\u00e0tric. Tamb\u00e9 col\u2022labora amb el servei de Neonatologia i l&#8217;equip del CDIAP amb un abordatge sist\u00e8mic relacional. Des de fa 4 anys implementa al mateix servei, el projecte Redes, del qual \u00e9s coautora. Aquest projecte inclou abordatge grupal amb fam\u00edlies amb fills amb malalties cr\u00f2niques. Tamb\u00e9 \u00e9s supervisora de l&#8217;equip de professionals del CDIAP del mateix hospital.<\/span><\/p>\n<p><span>L&#8217;experi\u00e8ncia a la feina docent ha estat desenvolupada majorit\u00e0riament en el context de l&#8217;Escola de Ter\u00e0pia Familiar de l&#8217;Hospital de Sant Pau. Tamb\u00e9 dicta cursos, tallers i participa de projectes puntuals de doc\u00e8ncia i de coordinaci\u00f3 d&#8217;alumnes en pr\u00e0ctica o formaci\u00f3 (UAB, Progress, M\u00e0ster TF on-line).<\/span><\/p>\n<p><span>Lapadjian, P., Gonzales Vaca, M., D. &amp; Rivera Lujan, J. (2018) UMPAC: Unitat Multidisciplin\u00e0ria Pediatrica d&#8217;Atenci\u00f3 al Cr\u00f2nic. Mosaico. Revista de la Federaci\u00f3 Espanyola d&#8217;Associacions de Ter\u00e0pia Familiar, n\u00fam. 70. <\/span><\/p>\n<p>[\/et_pb_text][\/et_pb_column][\/et_pb_row][\/et_pb_section][et_pb_section fb_built=&#8221;1&#8243; _builder_version=&#8221;3.17.2&#8243; custom_padding=&#8221;0|0px|30px|0px|false|false&#8221; global_module=&#8221;287&#8243; saved_tabs=&#8221;all&#8221; global_colors_info=&#8221;{}&#8221;][\/et_pb_section]<\/p>\n","protected":false},"excerpt":{"rendered":"<p>Paola Lapadjian Paola Lapadjian \u00e9s psic\u00f2loga (UBA-UB) i terapeuta familiar (UAB). Treballa al servei de pediatria de l&#8217;Hospital Parc Taul\u00ed de Sabadell com a responsable del projecte \u201cSuport Psicol\u00f2gic a nens amb malaltia cr\u00f2nica i la seva fam\u00edlia\u201d a diverses \u00e0rees de pediatria: ingressos, UCIP, consultes externes i hospital de dia pedi\u00e0tric. Tamb\u00e9 col\u2022labora amb [&hellip;]<\/p>\n","protected":false},"author":2,"featured_media":0,"parent":0,"menu_order":0,"comment_status":"closed","ping_status":"closed","template":"","meta":{"_et_pb_use_builder":"on","_et_pb_old_content":"","_et_gb_content_width":"","footnotes":""},"class_list":["post-3339","page","type-page","status-publish","hentry"],"_links":{"self":[{"href":"https:\/\/etfsantpau.com\/ca\/wp-json\/wp\/v2\/pages\/3339","targetHints":{"allow":["GET"]}}],"collection":[{"href":"https:\/\/etfsantpau.com\/ca\/wp-json\/wp\/v2\/pages"}],"about":[{"href":"https:\/\/etfsantpau.com\/ca\/wp-json\/wp\/v2\/types\/page"}],"author":[{"embeddable":true,"href":"https:\/\/etfsantpau.com\/ca\/wp-json\/wp\/v2\/users\/2"}],"replies":[{"embeddable":true,"href":"https:\/\/etfsantpau.com\/ca\/wp-json\/wp\/v2\/comments?post=3339"}],"version-history":[{"count":5,"href":"https:\/\/etfsantpau.com\/ca\/wp-json\/wp\/v2\/pages\/3339\/revisions"}],"predecessor-version":[{"id":3344,"href":"https:\/\/etfsantpau.com\/ca\/wp-json\/wp\/v2\/pages\/3339\/revisions\/3344"}],"wp:attachment":[{"href":"https:\/\/etfsantpau.com\/ca\/wp-json\/wp\/v2\/media?parent=3339"}],"curies":[{"name":"wp","href":"https:\/\/api.w.org\/{rel}","templated":true}]}}