{"id":3333,"date":"2018-11-17T20:29:32","date_gmt":"2018-11-17T20:29:32","guid":{"rendered":"https:\/\/etfsantpau.com\/ana-gil\/"},"modified":"2022-04-27T10:31:27","modified_gmt":"2022-04-27T10:31:27","slug":"ana-gil","status":"publish","type":"page","link":"https:\/\/etfsantpau.com\/ca\/ana-gil\/","title":{"rendered":"Ana Gil"},"content":{"rendered":"<p>[et_pb_section fb_built=&#8221;1&#8243; _builder_version=&#8221;3.14&#8243; background_color=&#8221;#d31827&#8243; custom_padding=&#8221;0|0px|0|0px|false|false&#8221;][et_pb_row custom_padding=&#8221;50px|0px|50px|0px|false|false&#8221; _builder_version=&#8221;3.14&#8243;][et_pb_column type=&#8221;4_4&#8243; _builder_version=&#8221;3.0.47&#8243; parallax=&#8221;off&#8221; parallax_method=&#8221;on&#8221;][et_pb_text _builder_version=&#8221;3.17.6&#8243; text_font=&#8221;||||||||&#8221; header_font=&#8221;Georgia|700|||||||&#8221; background_layout=&#8221;dark&#8221;]<\/p>\n<h1><strong>Ana Gil<\/strong><\/h1>\n<p>[\/et_pb_text][\/et_pb_column][\/et_pb_row][\/et_pb_section][et_pb_section fb_built=&#8221;1&#8243; _builder_version=&#8221;3.17.6&#8243; custom_padding=&#8221;50px|0px|51.1875px|0px|false|false&#8221;][et_pb_row custom_padding=&#8221;0|0px|25.5938px|0px|false|false&#8221; _builder_version=&#8221;3.17.6&#8243;][et_pb_column type=&#8221;1_4&#8243; _builder_version=&#8221;3.0.47&#8243; parallax=&#8221;off&#8221; parallax_method=&#8221;on&#8221;][et_pb_image src=&#8221;https:\/\/etfsantpau.com\/wp-content\/uploads\/2019\/03\/Docentes_v2_0014_Ana-Gil-1.jpg&#8221; _builder_version=&#8221;3.17.6&#8243;][\/et_pb_image][\/et_pb_column][et_pb_column type=&#8221;3_4&#8243; _builder_version=&#8221;3.0.47&#8243; parallax=&#8221;off&#8221; parallax_method=&#8221;on&#8221;][et_pb_text _builder_version=&#8221;3.17.6&#8243;]<\/p>\n<p>Llicenciada en Psicologia per la Universitat Complutense de Madrid. Especialista en Psicologia Cl\u00ednica. M\u00e0ster en Ter\u00e0pia Familiar. Psicoterapeuta Familiar i de Parella (acreditada per FEATF i FEAP).<\/p>\n<p>\u00c9s docent de l&#8217;Escola de Ter\u00e0pia Familiar Sant Pau des del 1991. Ha exercit com a docent i supervisora, i en els darrers anys ha assumit l&#8217;Espai Vivencial Experiencial en la formaci\u00f3 dels futurs terapeutes familiars.<\/p>\n<p>La seva activitat laboral durant 30 anys ha estat repartida en tres \u00e0mbits: el tractament de les addiccions, programes d&#8217;atenci\u00f3 a les conductes violentes i la doc\u00e8ncia universit\u00e0ria. Treballant a diversos centres d&#8217;atenci\u00f3 a les drogodepend\u00e8ncies de l&#8217;Ag\u00e8ncia de Salut P\u00fablica de l&#8217;Ajuntament de Barcelona.<\/p>\n<p>Tamb\u00e9 ha realitzat Supervisions externes en equips de Serveis Socials durant els darrers 10 anys.<\/p>\n<p>Exerceix com a Professora Associada a la Facultat de Psicologia Blanquerna (Universitat Ramon LLull) a les mat\u00e8ries d&#8217;Avaluaci\u00f3 i Diagn\u00f2stic, i Models d&#8217;Intervenci\u00f3 Psicoterap\u00e8utica.<\/p>\n<p>Presidenta de la Secci\u00f3 de Ter\u00e0pia de Parella i Fam\u00edlia de FEAP. 2013-18 (Federaci\u00f3 Espanyola d&#8217;Associacions de Psicoterapeutes). Vocal de la Junta Directiva de FEAP. Vocal de la SCTF (Societat Catalana de Ter\u00e0pia Familiar)<\/p>\n<p>&nbsp;<\/p>\n<ul>\n<li>Gil, A. i Linares, J. L. (2016). Viol\u00e8ncia de g\u00e8nere i drogodepend\u00e8ncies. Mosaico. Revista de la Federaci\u00f3 Espanyola d&#8217;Associacions de Ter\u00e0pia Familiar n\u00fam. 63 (41-52)<\/li>\n<li>Gil, A. (2017). Formaci\u00f3 de terapeutes familiars: guiant lobservaci\u00f3 des de la complexitat de la mirada sist\u00e8mica. Mosaico. Revista de la Federaci\u00f3 Espanyola d&#8217;Associacions de Ter\u00e0pia Familiar n\u00fam. 68 (84-99)<\/li>\n<li>Gil, A., Alegret, J. i Vega, S. (2017). Mirades i aspectes de la supervisi\u00f3 indirecta en grup, a serveis socials (I). Mosaico. \u201d. Revista de la Federaci\u00f3 Espanyola d&#8217;Associacions de Ter\u00e0pia Familiar n\u00fam. 68 (104-127)<\/li>\n<li><em>Gil, A., Alegret, J. i Vega, S. (2018). <\/em><em>Mirades i aspectes de la supervisi\u00f3 indirecta en grup, a serveis socials (II). Mosaico. Revista de la Federaci\u00f3 Espanyola d&#8217;Associacions de Ter\u00e0pia Familiar n\u00fam. 71<\/em><\/li>\n<\/ul>\n<p>[\/et_pb_text][\/et_pb_column][\/et_pb_row][\/et_pb_section][et_pb_section fb_built=&#8221;1&#8243; _builder_version=&#8221;3.17.2&#8243; custom_padding=&#8221;0|0px|30px|0px|false|false&#8221; global_module=&#8221;287&#8243; saved_tabs=&#8221;all&#8221;][et_pb_row custom_padding=&#8221;22px|0px|0|0px|false|false&#8221; _builder_version=&#8221;3.17.2&#8243;][et_pb_column type=&#8221;4_4&#8243; _builder_version=&#8221;3.0.47&#8243; parallax=&#8221;off&#8221; parallax_method=&#8221;on&#8221;][et_pb_divider color=&#8221;#000000&#8243; _builder_version=&#8221;3.17.6&#8243;][\/et_pb_divider][\/et_pb_column][\/et_pb_row][et_pb_row use_custom_gutter=&#8221;on&#8221; custom_padding=&#8221;0|0px|0|0|false|false&#8221; custom_margin=&#8221;||&#8221; make_equal=&#8221;on&#8221; _builder_version=&#8221;3.17.2&#8243;][et_pb_column type=&#8221;1_4&#8243; _builder_version=&#8221;3.0.47&#8243; parallax=&#8221;off&#8221; parallax_method=&#8221;on&#8221;][et_pb_image src=&#8221;https:\/\/etfsantpau.com\/wp-content\/uploads\/2018\/10\/EFTA-Logo.png&#8221; url=&#8221;http:\/\/www.europeanfamilytherapy.eu&#8221; url_new_window=&#8221;on&#8221; _builder_version=&#8221;3.17.2&#8243; max_width=&#8221;60%&#8221; module_alignment=&#8221;center&#8221;][\/et_pb_image][\/et_pb_column][et_pb_column type=&#8221;1_4&#8243; _builder_version=&#8221;3.0.47&#8243; parallax=&#8221;off&#8221; parallax_method=&#8221;on&#8221;][et_pb_image src=&#8221;https:\/\/etfsantpau.com\/wp-content\/uploads\/2018\/11\/logo-featf-apaisado.jpg&#8221; url=&#8221;https:\/\/www.featf.org\/%20&#8243; url_new_window=&#8221;on&#8221; _builder_version=&#8221;3.17.6&#8243; custom_margin=&#8221;10px||&#8221;][\/et_pb_image][\/et_pb_column][et_pb_column type=&#8221;1_4&#8243; _builder_version=&#8221;3.0.47&#8243; parallax=&#8221;off&#8221; parallax_method=&#8221;on&#8221;][et_pb_image src=&#8221;https:\/\/etfsantpau.com\/wp-content\/uploads\/2018\/11\/Relates-2019.png&#8221; url=&#8221;http:\/\/redrelates-boletin.org\/&#8221; url_new_window=&#8221;on&#8221; _builder_version=&#8221;3.17.6&#8243; border_width_all=&#8221;10px&#8221; border_color_all=&#8221;rgba(0,0,0,0)&#8221; max_width=&#8221;78%&#8221; module_alignment=&#8221;center&#8221;][\/et_pb_image][\/et_pb_column][et_pb_column type=&#8221;1_4&#8243; _builder_version=&#8221;3.0.47&#8243; parallax=&#8221;off&#8221; parallax_method=&#8221;on&#8221;][et_pb_image src=&#8221;https:\/\/etfsantpau.com\/wp-content\/uploads\/2018\/11\/logo_SCTF_horiz_p.png&#8221; url=&#8221;http:\/\/webs.academia.cat\/societats\/terapia\/index.php&#8221; url_new_window=&#8221;on&#8221; _builder_version=&#8221;3.17.6&#8243; custom_margin=&#8221;10px||&#8221;][\/et_pb_image][\/et_pb_column][\/et_pb_row][\/et_pb_section]<\/p>\n","protected":false},"excerpt":{"rendered":"<p>Ana Gil Llicenciada en Psicologia per la Universitat Complutense de Madrid. Especialista en Psicologia Cl\u00ednica. M\u00e0ster en Ter\u00e0pia Familiar. Psicoterapeuta Familiar i de Parella (acreditada per FEATF i FEAP). \u00c9s docent de l&#8217;Escola de Ter\u00e0pia Familiar Sant Pau des del 1991. Ha exercit com a docent i supervisora, i en els darrers anys ha assumit [&hellip;]<\/p>\n","protected":false},"author":2,"featured_media":0,"parent":0,"menu_order":0,"comment_status":"closed","ping_status":"closed","template":"","meta":{"_et_pb_use_builder":"on","_et_pb_old_content":"","_et_gb_content_width":"","footnotes":""},"class_list":["post-3333","page","type-page","status-publish","hentry"],"_links":{"self":[{"href":"https:\/\/etfsantpau.com\/ca\/wp-json\/wp\/v2\/pages\/3333","targetHints":{"allow":["GET"]}}],"collection":[{"href":"https:\/\/etfsantpau.com\/ca\/wp-json\/wp\/v2\/pages"}],"about":[{"href":"https:\/\/etfsantpau.com\/ca\/wp-json\/wp\/v2\/types\/page"}],"author":[{"embeddable":true,"href":"https:\/\/etfsantpau.com\/ca\/wp-json\/wp\/v2\/users\/2"}],"replies":[{"embeddable":true,"href":"https:\/\/etfsantpau.com\/ca\/wp-json\/wp\/v2\/comments?post=3333"}],"version-history":[{"count":2,"href":"https:\/\/etfsantpau.com\/ca\/wp-json\/wp\/v2\/pages\/3333\/revisions"}],"predecessor-version":[{"id":3335,"href":"https:\/\/etfsantpau.com\/ca\/wp-json\/wp\/v2\/pages\/3333\/revisions\/3335"}],"wp:attachment":[{"href":"https:\/\/etfsantpau.com\/ca\/wp-json\/wp\/v2\/media?parent=3333"}],"curies":[{"name":"wp","href":"https:\/\/api.w.org\/{rel}","templated":true}]}}