{"id":3330,"date":"2018-11-17T20:17:17","date_gmt":"2018-11-17T20:17:17","guid":{"rendered":"https:\/\/etfsantpau.com\/javier-ortega\/"},"modified":"2022-04-27T10:23:15","modified_gmt":"2022-04-27T10:23:15","slug":"javier-ortega","status":"publish","type":"page","link":"https:\/\/etfsantpau.com\/ca\/javier-ortega\/","title":{"rendered":"Javier Ortega"},"content":{"rendered":"<p>[et_pb_section fb_built=&#8221;1&#8243; _builder_version=&#8221;3.14&#8243; background_color=&#8221;#d31827&#8243; custom_padding=&#8221;0|0px|0|0px|false|false&#8221;][et_pb_row custom_padding=&#8221;50px|0px|50px|0px|false|false&#8221; _builder_version=&#8221;3.14&#8243;][et_pb_column type=&#8221;4_4&#8243; _builder_version=&#8221;3.0.47&#8243; parallax=&#8221;off&#8221; parallax_method=&#8221;on&#8221;][et_pb_text _builder_version=&#8221;3.17.6&#8243; text_font=&#8221;||||||||&#8221; header_font=&#8221;Georgia|700|||||||&#8221; background_layout=&#8221;dark&#8221;]<\/p>\n<h1>Javier Ortega<\/h1>\n<p>[\/et_pb_text][\/et_pb_column][\/et_pb_row][\/et_pb_section][et_pb_section fb_built=&#8221;1&#8243; _builder_version=&#8221;3.17.6&#8243; custom_padding=&#8221;50px|0px|51.1875px|0px|false|false&#8221;][et_pb_row custom_padding=&#8221;0|0px|0|0px|false|false&#8221; _builder_version=&#8221;3.17.6&#8243;][et_pb_column type=&#8221;1_4&#8243; _builder_version=&#8221;3.0.47&#8243; parallax=&#8221;off&#8221; parallax_method=&#8221;on&#8221;][et_pb_image src=&#8221;https:\/\/etfsantpau.com\/wp-content\/uploads\/2019\/03\/Docentes_v2_0005_Javier-Ortega-1.jpg&#8221; _builder_version=&#8221;3.17.6&#8243;][\/et_pb_image][\/et_pb_column][et_pb_column type=&#8221;3_4&#8243; _builder_version=&#8221;3.0.47&#8243; parallax=&#8221;off&#8221; parallax_method=&#8221;on&#8221;][et_pb_text _builder_version=&#8221;3.17.6&#8243;]<\/p>\n<p><span>(Barcelona 1960). Format a l&#8217;Escola de Ter\u00e0pia Familiar Sant Pau de Barcelona, Javier Ortega Allu\u00e9 \u00e9s psic\u00f2leg, psicoterapeuta i supervisor docent del m\u00e0ster de Ter\u00e0pia Familiar de la Universitat Ramon Llull. Durant m\u00e9s de trenta anys ha exercit com a professor i catedr\u00e0tic de filosofia a secund\u00e0ria. Dirigeix la revista MOSAIC de la FEATF i tamb\u00e9 ha estat President de la Societat Catalana de Ter\u00e0pia Familiar (SCTF). Actualment, presideix la secci\u00f3 de Fam\u00edlia i Parella de la FEAP. \u00c9s autor de nombrosos articles sobre ter\u00e0pia familiar i coautor de diversos llibres d&#8217;aquesta tem\u00e0tica.<\/span><\/p>\n<p><span> <\/span><\/p>\n<p><strong>Publicacions:<\/strong><\/p>\n<ul>\n<li><span>(2017) La trastienda de un terapeuta, a \u201cMosaico\u201d 67 (67), 41-50 2017<\/span><\/li>\n<li><span>(2017) (2017) Estrategias y t\u00e9cnicas para aumentar la intensidad terap\u00e9utica, (col. Lema, Ram\u00f3n) en REDES, revista de psicoterapia, 151-170<\/span><\/li>\n<li><span>(2015) Don Giovanni, 1003, en REDES, revista de psicoter\u00e0pia relacional i intervencions socials, 61-86 <\/span><\/li>\n<li><span>(2015) (2015) La especie prematura. Apostilla filos\u00f3fica en torno a las diferencias, a \u201cREDES\u201d, revista de psicoter\u00e0pia relacional i intervencions socials 26 <\/span><\/li>\n<li><span>(2014) Orfeo y Eur\u00eddice: el amor inquebrantable o el duelo perpetuo, en JL Linares, PG Semboloni<\/span><\/li>\n<li><span>La familia en la \u00f3pera. Met\u00e0fores l\u00edricas para problemas relacionales, 237 y ss. <\/span><\/li>\n<li><span>(2011) (2011) El adolescente sin atributos. La construcci\u00f3n de la identidad en un mundo complejo EN Adolescentes en el Siglo XXI: entre impotencia, resiliencia y poder, 23-50<\/span><\/li>\n<li><span>(2008) (2008) Terapia familiar. Aprendizaje y supervisi\u00f3n. (co.autor: JL Linares) Trillas, M\u00e9xico <\/span><\/li>\n<li><span>(1998) (1998) Vencidos que no han muerto: los exilios de Mar\u00eda Zambrano, en El exilio literario espa\u00f1ol de 1939: Actas del Primer Congreso Internacional sobre el exilio espa\u00f1ol.<\/span><\/li>\n<li><span>(1995) (1995) Her\u00e1clito, Parm\u00e9nides, Zen\u00f3n: Poemas y fragmentos. Introducci\u00f3n. Ed,Avesta. Barcelona<\/span><\/li>\n<li><span>(1995) (1995) Europa, la vida en el fracaso. Una lectura de Mar\u00eda Zambrano, en La filosof\u00eda ante la encrucijada de la nueva Europa, 281-288. Ed. Encuentros. Madrid<\/span><\/li>\n<\/ul>\n<p>[\/et_pb_text][\/et_pb_column][\/et_pb_row][\/et_pb_section][et_pb_section fb_built=&#8221;1&#8243; _builder_version=&#8221;3.17.2&#8243; custom_padding=&#8221;0|0px|30px|0px|false|false&#8221; global_module=&#8221;287&#8243; saved_tabs=&#8221;all&#8221;][et_pb_row custom_padding=&#8221;22px|0px|0|0px|false|false&#8221; _builder_version=&#8221;3.17.2&#8243;][et_pb_column type=&#8221;4_4&#8243; _builder_version=&#8221;3.0.47&#8243; parallax=&#8221;off&#8221; parallax_method=&#8221;on&#8221;][et_pb_divider color=&#8221;#000000&#8243; _builder_version=&#8221;3.17.6&#8243;][\/et_pb_divider][\/et_pb_column][\/et_pb_row][et_pb_row use_custom_gutter=&#8221;on&#8221; custom_padding=&#8221;0|0px|0|0|false|false&#8221; custom_margin=&#8221;||&#8221; make_equal=&#8221;on&#8221; _builder_version=&#8221;3.17.2&#8243;][et_pb_column type=&#8221;1_4&#8243; _builder_version=&#8221;3.0.47&#8243; parallax=&#8221;off&#8221; parallax_method=&#8221;on&#8221;][et_pb_image src=&#8221;https:\/\/etfsantpau.com\/wp-content\/uploads\/2018\/10\/EFTA-Logo.png&#8221; url=&#8221;http:\/\/www.europeanfamilytherapy.eu&#8221; url_new_window=&#8221;on&#8221; _builder_version=&#8221;3.17.2&#8243; max_width=&#8221;60%&#8221; module_alignment=&#8221;center&#8221;][\/et_pb_image][\/et_pb_column][et_pb_column type=&#8221;1_4&#8243; _builder_version=&#8221;3.0.47&#8243; parallax=&#8221;off&#8221; parallax_method=&#8221;on&#8221;][et_pb_image src=&#8221;https:\/\/etfsantpau.com\/wp-content\/uploads\/2018\/11\/logo-featf-apaisado.jpg&#8221; url=&#8221;https:\/\/www.featf.org\/%20&#8243; url_new_window=&#8221;on&#8221; _builder_version=&#8221;3.17.6&#8243; custom_margin=&#8221;10px||&#8221;][\/et_pb_image][\/et_pb_column][et_pb_column type=&#8221;1_4&#8243; _builder_version=&#8221;3.0.47&#8243; parallax=&#8221;off&#8221; parallax_method=&#8221;on&#8221;][et_pb_image src=&#8221;https:\/\/etfsantpau.com\/wp-content\/uploads\/2018\/11\/Relates-2019.png&#8221; url=&#8221;http:\/\/redrelates-boletin.org\/&#8221; url_new_window=&#8221;on&#8221; _builder_version=&#8221;3.17.6&#8243; border_width_all=&#8221;10px&#8221; border_color_all=&#8221;rgba(0,0,0,0)&#8221; max_width=&#8221;78%&#8221; module_alignment=&#8221;center&#8221;][\/et_pb_image][\/et_pb_column][et_pb_column type=&#8221;1_4&#8243; _builder_version=&#8221;3.0.47&#8243; parallax=&#8221;off&#8221; parallax_method=&#8221;on&#8221;][et_pb_image src=&#8221;https:\/\/etfsantpau.com\/wp-content\/uploads\/2018\/11\/logo_SCTF_horiz_p.png&#8221; url=&#8221;http:\/\/webs.academia.cat\/societats\/terapia\/index.php&#8221; url_new_window=&#8221;on&#8221; _builder_version=&#8221;3.17.6&#8243; custom_margin=&#8221;10px||&#8221;][\/et_pb_image][\/et_pb_column][\/et_pb_row][\/et_pb_section]<\/p>\n","protected":false},"excerpt":{"rendered":"<p>Javier Ortega (Barcelona 1960). Format a l&#8217;Escola de Ter\u00e0pia Familiar Sant Pau de Barcelona, Javier Ortega Allu\u00e9 \u00e9s psic\u00f2leg, psicoterapeuta i supervisor docent del m\u00e0ster de Ter\u00e0pia Familiar de la Universitat Ramon Llull. Durant m\u00e9s de trenta anys ha exercit com a professor i catedr\u00e0tic de filosofia a secund\u00e0ria. Dirigeix la revista MOSAIC de la [&hellip;]<\/p>\n","protected":false},"author":2,"featured_media":0,"parent":0,"menu_order":0,"comment_status":"closed","ping_status":"closed","template":"","meta":{"_et_pb_use_builder":"on","_et_pb_old_content":"","_et_gb_content_width":"","footnotes":""},"class_list":["post-3330","page","type-page","status-publish","hentry"],"_links":{"self":[{"href":"https:\/\/etfsantpau.com\/ca\/wp-json\/wp\/v2\/pages\/3330","targetHints":{"allow":["GET"]}}],"collection":[{"href":"https:\/\/etfsantpau.com\/ca\/wp-json\/wp\/v2\/pages"}],"about":[{"href":"https:\/\/etfsantpau.com\/ca\/wp-json\/wp\/v2\/types\/page"}],"author":[{"embeddable":true,"href":"https:\/\/etfsantpau.com\/ca\/wp-json\/wp\/v2\/users\/2"}],"replies":[{"embeddable":true,"href":"https:\/\/etfsantpau.com\/ca\/wp-json\/wp\/v2\/comments?post=3330"}],"version-history":[{"count":2,"href":"https:\/\/etfsantpau.com\/ca\/wp-json\/wp\/v2\/pages\/3330\/revisions"}],"predecessor-version":[{"id":3332,"href":"https:\/\/etfsantpau.com\/ca\/wp-json\/wp\/v2\/pages\/3330\/revisions\/3332"}],"wp:attachment":[{"href":"https:\/\/etfsantpau.com\/ca\/wp-json\/wp\/v2\/media?parent=3330"}],"curies":[{"name":"wp","href":"https:\/\/api.w.org\/{rel}","templated":true}]}}