{"id":3324,"date":"2018-11-17T20:10:18","date_gmt":"2018-11-17T20:10:18","guid":{"rendered":"https:\/\/etfsantpau.com\/ana-perez\/"},"modified":"2022-04-27T09:26:18","modified_gmt":"2022-04-27T09:26:18","slug":"ana-perez","status":"publish","type":"page","link":"https:\/\/etfsantpau.com\/ca\/ana-perez\/","title":{"rendered":"Ana Perez"},"content":{"rendered":"<p>[et_pb_section fb_built=&#8221;1&#8243; _builder_version=&#8221;3.14&#8243; background_color=&#8221;#d31827&#8243; custom_padding=&#8221;0|0px|0|0px|false|false&#8221;][et_pb_row custom_padding=&#8221;50px|0px|50px|0px|false|false&#8221; _builder_version=&#8221;3.14&#8243;][et_pb_column type=&#8221;4_4&#8243; _builder_version=&#8221;3.0.47&#8243; parallax=&#8221;off&#8221; parallax_method=&#8221;on&#8221;][et_pb_text _builder_version=&#8221;3.17.6&#8243; text_font=&#8221;||||||||&#8221; header_font=&#8221;Georgia|700|||||||&#8221; background_layout=&#8221;dark&#8221;]<\/p>\n<h1><strong>Ana Perez <\/strong><\/h1>\n<p>[\/et_pb_text][\/et_pb_column][\/et_pb_row][\/et_pb_section][et_pb_section fb_built=&#8221;1&#8243; _builder_version=&#8221;3.17.6&#8243; custom_padding=&#8221;50px|0px|51.1875px|0px|false|false&#8221;][et_pb_row custom_padding=&#8221;0|0px|25.5938px|0px|false|false&#8221; _builder_version=&#8221;3.17.6&#8243;][et_pb_column type=&#8221;1_4&#8243; _builder_version=&#8221;3.0.47&#8243; parallax=&#8221;off&#8221; parallax_method=&#8221;on&#8221;][et_pb_image src=&#8221;https:\/\/etfsantpau.com\/wp-content\/uploads\/2019\/03\/Docentes_v2_0013_Ana-Perez-1.jpg&#8221; _builder_version=&#8221;3.17.6&#8243;][\/et_pb_image][\/et_pb_column][et_pb_column type=&#8221;3_4&#8243; _builder_version=&#8221;3.0.47&#8243; parallax=&#8221;off&#8221; parallax_method=&#8221;on&#8221;][et_pb_text _builder_version=&#8221;3.17.6&#8243;]<\/p>\n<p><span>\u00c9s Psic\u00f2loga i exerceix la professi\u00f3 des del 1981. Va comen\u00e7ar amb la consulta privada de psicoter\u00e0pia l\u2019any 1982 (individual, familiar de parelles i grups) i segueix en l&#8217;actualitat. <\/span><\/p>\n<p><span>\u00c9s Terapeuta, Col\u2022laboradora i Docent de la Unitat de Ter\u00e0pia de Fam\u00edlia de l&#8217;Hospital de Sant Pau i la Santa Creu, des del 1992 fins a l&#8217;actualitat.<\/span><\/p>\n<p><span>Exerceix com a Psic\u00f2loga Cl\u00ednica Adjunta a la Unitat de Ter\u00e0pia Familiar de l&#8217;Hospital de Sant Pau i la Sta Creu. A m\u00e9s, ha realitzat m\u00faltiples intervencions en congressos nacionals i internacionals.<\/span><\/p>\n<p><span> <\/span><\/p>\n<p><strong>Titulacions:<\/strong><\/p>\n<ul>\n<li><span>Llicenciada en Psicologia per la U.A.B. (1981). <\/span><\/li>\n<li><span>Psic\u00f2loga Cl\u00ednica, n\u00famero de col\u2022legiada 2460 del COPC (Col\u2022legi Oficial de Psic\u00f2legs de Catalunya). <\/span><\/li>\n<li><span>Terapeuta grupal i directora de Psicodrama (1984). <\/span><\/li>\n<li><span>M\u00e0ster en Ter\u00e0pia Familiar U.A.B. Escola de Ter\u00e0pia Familiar d\u00b4Hospital de la Santa Creu i Sant Pau (1992). <\/span><\/li>\n<li><span>T\u00edtol oficial de Psic\u00f2loga especialista en Psicologia Cl\u00ednica (Ministeri d&#8217;Educaci\u00f3 i Ci\u00e8ncia, 2007). <\/span><span><\/span><\/li>\n<\/ul>\n<p><span><strong><\/strong><\/span><\/p>\n<p><span><strong>C\u00e0rrecs exercits:<\/strong> <\/span><\/p>\n<ul>\n<li><span>Presidenta de la SCTF (Societat Catalana de Ter\u00e0pia Familiar) del 2009 al 2014 i membre de la Junta des del 2000 (com a secret\u00e0ria i vicepresidenta). <\/span><\/li>\n<li><span>Supervisora Docent per la FEATF (Federaci\u00f3 Espanyola de Ter\u00e0pia Familiar) i la FEAP (Federaci\u00f3 Espanyola d&#8217;Associacions de Psicoterapeutes) (1995). <\/span><\/li>\n<li><span>Des del 1993 \u00e9s Docent Supervisora de l&#8217;Escola de Ter\u00e0pia Familiar de la Unitat de Psicoter\u00e0pia de l&#8217;Hospital de Santa Creu i Sant Pau. <\/span><\/li>\n<li><span>Supervisora dels professionals de Serveis Socials d&#8217;Atenci\u00f3 Prim\u00e0ria de l&#8217;Ajuntament de Sabadell des de l&#8217;any 1997 fins al 2007.<\/span><\/li>\n<li><span>Supervisora dels equips professionals als Centres d&#8217;acollida i resid\u00e8ncia infantil: Palmeres, LLuria i el C.R.A.E. SANT ANDR\u00c9S (Serveis de Just\u00edcia Juvenil de Generalitat)<\/span><\/li>\n<li><span>Supervisora de l&#8217;equip S.A.N. (Servei d&#8217;Atenci\u00f3 a fam\u00edlies que han patit maltractament) (Ajuntament de Barcelona), des del 2012 fins al tancament, l\u2019any 2014.<\/span><\/li>\n<li><span>Supervisora de l&#8217;equip professional del S.A.H. (Servei d&#8217;Atenci\u00f3 d&#8217;homes que han provocat situacions de viol\u00e8ncia) de l&#8217;Ajuntament de Barcelona, del 2012 fins al 2017.<\/span><\/li>\n<li><span>Des del juny del 2011, \u00e9s Presidenta de la Comissi\u00f3 de Doc\u00e8ncia i Acreditaci\u00f3 de la FEATF (Federaci\u00f3 Espanyola de Ter\u00e0pia Familiar). <\/span><\/li>\n<li><span>Actual docent del darrer curs del M\u00e0ster de Ter\u00e0pia familiar de la Universitat Ramon LLull ( Blanquerna)<\/span><span><\/span><\/li>\n<\/ul>\n<p><span> <\/span><\/p>\n<p><strong>Publicacions:<\/strong><\/p>\n<ul>\n<li><span>\u00abUn estudio transcultural de familias de transacci\u00f3n psic\u00f3tica :India versus Espa\u00f1a\u201d.(1993)<\/span><\/li>\n<li><span>Col\u2022laboradora a \u201cPr\u00e1cticas alienadores familiares\u201d Linares, J.L. Gedisa 2.015. ISBN: 9788497849227.<\/span><\/li>\n<\/ul>\n<p>[\/et_pb_text][\/et_pb_column][\/et_pb_row][\/et_pb_section][et_pb_section fb_built=&#8221;1&#8243; _builder_version=&#8221;3.17.2&#8243; custom_padding=&#8221;0|0px|30px|0px|false|false&#8221; global_module=&#8221;287&#8243; saved_tabs=&#8221;all&#8221;][et_pb_row custom_padding=&#8221;22px|0px|0|0px|false|false&#8221; _builder_version=&#8221;3.17.2&#8243;][et_pb_column type=&#8221;4_4&#8243; _builder_version=&#8221;3.0.47&#8243; parallax=&#8221;off&#8221; parallax_method=&#8221;on&#8221;][et_pb_divider color=&#8221;#000000&#8243; _builder_version=&#8221;3.17.6&#8243;][\/et_pb_divider][\/et_pb_column][\/et_pb_row][et_pb_row use_custom_gutter=&#8221;on&#8221; custom_padding=&#8221;0|0px|0|0|false|false&#8221; custom_margin=&#8221;||&#8221; make_equal=&#8221;on&#8221; _builder_version=&#8221;3.17.2&#8243;][et_pb_column type=&#8221;1_4&#8243; _builder_version=&#8221;3.0.47&#8243; parallax=&#8221;off&#8221; parallax_method=&#8221;on&#8221;][et_pb_image src=&#8221;https:\/\/etfsantpau.com\/wp-content\/uploads\/2018\/10\/EFTA-Logo.png&#8221; url=&#8221;http:\/\/www.europeanfamilytherapy.eu&#8221; url_new_window=&#8221;on&#8221; _builder_version=&#8221;3.17.2&#8243; max_width=&#8221;60%&#8221; module_alignment=&#8221;center&#8221;][\/et_pb_image][\/et_pb_column][et_pb_column type=&#8221;1_4&#8243; _builder_version=&#8221;3.0.47&#8243; parallax=&#8221;off&#8221; parallax_method=&#8221;on&#8221;][et_pb_image src=&#8221;https:\/\/etfsantpau.com\/wp-content\/uploads\/2018\/11\/logo-featf-apaisado.jpg&#8221; url=&#8221;https:\/\/www.featf.org\/%20&#8243; url_new_window=&#8221;on&#8221; _builder_version=&#8221;3.17.6&#8243; custom_margin=&#8221;10px||&#8221;][\/et_pb_image][\/et_pb_column][et_pb_column type=&#8221;1_4&#8243; _builder_version=&#8221;3.0.47&#8243; parallax=&#8221;off&#8221; parallax_method=&#8221;on&#8221;][et_pb_image src=&#8221;https:\/\/etfsantpau.com\/wp-content\/uploads\/2018\/11\/Relates-2019.png&#8221; url=&#8221;http:\/\/redrelates-boletin.org\/&#8221; url_new_window=&#8221;on&#8221; _builder_version=&#8221;3.17.6&#8243; border_width_all=&#8221;10px&#8221; border_color_all=&#8221;rgba(0,0,0,0)&#8221; max_width=&#8221;78%&#8221; module_alignment=&#8221;center&#8221;][\/et_pb_image][\/et_pb_column][et_pb_column type=&#8221;1_4&#8243; _builder_version=&#8221;3.0.47&#8243; parallax=&#8221;off&#8221; parallax_method=&#8221;on&#8221;][et_pb_image src=&#8221;https:\/\/etfsantpau.com\/wp-content\/uploads\/2018\/11\/logo_SCTF_horiz_p.png&#8221; url=&#8221;http:\/\/webs.academia.cat\/societats\/terapia\/index.php&#8221; url_new_window=&#8221;on&#8221; _builder_version=&#8221;3.17.6&#8243; custom_margin=&#8221;10px||&#8221;][\/et_pb_image][\/et_pb_column][\/et_pb_row][\/et_pb_section]<\/p>\n","protected":false},"excerpt":{"rendered":"<p>Ana Perez \u00c9s Psic\u00f2loga i exerceix la professi\u00f3 des del 1981. Va comen\u00e7ar amb la consulta privada de psicoter\u00e0pia l\u2019any 1982 (individual, familiar de parelles i grups) i segueix en l&#8217;actualitat. \u00c9s Terapeuta, Col\u2022laboradora i Docent de la Unitat de Ter\u00e0pia de Fam\u00edlia de l&#8217;Hospital de Sant Pau i la Santa Creu, des del 1992 [&hellip;]<\/p>\n","protected":false},"author":2,"featured_media":0,"parent":0,"menu_order":0,"comment_status":"closed","ping_status":"closed","template":"","meta":{"_et_pb_use_builder":"on","_et_pb_old_content":"","_et_gb_content_width":"","footnotes":""},"class_list":["post-3324","page","type-page","status-publish","hentry"],"_links":{"self":[{"href":"https:\/\/etfsantpau.com\/ca\/wp-json\/wp\/v2\/pages\/3324","targetHints":{"allow":["GET"]}}],"collection":[{"href":"https:\/\/etfsantpau.com\/ca\/wp-json\/wp\/v2\/pages"}],"about":[{"href":"https:\/\/etfsantpau.com\/ca\/wp-json\/wp\/v2\/types\/page"}],"author":[{"embeddable":true,"href":"https:\/\/etfsantpau.com\/ca\/wp-json\/wp\/v2\/users\/2"}],"replies":[{"embeddable":true,"href":"https:\/\/etfsantpau.com\/ca\/wp-json\/wp\/v2\/comments?post=3324"}],"version-history":[{"count":2,"href":"https:\/\/etfsantpau.com\/ca\/wp-json\/wp\/v2\/pages\/3324\/revisions"}],"predecessor-version":[{"id":3326,"href":"https:\/\/etfsantpau.com\/ca\/wp-json\/wp\/v2\/pages\/3324\/revisions\/3326"}],"wp:attachment":[{"href":"https:\/\/etfsantpau.com\/ca\/wp-json\/wp\/v2\/media?parent=3324"}],"curies":[{"name":"wp","href":"https:\/\/api.w.org\/{rel}","templated":true}]}}