{"id":3321,"date":"2018-11-17T20:07:38","date_gmt":"2018-11-17T20:07:38","guid":{"rendered":"https:\/\/etfsantpau.com\/teresa-moratalla\/"},"modified":"2022-04-27T08:58:41","modified_gmt":"2022-04-27T08:58:41","slug":"teresa-moratalla","status":"publish","type":"page","link":"https:\/\/etfsantpau.com\/ca\/teresa-moratalla\/","title":{"rendered":"Teresa Moratalla"},"content":{"rendered":"<p>[et_pb_section fb_built=&#8221;1&#8243; _builder_version=&#8221;3.14&#8243; background_color=&#8221;#d31827&#8243; custom_padding=&#8221;0|0px|0|0px|false|false&#8221;][et_pb_row custom_padding=&#8221;50px|0px|50px|0px|false|false&#8221; _builder_version=&#8221;3.14&#8243;][et_pb_column type=&#8221;4_4&#8243; _builder_version=&#8221;3.0.47&#8243; parallax=&#8221;off&#8221; parallax_method=&#8221;on&#8221;][et_pb_text _builder_version=&#8221;3.17.6&#8243; text_font=&#8221;||||||||&#8221; header_font=&#8221;Georgia|700|||||||&#8221; background_layout=&#8221;dark&#8221;]<\/p>\n<h1><strong>Teresa Moratalla <\/strong><\/h1>\n<p>[\/et_pb_text][\/et_pb_column][\/et_pb_row][\/et_pb_section][et_pb_section fb_built=&#8221;1&#8243; _builder_version=&#8221;3.17.6&#8243; custom_padding=&#8221;50px|0px|51.1875px|0px|false|false&#8221;][et_pb_row custom_padding=&#8221;0|0px|25.5938px|0px|false|false&#8221; _builder_version=&#8221;3.17.6&#8243;][et_pb_column type=&#8221;1_4&#8243; _builder_version=&#8221;3.0.47&#8243; parallax=&#8221;off&#8221; parallax_method=&#8221;on&#8221;][et_pb_image src=&#8221;https:\/\/etfsantpau.com\/wp-content\/uploads\/2019\/03\/Docentes_v2_0015_Teresa-Moratalla-1.jpg&#8221; _builder_version=&#8221;3.17.6&#8243;]<br \/>\n[\/et_pb_image][\/et_pb_column][et_pb_column type=&#8221;3_4&#8243; _builder_version=&#8221;3.0.47&#8243; parallax=&#8221;off&#8221; parallax_method=&#8221;on&#8221;][et_pb_text _builder_version=&#8221;3.17.6&#8243;]<\/p>\n<p>\u00c9s Psic\u00f2loga (UB) i Bi\u00f2loga (UB), especialista en Psicologia Cl\u00ednica i M\u00e0ster en Ter\u00e0pia Familiar (UAB). Acreditada com a Supervisora Docent i com a Psicoterapeuta.<\/p>\n<p>Ha desenvolupat la seva activitat professional a l&#8217;\u00e0mbit de l&#8217;assist\u00e8ncia com a Psic\u00f2loga i com a Directora d&#8217;un dels Centres de Tractament del programa de Drogaddicci\u00f3 de l&#8217;Ajuntament de Barcelona. Actualment, \u00e9s adjunta del Servei de Psiquiatria de l&#8217;Hospital de Sant Pau de Barcelona, a la Unitat de Ter\u00e0pia Familiar. Tamb\u00e9 t\u00e9 una \u00e0mplia traject\u00f2ria en l&#8217;exercici de la pr\u00e0ctica privada com a terapeuta familiar i de parella.<\/p>\n<p>Tamb\u00e9 t\u00e9 una \u00e0mplia traject\u00f2ria en l&#8217;exercici de la pr\u00e0ctica privada com a terapeuta familiar i de parella. Ha estat supervisora de diferents Centres de Salut Mental de la xarxa p\u00fablica i de Centres de Serveis socials, a trav\u00e9s de la Diputaci\u00f3 de Barcelona, de l&#8217;Ajuntament de Barcelona i de la Generalitat de Catalunya.<\/p>\n<p>A l&#8217;\u00e0mbit de la doc\u00e8ncia, \u00e9s docent del M\u00e0ster de Ter\u00e0pia Familiar (URL) a l&#8217;Escola de Ter\u00e0pia Familiar de l&#8217;Hospital de Sant Pau de Barcelona i del M\u00e0ster de Psicologia Cl\u00ednica (UNED).<\/p>\n<p>Col\u2022labora i ha col\u2022laborat \u00e0mpliament amb diferents Institucions p\u00fabliques i privades, impartint doc\u00e8ncia a cursos i seminaris. Ha sido presidenta de la Societat Catalana de Terapia Familiar (SCTF) y de la Federaci\u00f3n Espa\u00f1ola de Asociaciones de Terapia Familiar (FEATF). Ha estat membre de la Junta directiva de la Federaci\u00f3 de Psicoterapeutes (FEAP). Actualment, \u00e9s membre de la Junta directiva de l&#8217;European Family Therapy Association, de la Junta de Govern, amb el c\u00e0rrec de secret\u00e0ria, del Col\u2022legi Oficial de Psic\u00f2legs de Catalunya (COPC) i tamb\u00e9 membre de la secci\u00f3 de Psicoter\u00e0pia del Consell Oficial de la Psicologia (COP).<\/p>\n<p><span><\/span><\/p>\n<p><strong>Publicacions<\/strong><\/p>\n<ul>\n<li><span>\u201cPsicolog\u00eda de la Familia\u201d (autora)<\/span><\/li>\n<li><span>\u201cPracticas Alienadoras Familiares: el s\u00edndrome de alienaci\u00f3n parental reformulado\u201d<\/span><\/li>\n<li><span>\u201cOrientaci\u00f3n psicopedag\u00f3gica a las familias: Colaborar para educar\u201d, \u201cAdolescentes en el siglo XXI: Entre impotencia, resiliencia y poder\u201d<\/span><\/li>\n<li><span>\u201cLa salud de nuestros hijos: Tengo miedo\u201d. <\/span><\/li>\n<\/ul>\n<p><span>Tamb\u00e9 \u00e9s autora de nombrosos articles i pon\u00e8ncies i ha participat en diferents investigacions.<\/span><\/p>\n<p>[\/et_pb_text][\/et_pb_column][\/et_pb_row][\/et_pb_section][et_pb_section fb_built=&#8221;1&#8243; _builder_version=&#8221;3.17.2&#8243; custom_padding=&#8221;0|0px|30px|0px|false|false&#8221; global_module=&#8221;287&#8243; saved_tabs=&#8221;all&#8221;][et_pb_row custom_padding=&#8221;22px|0px|0|0px|false|false&#8221; _builder_version=&#8221;3.17.2&#8243;][et_pb_column type=&#8221;4_4&#8243; _builder_version=&#8221;3.0.47&#8243; parallax=&#8221;off&#8221; parallax_method=&#8221;on&#8221;][et_pb_divider color=&#8221;#000000&#8243; _builder_version=&#8221;3.17.6&#8243;][\/et_pb_divider][\/et_pb_column][\/et_pb_row][et_pb_row use_custom_gutter=&#8221;on&#8221; custom_padding=&#8221;0|0px|0|0|false|false&#8221; custom_margin=&#8221;||&#8221; make_equal=&#8221;on&#8221; _builder_version=&#8221;3.17.2&#8243;][et_pb_column type=&#8221;1_4&#8243; _builder_version=&#8221;3.0.47&#8243; parallax=&#8221;off&#8221; parallax_method=&#8221;on&#8221;][et_pb_image src=&#8221;https:\/\/etfsantpau.com\/wp-content\/uploads\/2018\/10\/EFTA-Logo.png&#8221; url=&#8221;http:\/\/www.europeanfamilytherapy.eu&#8221; url_new_window=&#8221;on&#8221; _builder_version=&#8221;3.17.2&#8243; max_width=&#8221;60%&#8221; module_alignment=&#8221;center&#8221;][\/et_pb_image][\/et_pb_column][et_pb_column type=&#8221;1_4&#8243; _builder_version=&#8221;3.0.47&#8243; parallax=&#8221;off&#8221; parallax_method=&#8221;on&#8221;][et_pb_image src=&#8221;https:\/\/etfsantpau.com\/wp-content\/uploads\/2018\/11\/logo-featf-apaisado.jpg&#8221; url=&#8221;https:\/\/www.featf.org\/%20&#8243; url_new_window=&#8221;on&#8221; _builder_version=&#8221;3.17.6&#8243; custom_margin=&#8221;10px||&#8221;][\/et_pb_image][\/et_pb_column][et_pb_column type=&#8221;1_4&#8243; _builder_version=&#8221;3.0.47&#8243; parallax=&#8221;off&#8221; parallax_method=&#8221;on&#8221;][et_pb_image src=&#8221;https:\/\/etfsantpau.com\/wp-content\/uploads\/2018\/11\/Relates-2019.png&#8221; url=&#8221;http:\/\/redrelates-boletin.org\/&#8221; url_new_window=&#8221;on&#8221; _builder_version=&#8221;3.17.6&#8243; border_width_all=&#8221;10px&#8221; border_color_all=&#8221;rgba(0,0,0,0)&#8221; max_width=&#8221;78%&#8221; module_alignment=&#8221;center&#8221;][\/et_pb_image][\/et_pb_column][et_pb_column type=&#8221;1_4&#8243; _builder_version=&#8221;3.0.47&#8243; parallax=&#8221;off&#8221; parallax_method=&#8221;on&#8221;][et_pb_image src=&#8221;https:\/\/etfsantpau.com\/wp-content\/uploads\/2018\/11\/logo_SCTF_horiz_p.png&#8221; url=&#8221;http:\/\/webs.academia.cat\/societats\/terapia\/index.php&#8221; url_new_window=&#8221;on&#8221; _builder_version=&#8221;3.17.6&#8243; custom_margin=&#8221;10px||&#8221;][\/et_pb_image][\/et_pb_column][\/et_pb_row][\/et_pb_section]<\/p>\n","protected":false},"excerpt":{"rendered":"<p>Teresa Moratalla \u00c9s Psic\u00f2loga (UB) i Bi\u00f2loga (UB), especialista en Psicologia Cl\u00ednica i M\u00e0ster en Ter\u00e0pia Familiar (UAB). Acreditada com a Supervisora Docent i com a Psicoterapeuta. Ha desenvolupat la seva activitat professional a l&#8217;\u00e0mbit de l&#8217;assist\u00e8ncia com a Psic\u00f2loga i com a Directora d&#8217;un dels Centres de Tractament del programa de Drogaddicci\u00f3 de l&#8217;Ajuntament [&hellip;]<\/p>\n","protected":false},"author":2,"featured_media":0,"parent":0,"menu_order":0,"comment_status":"closed","ping_status":"closed","template":"","meta":{"_et_pb_use_builder":"on","_et_pb_old_content":"","_et_gb_content_width":"","footnotes":""},"class_list":["post-3321","page","type-page","status-publish","hentry"],"_links":{"self":[{"href":"https:\/\/etfsantpau.com\/ca\/wp-json\/wp\/v2\/pages\/3321","targetHints":{"allow":["GET"]}}],"collection":[{"href":"https:\/\/etfsantpau.com\/ca\/wp-json\/wp\/v2\/pages"}],"about":[{"href":"https:\/\/etfsantpau.com\/ca\/wp-json\/wp\/v2\/types\/page"}],"author":[{"embeddable":true,"href":"https:\/\/etfsantpau.com\/ca\/wp-json\/wp\/v2\/users\/2"}],"replies":[{"embeddable":true,"href":"https:\/\/etfsantpau.com\/ca\/wp-json\/wp\/v2\/comments?post=3321"}],"version-history":[{"count":2,"href":"https:\/\/etfsantpau.com\/ca\/wp-json\/wp\/v2\/pages\/3321\/revisions"}],"predecessor-version":[{"id":3323,"href":"https:\/\/etfsantpau.com\/ca\/wp-json\/wp\/v2\/pages\/3321\/revisions\/3323"}],"wp:attachment":[{"href":"https:\/\/etfsantpau.com\/ca\/wp-json\/wp\/v2\/media?parent=3321"}],"curies":[{"name":"wp","href":"https:\/\/api.w.org\/{rel}","templated":true}]}}