{"id":3318,"date":"2018-11-17T20:19:37","date_gmt":"2018-11-17T20:19:37","guid":{"rendered":"https:\/\/etfsantpau.com\/isabel-cardenas\/"},"modified":"2022-04-27T08:53:46","modified_gmt":"2022-04-27T08:53:46","slug":"isabel-cardenas","status":"publish","type":"page","link":"https:\/\/etfsantpau.com\/ca\/isabel-cardenas\/","title":{"rendered":"Isabel Cardenas"},"content":{"rendered":"<p>[et_pb_section fb_built=&#8221;1&#8243; _builder_version=&#8221;3.14&#8243; background_color=&#8221;#d31827&#8243; custom_padding=&#8221;0|0px|0|0px|false|false&#8221;][et_pb_row custom_padding=&#8221;50px|0px|50px|0px|false|false&#8221; _builder_version=&#8221;3.14&#8243;][et_pb_column type=&#8221;4_4&#8243; _builder_version=&#8221;3.0.47&#8243; parallax=&#8221;off&#8221; parallax_method=&#8221;on&#8221;][et_pb_text _builder_version=&#8221;3.17.6&#8243; text_font=&#8221;||||||||&#8221; header_font=&#8221;Georgia|700|||||||&#8221; background_layout=&#8221;dark&#8221;]<\/p>\n<h1><strong>Isabel Cardenas <\/strong><\/h1>\n<p>[\/et_pb_text][\/et_pb_column][\/et_pb_row][\/et_pb_section][et_pb_section fb_built=&#8221;1&#8243; _builder_version=&#8221;3.17.6&#8243; custom_padding=&#8221;50px|0px|51.1875px|0px|false|false&#8221;][et_pb_row custom_padding=&#8221;0|0px|25.5938px|0px|false|false&#8221; _builder_version=&#8221;3.17.6&#8243;][et_pb_column type=&#8221;1_4&#8243; _builder_version=&#8221;3.0.47&#8243; parallax=&#8221;off&#8221; parallax_method=&#8221;on&#8221;][et_pb_image src=&#8221;https:\/\/etfsantpau.com\/wp-content\/uploads\/2019\/03\/Docentes_v2_0006_Isabel-Cardenas-1.jpg&#8221; _builder_version=&#8221;3.17.6&#8243;][\/et_pb_image][\/et_pb_column][et_pb_column type=&#8221;3_4&#8243; _builder_version=&#8221;3.0.47&#8243; parallax=&#8221;off&#8221; parallax_method=&#8221;on&#8221;][et_pb_text _builder_version=&#8221;3.17.6&#8243;]<\/p>\n<p><span>Isabel \u00e9s psic\u00f2loga i psicoterapeuta familiar.<\/span><\/p>\n<p><span>La seva experi\u00e8ncia abra\u00e7a els \u00e0mbits de viol\u00e8ncia de g\u00e8nere i interculturalitat. Actualment, compagina la doc\u00e8ncia supervisi\u00f3 al M\u00e0ster de Ter\u00e0pia Familiar de l&#8217;Hospital de la Santa Creu i Sant Pau, el Servei de Ter\u00e0pia Relacional Intercultural de l&#8217;Hospital de la Sta. Creu i Sant Pau, on exerceix com a responsable, les supervisions a equips professionals, i pr\u00e0ctica privada de psicoter\u00e0pia a l&#8217;Institut Sist\u00e8mic de Barcelona.<\/span><\/p>\n<p><span>M\u00e0ster en Ter\u00e0pia Familiar Sist\u00e8mica, M\u00e0ster en Mediaci\u00f3 Familiar, i postgraduada d&#8217;Intervencions Sist\u00e8miques en Contextos no Cl\u00ednics per l&#8217;Escola de Ter\u00e0pia Familiar de l&#8217;Hospital de la Sta. Creu i Sant Pau de la Universitat Aut\u00f2noma de Barcelona, aix\u00ed com M\u00e0ster oficial en Psicologia de la Cognici\u00f3 i de la Comunicaci\u00f3 de la Universitat Aut\u00f2noma de Barcelona i postgraduada en Salut Mental per a Immigrants al SAPPIR per la Universitat de Barcelona.<\/span><\/p>\n<p>[\/et_pb_text][\/et_pb_column][\/et_pb_row][\/et_pb_section][et_pb_section fb_built=&#8221;1&#8243; _builder_version=&#8221;3.17.2&#8243; custom_padding=&#8221;0|0px|30px|0px|false|false&#8221; global_module=&#8221;287&#8243; saved_tabs=&#8221;all&#8221;][et_pb_row custom_padding=&#8221;22px|0px|0|0px|false|false&#8221; _builder_version=&#8221;3.17.2&#8243;][et_pb_column type=&#8221;4_4&#8243; _builder_version=&#8221;3.0.47&#8243; parallax=&#8221;off&#8221; parallax_method=&#8221;on&#8221;][et_pb_divider color=&#8221;#000000&#8243; _builder_version=&#8221;3.17.6&#8243;][\/et_pb_divider][\/et_pb_column][\/et_pb_row][et_pb_row use_custom_gutter=&#8221;on&#8221; custom_padding=&#8221;0|0px|0|0|false|false&#8221; custom_margin=&#8221;||&#8221; make_equal=&#8221;on&#8221; _builder_version=&#8221;3.17.2&#8243;][et_pb_column type=&#8221;1_4&#8243; _builder_version=&#8221;3.0.47&#8243; parallax=&#8221;off&#8221; parallax_method=&#8221;on&#8221;][et_pb_image src=&#8221;https:\/\/etfsantpau.com\/wp-content\/uploads\/2018\/10\/EFTA-Logo.png&#8221; url=&#8221;http:\/\/www.europeanfamilytherapy.eu&#8221; url_new_window=&#8221;on&#8221; _builder_version=&#8221;3.17.2&#8243; max_width=&#8221;60%&#8221; module_alignment=&#8221;center&#8221;][\/et_pb_image][\/et_pb_column][et_pb_column type=&#8221;1_4&#8243; _builder_version=&#8221;3.0.47&#8243; parallax=&#8221;off&#8221; parallax_method=&#8221;on&#8221;][et_pb_image src=&#8221;https:\/\/etfsantpau.com\/wp-content\/uploads\/2018\/11\/logo-featf-apaisado.jpg&#8221; url=&#8221;https:\/\/www.featf.org\/%20&#8243; url_new_window=&#8221;on&#8221; _builder_version=&#8221;3.17.6&#8243; custom_margin=&#8221;10px||&#8221;][\/et_pb_image][\/et_pb_column][et_pb_column type=&#8221;1_4&#8243; _builder_version=&#8221;3.0.47&#8243; parallax=&#8221;off&#8221; parallax_method=&#8221;on&#8221;][et_pb_image src=&#8221;https:\/\/etfsantpau.com\/wp-content\/uploads\/2018\/11\/Relates-2019.png&#8221; url=&#8221;http:\/\/redrelates-boletin.org\/&#8221; url_new_window=&#8221;on&#8221; _builder_version=&#8221;3.17.6&#8243; border_width_all=&#8221;10px&#8221; border_color_all=&#8221;rgba(0,0,0,0)&#8221; max_width=&#8221;78%&#8221; module_alignment=&#8221;center&#8221;][\/et_pb_image][\/et_pb_column][et_pb_column type=&#8221;1_4&#8243; _builder_version=&#8221;3.0.47&#8243; parallax=&#8221;off&#8221; parallax_method=&#8221;on&#8221;][et_pb_image src=&#8221;https:\/\/etfsantpau.com\/wp-content\/uploads\/2018\/11\/logo_SCTF_horiz_p.png&#8221; url=&#8221;http:\/\/webs.academia.cat\/societats\/terapia\/index.php&#8221; url_new_window=&#8221;on&#8221; _builder_version=&#8221;3.17.6&#8243; custom_margin=&#8221;10px||&#8221;][\/et_pb_image][\/et_pb_column][\/et_pb_row][\/et_pb_section]<\/p>\n","protected":false},"excerpt":{"rendered":"<p>Isabel Cardenas Isabel \u00e9s psic\u00f2loga i psicoterapeuta familiar. La seva experi\u00e8ncia abra\u00e7a els \u00e0mbits de viol\u00e8ncia de g\u00e8nere i interculturalitat. Actualment, compagina la doc\u00e8ncia supervisi\u00f3 al M\u00e0ster de Ter\u00e0pia Familiar de l&#8217;Hospital de la Santa Creu i Sant Pau, el Servei de Ter\u00e0pia Relacional Intercultural de l&#8217;Hospital de la Sta. Creu i Sant Pau, on [&hellip;]<\/p>\n","protected":false},"author":2,"featured_media":0,"parent":0,"menu_order":0,"comment_status":"closed","ping_status":"closed","template":"","meta":{"_et_pb_use_builder":"on","_et_pb_old_content":"","_et_gb_content_width":"","footnotes":""},"class_list":["post-3318","page","type-page","status-publish","hentry"],"_links":{"self":[{"href":"https:\/\/etfsantpau.com\/ca\/wp-json\/wp\/v2\/pages\/3318","targetHints":{"allow":["GET"]}}],"collection":[{"href":"https:\/\/etfsantpau.com\/ca\/wp-json\/wp\/v2\/pages"}],"about":[{"href":"https:\/\/etfsantpau.com\/ca\/wp-json\/wp\/v2\/types\/page"}],"author":[{"embeddable":true,"href":"https:\/\/etfsantpau.com\/ca\/wp-json\/wp\/v2\/users\/2"}],"replies":[{"embeddable":true,"href":"https:\/\/etfsantpau.com\/ca\/wp-json\/wp\/v2\/comments?post=3318"}],"version-history":[{"count":2,"href":"https:\/\/etfsantpau.com\/ca\/wp-json\/wp\/v2\/pages\/3318\/revisions"}],"predecessor-version":[{"id":3320,"href":"https:\/\/etfsantpau.com\/ca\/wp-json\/wp\/v2\/pages\/3318\/revisions\/3320"}],"wp:attachment":[{"href":"https:\/\/etfsantpau.com\/ca\/wp-json\/wp\/v2\/media?parent=3318"}],"curies":[{"name":"wp","href":"https:\/\/api.w.org\/{rel}","templated":true}]}}