{"id":3315,"date":"2018-11-17T20:00:50","date_gmt":"2018-11-17T20:00:50","guid":{"rendered":"https:\/\/etfsantpau.com\/carmen-campo\/"},"modified":"2022-04-27T08:51:43","modified_gmt":"2022-04-27T08:51:43","slug":"carmen-campo","status":"publish","type":"page","link":"https:\/\/etfsantpau.com\/ca\/carmen-campo\/","title":{"rendered":"Carmen Campo"},"content":{"rendered":"<p>[et_pb_section bb_built=&#8221;1&#8243; _builder_version=&#8221;3.14&#8243; background_color=&#8221;#d31827&#8243; custom_padding=&#8221;0|0px|0|0px|false|false&#8221; next_background_color=&#8221;#ffffff&#8221;][et_pb_row custom_padding=&#8221;50px|0px|50px|0px|false|false&#8221; _builder_version=&#8221;3.14&#8243;][et_pb_column type=&#8221;4_4&#8243;][et_pb_text _builder_version=&#8221;3.17.6&#8243; text_font=&#8221;||||||||&#8221; header_font=&#8221;Georgia|700|||||||&#8221; background_layout=&#8221;dark&#8221;]<\/p>\n<h1><strong>Carmen Campo<\/strong><\/h1>\n<p>[\/et_pb_text][\/et_pb_column][\/et_pb_row][\/et_pb_section][et_pb_section bb_built=&#8221;1&#8243; _builder_version=&#8221;3.17.6&#8243; custom_padding=&#8221;50px|0px|51.1875px|0px|false|false&#8221; prev_background_color=&#8221;#d31827&#8243; next_background_color=&#8221;#000000&#8243;][et_pb_row custom_padding=&#8221;0|0px|0|0px|false|false&#8221; _builder_version=&#8221;3.17.6&#8243;][et_pb_column type=&#8221;1_4&#8243;][et_pb_image src=&#8221;https:\/\/etfsantpau.com\/wp-content\/uploads\/2019\/03\/Docentes_v2_0012_Carmen-Campo-1.jpg&#8221; _builder_version=&#8221;3.17.6&#8243; \/][\/et_pb_column][et_pb_column type=&#8221;3_4&#8243;][et_pb_text _builder_version=&#8221;3.17.6&#8243;]<\/p>\n<p>Es Psic\u00f3loga especialista en Psicolog\u00eda Cl\u00ednica.\u00c9s Psic\u00f2loga especialista en Psicologia Cl\u00ednica. Supervisora Docent i Psicoterapeuta, acreditada per la Federaci\u00f3 Espanyola d&#8217;Associacions de Ter\u00e0pia Familiar (FEATF) i per la Federaci\u00f3 Espanyola d&#8217;Associacions de Psicoterapeutes (FEAP). Llicenciada en Filosofia i Psicologia a la Universitat de Barcelona.<\/p>\n<p>En l&#8217;actualitat facultativa em\u00e8rita, ha exercit tota la seva carrera professional com a Consultora especialista en Psicologia del Servei de Psiquiatria de l&#8217;Hospital de la Sta. Cruz i San Pablo.<\/p>\n<p>La seva dedicaci\u00f3 a la doc\u00e8ncia s&#8217;ha desenvolupat des de la seva fundaci\u00f3 el 1986 com a codirectora a l&#8217;Escola de Ter\u00e0pia Familiar de l&#8217;Hospital de Sant Pau de Barcelona. Exercint de supervisora cl\u00ednica i professora del M\u00e0ster de Ter\u00e0pia Familiar de la Universitat Aut\u00f2noma de Barcelona.<\/p>\n<p>Aix\u00ed mateix, actualment \u00e9s docent del M\u00e0ster de Ter\u00e0pia Familiar de la Universitat Ramon Llull (URL), de Barcelona, del M\u00e0ster de Ter\u00e0pia Sexual i de Parella de la Universitat de Barcelona (UB), i del M\u00e0ster de Ter\u00e0pia Familiar Sist\u00e8mica aplicat a la Salut Mental del Parc Sanitari St. Joan de D\u00e9u.<\/p>\n<p>Ha estat presidenta de la Societat Catalana de Ter\u00e0pia Familiar (SCTF), i actualment \u00e9s membre destacat de l&#8217;European Family Therapy Association (EFTA). Participa en congressos internacionals de ter\u00e0pia familiar i \u00e9s ponent convidada a universitats de prestigi internacional. Participa en congressos internacionals de ter\u00e0pia familiar i \u00e9s ponent convidada a universitats de prestigi internacional.<\/p>\n<p>El seu inter\u00e8s per l&#8217;aplicaci\u00f3 del paradigma sist\u00e8mic a l&#8217;\u00e0mbit cl\u00ednic l&#8217;ha portat a elaborar un model propi de Diagn\u00f2stic i Intervenci\u00f3 en Ter\u00e0pia de Parella que ha facilitat l&#8217;estudi i la recerca en l&#8217;\u00e0mbit de les relacions de parella amb patologia concomitant i sense.<\/p>\n<p><strong>Entre les seves publicacions cal ressaltar ser l&#8217;autora o coautora de diversos llibres, entre d&#8217;altres:<\/strong><\/p>\n<ul>\n<li>\u201cLa Terapia de Pareja en la Pr\u00e1ctica Cl\u00ednica: un Modelo de Diagn\u00f3stico e Intervenci\u00f3n\u201d Carmen Campo (2014) A, R. Medina, E. Laso i E. Hern\u00e1ndez(eds.). <em>Pensament Sist\u00e8mic. Noves Perspectives i Contextos dIntervenci\u00f3.<\/em>. M\u00e8xic.<\/li>\n<li>\u201c<em>Sobrevivir a la Pareja. Problemas y Soluciones.<\/em>\u201d Carmen Campo i Juan L. Linares. Ed. Planeta. Barcelona, 2002.<\/li>\n<li><em>Tras la Honorable Fachada. Los Trastornos Depresivos desde una Perspectiva Relacional.\u201d <\/em>Juan L. Linares i Carmen Campo Ed. Paid\u00f3s. Barcelona, 2000.<\/li>\n<li> Tamb\u00e9 \u00e9s autora de diversos articles, a destacar:<\/li>\n<li>Infidelitat conjugal: Dificultats de maneig a la Ter\u00e0pia de Parella. Proposta d\u201fun model d\u201fintervenci\u00f3. <em>Sistemes Familiars i altres Sistemes Humans<\/em>. Buenos Aires, 23- n\u00ba-2007.<\/li>\n<li>Transformacions del poder a les parelles: Canvis unilaterals al voltant de la Jerarquia Interna. <em>Mosaico. Revista de la Federaci\u00f3 Espanyola dAssociacions de Ter\u00e0pia Familiar.<\/em> N\u00ba 44, Febrer 2010.<\/li>\n<li>El Trastorn L\u00edmit de la Personalitat: Diagn\u00f2stic i Intervenci\u00f3 des de la perspectiva Sist\u00e8mica. <em>Redes, Revista de psicoter\u00e0pia relacional i intervencions socials.<\/em> N\u00ba 24. Desembre 2010. <\/li>\n<li>La ter\u00e0pia de parella com a instrument per a l&#8217;abordatge dels trastorns depressius. <em>Mosaico. Revista de la Federaci\u00f3 Espanyola d&#8217;Associacions de Ter\u00e0pia Familiar, n\u00fam. <\/em>69. <em> <\/em>Mar\u00e7 2018<em>.<\/em><\/li>\n<\/ul>\n<p>&nbsp;<\/p>\n<p>[\/et_pb_text][\/et_pb_column][\/et_pb_row][\/et_pb_section][et_pb_section bb_built=&#8221;1&#8243; _builder_version=&#8221;3.17.2&#8243; custom_padding=&#8221;0|0px|30px|0px|false|false&#8221; saved_tabs=&#8221;all&#8221; global_module=&#8221;287&#8243; prev_background_color=&#8221;#000000&#8243;][\/et_pb_section]<\/p>\n","protected":false},"excerpt":{"rendered":"<p>Carmen Campo Es Psic\u00f3loga especialista en Psicolog\u00eda Cl\u00ednica.\u00c9s Psic\u00f2loga especialista en Psicologia Cl\u00ednica. Supervisora Docent i Psicoterapeuta, acreditada per la Federaci\u00f3 Espanyola d&#8217;Associacions de Ter\u00e0pia Familiar (FEATF) i per la Federaci\u00f3 Espanyola d&#8217;Associacions de Psicoterapeutes (FEAP). Llicenciada en Filosofia i Psicologia a la Universitat de Barcelona. En l&#8217;actualitat facultativa em\u00e8rita, ha exercit tota la seva [&hellip;]<\/p>\n","protected":false},"author":2,"featured_media":0,"parent":0,"menu_order":0,"comment_status":"closed","ping_status":"closed","template":"","meta":{"_et_pb_use_builder":"on","_et_pb_old_content":"","_et_gb_content_width":"","footnotes":""},"class_list":["post-3315","page","type-page","status-publish","hentry"],"_links":{"self":[{"href":"https:\/\/etfsantpau.com\/ca\/wp-json\/wp\/v2\/pages\/3315","targetHints":{"allow":["GET"]}}],"collection":[{"href":"https:\/\/etfsantpau.com\/ca\/wp-json\/wp\/v2\/pages"}],"about":[{"href":"https:\/\/etfsantpau.com\/ca\/wp-json\/wp\/v2\/types\/page"}],"author":[{"embeddable":true,"href":"https:\/\/etfsantpau.com\/ca\/wp-json\/wp\/v2\/users\/2"}],"replies":[{"embeddable":true,"href":"https:\/\/etfsantpau.com\/ca\/wp-json\/wp\/v2\/comments?post=3315"}],"version-history":[{"count":2,"href":"https:\/\/etfsantpau.com\/ca\/wp-json\/wp\/v2\/pages\/3315\/revisions"}],"predecessor-version":[{"id":3317,"href":"https:\/\/etfsantpau.com\/ca\/wp-json\/wp\/v2\/pages\/3315\/revisions\/3317"}],"wp:attachment":[{"href":"https:\/\/etfsantpau.com\/ca\/wp-json\/wp\/v2\/media?parent=3315"}],"curies":[{"name":"wp","href":"https:\/\/api.w.org\/{rel}","templated":true}]}}