{"id":3309,"date":"2018-11-17T20:03:40","date_gmt":"2018-11-17T20:03:40","guid":{"rendered":"https:\/\/etfsantpau.com\/jose-soriano\/"},"modified":"2022-04-27T08:17:53","modified_gmt":"2022-04-27T08:17:53","slug":"jose-soriano","status":"publish","type":"page","link":"https:\/\/etfsantpau.com\/ca\/jose-soriano\/","title":{"rendered":"Jose Soriano"},"content":{"rendered":"<p>[et_pb_section fb_built=&#8221;1&#8243; _builder_version=&#8221;3.14&#8243; background_color=&#8221;#d31827&#8243; custom_padding=&#8221;0|0px|0|0px|false|false&#8221;][et_pb_row custom_padding=&#8221;50px|0px|50px|0px|false|false&#8221; _builder_version=&#8221;3.14&#8243;][et_pb_column type=&#8221;4_4&#8243; _builder_version=&#8221;3.0.47&#8243; parallax=&#8221;off&#8221; parallax_method=&#8221;on&#8221;][et_pb_text _builder_version=&#8221;3.17.6&#8243; text_font=&#8221;||||||||&#8221; header_font=&#8221;Georgia|700|||||||&#8221; background_layout=&#8221;dark&#8221;]<\/p>\n<h1><strong>Jose Soriano <\/strong><\/h1>\n<p>[\/et_pb_text][\/et_pb_column][\/et_pb_row][\/et_pb_section][et_pb_section fb_built=&#8221;1&#8243; _builder_version=&#8221;3.17.6&#8243; custom_padding=&#8221;50px|0px|51.1875px|0px|false|false&#8221;][et_pb_row custom_padding=&#8221;0|0px|25.5938px|0px|false|false&#8221; _builder_version=&#8221;3.17.6&#8243;][et_pb_column type=&#8221;1_4&#8243; _builder_version=&#8221;3.0.47&#8243; parallax=&#8221;off&#8221; parallax_method=&#8221;on&#8221;][et_pb_image src=&#8221;https:\/\/etfsantpau.com\/wp-content\/uploads\/2019\/03\/Docentes_v2_0004_Jose-Soriano-1.jpg&#8221; _builder_version=&#8221;3.17.6&#8243;][\/et_pb_image][\/et_pb_column][et_pb_column type=&#8221;3_4&#8243; _builder_version=&#8221;3.0.47&#8243; parallax=&#8221;off&#8221; parallax_method=&#8221;on&#8221;][et_pb_text _builder_version=&#8221;3.17.6&#8243;]<\/p>\n<p><span>El doctor Jos\u00e9 Soriano \u00e9s psiquiatre i psicoterapeuta familiar. Dins la seva dilatada experi\u00e8ncia professional s&#8217;ha especialitzat en la investigaci\u00f3 i el tractament dels trastorns de la conducta aliment\u00e0ria i els trastorns afectius.<\/span><\/p>\n<p><span>Actualment, \u00e9s president de la Societat Catalana de Ter\u00e0pia Familiar (SCTF), professor associat del Departament de Psiquiatria i Medicina Legal de la Universitat Aut\u00f2noma de Barcelona, i professor col\u2022laborador de l&#8217;Escola Universit\u00e0ria d&#8217;Infermeria de l&#8217;Hospital de la Sta. Cruz i San Pablo.<\/span><\/p>\n<p><span>\u00c9s consultor del Servei de Psiquiatria de l\u00b4Hospital de Sant Pau (Barcelona). Coordinador de la Unitat de Ter\u00e0pia Familiar i del programa de Trastorns de la conducta aliment\u00e0ria del Servei esmentat. Professor Associat Departament de Psiquiatria i Medicina Legal de la UAB des del 2009<\/span><\/p>\n<p><span><strong>Publicacions<\/strong> <\/span><\/p>\n<p><strong><span>B.1 Articles en revistes indexades1<\/span><\/strong><\/p>\n<p><span>Autors\/res (per ordre de signatura): Granero R., Hilker I., Ag\u00fcera Z., Jim\u00e9nez-Murcia S., Sauchelli S., Islam M. A., Fagundo A. B., S\u00e1nchez I.,Riesco N., Dieguez C., Soriano J., Salcedo-S\u00e1nchez C., Casanueva F. F., De la Torre R., Mench\u00f3n J. M.,Gearhardt A. N. and Fern\u00e1ndez-Aranda F. <\/span><\/p>\n<p><span>T\u00edtol : Food Addiction in a Spanish Sample of Eating Disorders: DSM-5 Diagnostic Subtype Differentiation and Validation Data<\/span><\/p>\n<p><span>Revista (t\u00edtol, volum, p\u00e0gina inicial-final): Eur. Eat. Disorders Rev., 22, pages 389\u2013396, DOI: 10.1002\/erv.2311<\/span><\/p>\n<p><span>Any: 2014<\/span><\/p>\n<p><span> <\/span><\/p>\n<p><span>Autors\/res (per ordre de signatura): R. Tejedor, A. Feliu, J. Pascual, A. Cebolla, M. Portella, J.Trujols, J. Soriano, V. P\u00e9rez, J. Soler.<\/span><\/p>\n<p><span>T\u00edtol:Psychometric properties of the Spanish version of the Philadelphia Mindfulness Scale.<\/span><\/p>\n<p><span>Revista (t\u00edtol, volum, p\u00e0gina inicial-final): Rev Psiquiatr Salud Ment; 7(4): 157-165.<\/span><\/p>\n<p><span>Any: 2014 <\/span><\/p>\n<p><span>ISSN: 1888-9891<\/span><\/p>\n<p><span> <\/span><\/p>\n<p><span>Autors\/res (per ordre de signatura): Soler J, Soriano J, Ferraz L, Grasa E, Carmona C, Portella MJ, Seto V, Alvarez E, P\u00e9rezV.<\/span><\/p>\n<p><span>T\u00edtol:Direct Experience and the Course of Eating Disorders in Patients on Partial Hospitalization: A Pilot Study.<\/span><\/p>\n<p><span>Revista (t\u00edtol, volum, p\u00e0gina inicial-final): EurEatDisordRev; 21(5): 399-404.<\/span><\/p>\n<p><span>Any: 2013 <\/span><\/p>\n<p><span>ISSN: 1072-4133 <\/span><\/p>\n<p><span>                  <\/span><\/p>\n<p><span>Autors\/res (per ordre de signatura): Soler J, Tejedor R, Feliu\u2010Soler A, Pascual JC, Cebolla A, Soriano J, Alvarez E, Perez V.<\/span><\/p>\n<p><span>T\u00edtol:Psychometric proprerties of Spanish version of Mindful Attention Awareness Scale<\/span><\/p>\n<p><span>(MAAS).<\/span><\/p>\n<p><span>Revista (t\u00edtol, volum, p\u00e0gina inicial-final): Actas Esp Psiquiatr;40(1):19\u201026.<\/span><\/p>\n<p><span>Any: 2012 <\/span><\/p>\n<p><span>ISSN: 1139-9287 <\/span><\/p>\n<p><span> <\/span><\/p>\n<p><span>Autors\/res (per ordre de signatura): J.A. Soriano, A. L\u00f3pez-Navidad, F.Caballero, J.Leal, S.Garc\u00eda-Sousa and J.L. Linares<\/span><\/p>\n<p><span>T\u00edtol:Psychopathology of bereavement in the families of cadaveric organ donors.<\/span><\/p>\n<p><span>Revista (t\u00edtol, volum, p\u00e0gina inicial-final): Transplant Proc. 1999 Sep;31(6):2604-5.<\/span><\/p>\n<p><span>Any: 1999 <\/span><\/p>\n<p><span>ISSN: 0041-1345 <\/span><\/p>\n<p><span> <\/span><\/p>\n<p><strong><span>B.2 Articles en revistes no indexades amb avaluaci\u00f3 externa<\/span><\/strong><\/p>\n<p><span>Autors\/res (per ordre de signatura): J. Linares, J. Soriano.<\/span><\/p>\n<p><span>T\u00edtol: Pasos para una psicopatolog\u00eda relacional.<\/span><\/p>\n<p><span>Revista (t\u00edtol, volum, p\u00e0gina inicial-final): Revista Mexicana de Investigaci\u00f3n en Psicolog\u00eda 5: 119-149.<\/span><\/p>\n<p><span>Any: 2013 <\/span><\/p>\n<p><span>ISSN: 2007-0926 <\/span><\/p>\n<p><span>                  <\/span><\/p>\n<p><span>Autors\/res (per ordre de signatura): J. Linares, C. Campo, J. Soriano.<\/span><\/p>\n<p><span>T\u00edtol:Il Disturbo Bipolare in una prospettivasist\u00e9mica.<\/span><\/p>\n<p><span>Revista (t\u00edtol, volum, p\u00e0gina inicial-final): Psicobiettivo, Settembre-Dicembre 3<\/span><\/p>\n<p><span>Any: 2013 <\/span><\/p>\n<p><span>ISSN: 0392-2952 <\/span><\/p>\n<p><span>                  <\/span><\/p>\n<p><span>Autors\/res (per ordre de signatura): J. Soriano Pacheco<\/span><\/p>\n<p><span>T\u00edtol:Familia y Anorexia en la tercera edad: final de etapa.<\/span><\/p>\n<p><span>Revista (t\u00edtol, volum, p\u00e0gina inicial-final): Mosaico; 56: 18-26.<\/span><\/p>\n<p><span>Any: 2013 <\/span><\/p>\n<p><span>ISSN: 1887-0600 <\/span><\/p>\n<p><span>                  <\/span><\/p>\n<p><span>Autors\/res (per ordre de signatura): J. Soriano Pacheco<\/span><\/p>\n<p><span>T\u00edtol:Depresi\u00f3n Mayor y Distimia: \u00bfSon constructos \u00fatiles en psicoterapia?<\/span><\/p>\n<p><span>Revista (t\u00edtol, volum, p\u00e0gina inicial-final): Mosaico, 2013; 55: 32-47<\/span><\/p>\n<p><span>Any: 2013 <\/span><\/p>\n<p><span>ISSN: 1887-0600 <\/span><\/p>\n<p><span>                  <\/span><\/p>\n<p><span>Autors\/res (per ordre de signatura): J. Soriano Pacheco<\/span><\/p>\n<p><span>T\u00edtol:Cronicidad y Depresi\u00f3n: Una aproximaci\u00f3n sist\u00e9mica a los trastornos afectivos.<\/span><\/p>\n<p><span>Revista (t\u00edtol, volum, p\u00e0gina inicial-final): REDES, Julio 2010, 59-72<\/span><\/p>\n<p><span>Any: 2010 <\/span><\/p>\n<p><span>ISSN: 1135-2793 <\/span><\/p>\n<p><span>                  <\/span><\/p>\n<p><span>Autors\/res (per ordre de signatura): J. Soriano Pacheco<\/span><\/p>\n<p><span>T\u00edtol:Trastornos de la conducta alimentaria.<\/span><\/p>\n<p><span>Revista (t\u00edtol, volum, p\u00e0gina inicial-final): Bio\u00e9tica y debate, 2008; 52: 13-17.<\/span><\/p>\n<p><span>Any: 2008 <\/span><\/p>\n<p><span>ISSN: 1579-4865 <\/span><\/p>\n<p><span>                  <\/span><\/p>\n<p><span>Autors\/res (per ordre de signatura): J. Soriano, A. Baldero<\/span><\/p>\n<p><span>T\u00edtol:Familia de origen y familia creada en la historia de la depresi\u00f3n.<\/span><\/p>\n<p><span>Revista (t\u00edtol, volum, p\u00e0gina inicial-final): REDES, Junio 2002<\/span><\/p>\n<p><span>Any: 2002 <\/span><\/p>\n<p><span>ISSN: 1135-2793 <\/span><\/p>\n<p><span> <\/span><\/p>\n<p><span>Autors\/res (per ordre de signatura): G. Faus, J. Soriano.<\/span><\/p>\n<p><span>T\u00edtol:S\u00edndromes asociados a la cultura: Bulimia nerviosa.<\/span><\/p>\n<p><span>Revista (t\u00edtol, volum, p\u00e0gina inicial-final): P\u00e1ginas de Psiquiatr\u00eda,Junio 2000<\/span><\/p>\n<p><span>Any: 2000 <\/span><\/p>\n<p><span> <\/span><\/p>\n<p><span>Autors\/res (per ordre de signatura): J. Soriano, G. Faus.<\/span><\/p>\n<p><span>T\u00edtol:Disfunci\u00f3n serotonin\u00e9rgica y bulimia nerviosa: teor\u00edas y evidencias. Implicaciones terap\u00e9uticas.<\/span><\/p>\n<p><span>Revista (t\u00edtol, volum, p\u00e0gina inicial-final): Revisiones en Psicofarmacolog\u00eda, Vol. II, N\u00ba 3<\/span><\/p>\n<p><span>Any: 1998 <\/span><\/p>\n<p><span>ISSN: 1138-7165 <\/span><\/p>\n<p><span> <\/span><\/p>\n<p><strong><span>B.3 Llibres i cap\u00edtols de llibre<\/span><\/strong><\/p>\n<p><span> <\/span><\/p>\n<p><span>Autors\/res (per ordre de signatura): J. Soriano<\/span><\/p>\n<p><span>T\u00edtol:\u201cPrevenci\u00f3n de los trastornos de la conducta alimentaria desde la escuela y la familia\u201d. Dins:Controversias sobre los trastornos de la conducta alimentaria: actualizaci\u00f3n y debate.<\/span><\/p>\n<p><span>P\u00e0gines (inicial-final): 95-104<\/span><\/p>\n<p><span>Editorial: Instituto Tom\u00e1s Pascual Sanz<\/span><\/p>\n<p><span>ISBN: 978-84-7867-079-6 Dip\u00f2sit legal: M-18565-2012<\/span><\/p>\n<p><span>Any: 2012 <\/span><\/p>\n<p><span>                  <\/span><\/p>\n<p><span>Autors\/res (per ordre de signatura): J. Soriano, Ruiz J.<\/span><\/p>\n<p><span>T\u00edtol:\u201cAbuso sexual y bulimia nerviosa: derribando mitos\u201d. Dins: Violencia familiar. Horizontes sist\u00e9micos de cambio.<\/span><\/p>\n<p><span>Editorial: Universidad de Rosario<\/span><\/p>\n<p><span>ISBN: 978-95-873-8014-9 <\/span><\/p>\n<p><span>Any: 2009 <\/span><\/p>\n<p><span>                  <\/span><\/p>\n<p><span>Autors\/res (per ordre de signatura): J. Soriano, A. Baldero, I. C\u00e1rdenas.<\/span><\/p>\n<p><span>T\u00edtol:\u201cEstudio sobre las caracter\u00edsticas relacionales de los trastornos depresivos\u201d. Dins: \u201cTras la honorable fachada\u201d. Ed: Linares JL y Campo C.<\/span><\/p>\n<p><span>P\u00e0gines (inicial-final): 27-43<\/span><\/p>\n<p><span>Editorial: Paidos<\/span><\/p>\n<p><span>ISBN: 978-84-493-0990-8 <\/span><\/p>\n<p><span>Any: 2000 <\/span><\/p>\n<p><span> <\/span><\/p>\n<p><span>Autors\/res (per ordre de signatura): Grupo de Trabajo de la GPC sobre Trastornos de la Conducta Alimentaria (TCA).<\/span><\/p>\n<p><span>T\u00edtol:Gu\u00eda de Pr\u00e1ctica Cl\u00ednica sobre Trastornos de la Conducta Alimentaria Any: 2008<\/span><\/p>\n<p><span>P\u00e0gines (inicial-final): 13-275<\/span><\/p>\n<p><span>Editorial: Ag\u00e8ncia d\u2019Avaluaci\u00f3 de Tecnologia i Recerca M\u00e8diques de Catalu\u00f1a<\/span><\/p>\n<p><span>ISBN\/ISSN: 978-84-393-8010-8 Dip\u00f2sit legal:B-55481-2008<\/span><\/p>\n<p><span> <\/span><\/p>\n<p><span>Autors\/res (per ordre de signatura): F. Caballero; A. L\u00f3pez-Navidad, J.Leal, S.Garc\u00eda-Sousa, J.A. Soriano, P. Domingo.<\/span><\/p>\n<p><span>T\u00edtol:The cultural level of cadaveric potential organ donor relatives determines therate of consent for donation.<\/span><\/p>\n<p><span>Llibre d\u2019actes o revista (t\u00edtol, volum, p\u00e0gina inicial-final): Transplantation Procceedings, 31(6):2601.<\/span><\/p>\n<p><span>Any: 1999 <\/span><\/p>\n<p><span>ISBN\/ISSN: 0041-1345 <\/span><\/p>\n<p><span>                  <\/span><\/p>\n<p><span> <\/span><\/p>\n<p>[\/et_pb_text][\/et_pb_column][\/et_pb_row][\/et_pb_section][et_pb_section fb_built=&#8221;1&#8243; _builder_version=&#8221;3.17.2&#8243; custom_padding=&#8221;0|0px|30px|0px|false|false&#8221; global_module=&#8221;287&#8243; saved_tabs=&#8221;all&#8221;][et_pb_row custom_padding=&#8221;22px|0px|0|0px|false|false&#8221; _builder_version=&#8221;3.17.2&#8243;][et_pb_column type=&#8221;4_4&#8243; _builder_version=&#8221;3.0.47&#8243; parallax=&#8221;off&#8221; parallax_method=&#8221;on&#8221;][et_pb_divider color=&#8221;#000000&#8243; _builder_version=&#8221;3.17.6&#8243;][\/et_pb_divider][\/et_pb_column][\/et_pb_row][et_pb_row use_custom_gutter=&#8221;on&#8221; custom_padding=&#8221;0|0px|0|0|false|false&#8221; custom_margin=&#8221;||&#8221; make_equal=&#8221;on&#8221; _builder_version=&#8221;3.17.2&#8243;][et_pb_column type=&#8221;1_4&#8243; _builder_version=&#8221;3.0.47&#8243; parallax=&#8221;off&#8221; parallax_method=&#8221;on&#8221;][et_pb_image src=&#8221;https:\/\/etfsantpau.com\/wp-content\/uploads\/2018\/10\/EFTA-Logo.png&#8221; url=&#8221;http:\/\/www.europeanfamilytherapy.eu&#8221; url_new_window=&#8221;on&#8221; _builder_version=&#8221;3.17.2&#8243; max_width=&#8221;60%&#8221; module_alignment=&#8221;center&#8221;][\/et_pb_image][\/et_pb_column][et_pb_column type=&#8221;1_4&#8243; _builder_version=&#8221;3.0.47&#8243; parallax=&#8221;off&#8221; parallax_method=&#8221;on&#8221;][et_pb_image src=&#8221;https:\/\/etfsantpau.com\/wp-content\/uploads\/2018\/11\/logo-featf-apaisado.jpg&#8221; url=&#8221;https:\/\/www.featf.org\/%20&#8243; url_new_window=&#8221;on&#8221; _builder_version=&#8221;3.17.6&#8243; custom_margin=&#8221;10px||&#8221;][\/et_pb_image][\/et_pb_column][et_pb_column type=&#8221;1_4&#8243; _builder_version=&#8221;3.0.47&#8243; parallax=&#8221;off&#8221; parallax_method=&#8221;on&#8221;][et_pb_image src=&#8221;https:\/\/etfsantpau.com\/wp-content\/uploads\/2018\/11\/Relates-2019.png&#8221; url=&#8221;http:\/\/redrelates-boletin.org\/&#8221; url_new_window=&#8221;on&#8221; _builder_version=&#8221;3.17.6&#8243; border_width_all=&#8221;10px&#8221; border_color_all=&#8221;rgba(0,0,0,0)&#8221; max_width=&#8221;78%&#8221; module_alignment=&#8221;center&#8221;][\/et_pb_image][\/et_pb_column][et_pb_column type=&#8221;1_4&#8243; _builder_version=&#8221;3.0.47&#8243; parallax=&#8221;off&#8221; parallax_method=&#8221;on&#8221;][et_pb_image src=&#8221;https:\/\/etfsantpau.com\/wp-content\/uploads\/2018\/11\/logo_SCTF_horiz_p.png&#8221; url=&#8221;http:\/\/webs.academia.cat\/societats\/terapia\/index.php&#8221; url_new_window=&#8221;on&#8221; _builder_version=&#8221;3.17.6&#8243; custom_margin=&#8221;10px||&#8221;][\/et_pb_image][\/et_pb_column][\/et_pb_row][\/et_pb_section]<\/p>\n","protected":false},"excerpt":{"rendered":"<p>Jose Soriano El doctor Jos\u00e9 Soriano \u00e9s psiquiatre i psicoterapeuta familiar. Dins la seva dilatada experi\u00e8ncia professional s&#8217;ha especialitzat en la investigaci\u00f3 i el tractament dels trastorns de la conducta aliment\u00e0ria i els trastorns afectius. Actualment, \u00e9s president de la Societat Catalana de Ter\u00e0pia Familiar (SCTF), professor associat del Departament de Psiquiatria i Medicina Legal [&hellip;]<\/p>\n","protected":false},"author":2,"featured_media":0,"parent":0,"menu_order":0,"comment_status":"closed","ping_status":"closed","template":"","meta":{"_et_pb_use_builder":"on","_et_pb_old_content":"","_et_gb_content_width":"","footnotes":""},"class_list":["post-3309","page","type-page","status-publish","hentry"],"_links":{"self":[{"href":"https:\/\/etfsantpau.com\/ca\/wp-json\/wp\/v2\/pages\/3309","targetHints":{"allow":["GET"]}}],"collection":[{"href":"https:\/\/etfsantpau.com\/ca\/wp-json\/wp\/v2\/pages"}],"about":[{"href":"https:\/\/etfsantpau.com\/ca\/wp-json\/wp\/v2\/types\/page"}],"author":[{"embeddable":true,"href":"https:\/\/etfsantpau.com\/ca\/wp-json\/wp\/v2\/users\/2"}],"replies":[{"embeddable":true,"href":"https:\/\/etfsantpau.com\/ca\/wp-json\/wp\/v2\/comments?post=3309"}],"version-history":[{"count":2,"href":"https:\/\/etfsantpau.com\/ca\/wp-json\/wp\/v2\/pages\/3309\/revisions"}],"predecessor-version":[{"id":3311,"href":"https:\/\/etfsantpau.com\/ca\/wp-json\/wp\/v2\/pages\/3309\/revisions\/3311"}],"wp:attachment":[{"href":"https:\/\/etfsantpau.com\/ca\/wp-json\/wp\/v2\/media?parent=3309"}],"curies":[{"name":"wp","href":"https:\/\/api.w.org\/{rel}","templated":true}]}}