{"id":3299,"date":"2018-09-14T18:13:02","date_gmt":"2018-09-14T18:13:02","guid":{"rendered":"https:\/\/etfsantpau.com\/contacte\/"},"modified":"2025-10-13T17:50:03","modified_gmt":"2025-10-13T17:50:03","slug":"contacte","status":"publish","type":"page","link":"https:\/\/etfsantpau.com\/ca\/contacte\/","title":{"rendered":"Contacte"},"content":{"rendered":"<p>[et_pb_section fb_built=&#8221;1&#8243; _builder_version=&#8221;4.16&#8243; background_color=&#8221;#d31827&#8243; custom_padding=&#8221;35px|0px|35px|0px|true|false&#8221; da_disable_devices=&#8221;off|off|off&#8221; global_colors_info=&#8221;{}&#8221; da_is_popup=&#8221;off&#8221; da_exit_intent=&#8221;off&#8221; da_has_close=&#8221;on&#8221; da_alt_close=&#8221;off&#8221; da_dark_close=&#8221;off&#8221; da_not_modal=&#8221;on&#8221; da_is_singular=&#8221;off&#8221; da_with_loader=&#8221;off&#8221; da_has_shadow=&#8221;on&#8221;][et_pb_row _builder_version=&#8221;4.16&#8243; custom_padding=&#8221;0|0px|0|0px|false|false&#8221; global_colors_info=&#8221;{}&#8221;][et_pb_column type=&#8221;4_4&#8243; _builder_version=&#8221;4.16&#8243; custom_padding=&#8221;|||&#8221; global_colors_info=&#8221;{}&#8221; custom_padding__hover=&#8221;|||&#8221;][et_pb_text _builder_version=&#8221;4.16&#8243; text_font=&#8221;||||||||&#8221; text_text_color=&#8221;#ffffff&#8221; header_font=&#8221;Georgia|700|||||||&#8221; header_5_font=&#8221;Georgia||||||||&#8221; background_layout=&#8221;dark&#8221; global_colors_info=&#8221;{}&#8221;]<\/p>\n<h1><strong>Adminitraci\u00f3: <\/strong><em>Al\u00edcia Sampietro y Alejandra Boggione<\/em><\/h1>\n<p>[\/et_pb_text][\/et_pb_column][\/et_pb_row][\/et_pb_section][et_pb_section fb_built=&#8221;1&#8243; _builder_version=&#8221;4.16&#8243; background_image=&#8221;https:\/\/etfsantpau.com\/wp-content\/uploads\/2018\/11\/ETF-interior-ok.jpg&#8221; background_position=&#8221;center_left&#8221; custom_padding=&#8221;140px|0px|140px|0px|false|false&#8221; da_disable_devices=&#8221;off|off|off&#8221; global_colors_info=&#8221;{}&#8221; da_is_popup=&#8221;off&#8221; da_exit_intent=&#8221;off&#8221; da_has_close=&#8221;on&#8221; da_alt_close=&#8221;off&#8221; da_dark_close=&#8221;off&#8221; da_not_modal=&#8221;on&#8221; da_is_singular=&#8221;off&#8221; da_with_loader=&#8221;off&#8221; da_has_shadow=&#8221;on&#8221;][\/et_pb_section][et_pb_section fb_built=&#8221;1&#8243; _builder_version=&#8221;4.16&#8243; background_color=&#8221;#d31827&#8243; custom_padding=&#8221;35px|0px|35px|0px|false|false&#8221; animation_style=&#8221;flip&#8221; da_disable_devices=&#8221;off|off|off&#8221; global_colors_info=&#8221;{}&#8221; da_is_popup=&#8221;off&#8221; da_exit_intent=&#8221;off&#8221; da_has_close=&#8221;on&#8221; da_alt_close=&#8221;off&#8221; da_dark_close=&#8221;off&#8221; da_not_modal=&#8221;on&#8221; da_is_singular=&#8221;off&#8221; da_with_loader=&#8221;off&#8221; da_has_shadow=&#8221;on&#8221;][et_pb_row column_structure=&#8221;1_2,1_2&#8243; _builder_version=&#8221;4.16&#8243; custom_padding=&#8221;0|0px|0|0px|false|false&#8221; global_colors_info=&#8221;{}&#8221;][et_pb_column type=&#8221;1_2&#8243; _builder_version=&#8221;4.16&#8243; custom_padding=&#8221;|||&#8221; global_colors_info=&#8221;{}&#8221; custom_padding__hover=&#8221;|||&#8221;][et_pb_text _builder_version=&#8221;4.16&#8243; text_font=&#8221;Georgia|700|||||||&#8221; header_font=&#8221;|700|||||||&#8221; background_layout=&#8221;dark&#8221; custom_margin=&#8221;7%||&#8221; global_colors_info=&#8221;{}&#8221;]<\/p>\n<h1 style=\"text-align: center;\">Preinscripci\u00f3 per la<\/h1>\n<h1 style=\"text-align: center;\">formaci\u00f3 presencial<\/h1>\n<p style=\"text-align: center;\"><span style=\"font-size: medium;\"><em><strong>(Contactar amb secret\u00e0ria en casos especials <br \/>amb estudis sist\u00e8mics previs en escoles acreditades)<\/strong><\/em><\/span><\/p>\n<p>[\/et_pb_text][\/et_pb_column][et_pb_column type=&#8221;1_2&#8243; _builder_version=&#8221;4.16&#8243; custom_padding=&#8221;|||&#8221; global_colors_info=&#8221;{}&#8221; custom_padding__hover=&#8221;|||&#8221;][et_pb_toggle title=&#8221;Documents per la Formaci\u00f3 B\u00e0sica&#8221; _builder_version=&#8221;4.20.4&#8243; global_colors_info=&#8221;{}&#8221;]<\/p>\n<ul>\n<li><a href=\"https:\/\/forms.gle\/ZsvQWZ3jxUK1Xwuh6\">Solicitud AZUL de preinscripci\u00f3n a programa online<\/a><\/li>\n<li><a href=\"https:\/\/forms.gle\/Yg7k6Hkp6ufYEYAS9\">Solicitud ROJA de preinscripci\u00f3n a programa presencial<\/a><\/li>\n<li>Carta de Motivaci\u00f3n y Curr\u00edculum Vitae (adjuntar en formulario)<\/li>\n<\/ul>\n<p><span><\/span><span style=\"font-size: 14px;\">En caso de ser aceptad@ por la Direcci\u00f3n Acad\u00e9mica contactaremos para completar el proceso de preinscripci\u00f3n solicitando:<\/span><\/p>\n<ul>\n<li>Fotocopia DNI compulsada original<\/li>\n<li>Fotocopia de Titulaci\u00f3n Universitaria compulsada original<\/li>\n<li>Fotograf\u00eda tama\u00f1o carnet<\/li>\n<\/ul>\n<p style=\"text-align: center;\"><em>Se puede aportar los documentos originales a la escuela<br \/>si no se dispone de compulsados<\/em><\/p>\n<p>[\/et_pb_toggle][et_pb_toggle title=&#8221;Documents pel M\u00e0ster en Ter\u00e0pia familiar&#8221; _builder_version=&#8221;4.20.4&#8243; global_colors_info=&#8221;{}&#8221;]<\/p>\n<ul>\n<li><a href=\"https:\/\/www.blanquerna.edu\/es\/master-en-terapia-familiar\" target=\"_blank\" rel=\"noopener noreferrer\">Universidad Ramon Llull \u2013 Blanquerna<\/a><\/li>\n<\/ul>\n<p>[\/et_pb_toggle][\/et_pb_column][\/et_pb_row][\/et_pb_section][et_pb_section fb_built=&#8221;1&#8243; _builder_version=&#8221;4.16&#8243; background_color=&#8221;#000000&#8243; custom_padding=&#8221;50px|0px|35px|0px|false|false&#8221; animation_style=&#8221;fade&#8221; da_disable_devices=&#8221;off|off|off&#8221; global_colors_info=&#8221;{}&#8221; da_is_popup=&#8221;off&#8221; da_exit_intent=&#8221;off&#8221; da_has_close=&#8221;on&#8221; da_alt_close=&#8221;off&#8221; da_dark_close=&#8221;off&#8221; da_not_modal=&#8221;on&#8221; da_is_singular=&#8221;off&#8221; da_with_loader=&#8221;off&#8221; da_has_shadow=&#8221;on&#8221;][et_pb_row column_structure=&#8221;1_3,1_3,1_3&#8243; use_custom_gutter=&#8221;on&#8221; gutter_width=&#8221;1&#8243; make_equal=&#8221;on&#8221; _builder_version=&#8221;4.16&#8243; custom_padding=&#8221;0|0px|0|0px|false|false&#8221; global_colors_info=&#8221;{}&#8221;][et_pb_column type=&#8221;1_3&#8243; _builder_version=&#8221;4.16&#8243; custom_padding=&#8221;|||&#8221; global_colors_info=&#8221;{}&#8221; custom_padding__hover=&#8221;|||&#8221;][et_pb_text _builder_version=&#8221;4.16&#8243; text_font=&#8221;|300|||||||&#8221; text_text_color=&#8221;#ffffff&#8221; ol_font=&#8221;||||||||&#8221; header_font=&#8221;Georgia||||||||&#8221; header_text_align=&#8221;center&#8221; header_text_color=&#8221;#ffffff&#8221; background_color=&#8221;#d31827&#8243; text_orientation=&#8221;center&#8221; background_layout=&#8221;dark&#8221; custom_padding=&#8221;20px|10px|20px|10px&#8221; border_width_top=&#8221;4px&#8221; border_color_top=&#8221;#d3747c&#8221; border_width_right=&#8221;4px&#8221; border_color_right=&#8221;#d3747c&#8221; border_width_left=&#8221;4px&#8221; border_color_left=&#8221;#d3747c&#8221; global_colors_info=&#8221;{}&#8221;]<\/p>\n<h1><strong><span>Formaci\u00f3<br \/>B\u00e0sica<\/span><\/strong><strong>Expert<br \/>en Intervencions<br \/>Sist\u00e8miques<\/strong><\/h1>\n<p>dos anys <\/p>\n<p>[\/et_pb_text][et_pb_text _builder_version=&#8221;4.16&#8243; text_font=&#8221;|300|||||||&#8221; text_text_color=&#8221;#d31827&#8243; ol_font=&#8221;||||||||&#8221; header_font=&#8221;|700|||||||&#8221; header_text_align=&#8221;center&#8221; header_text_color=&#8221;#d31827&#8243; header_font_size=&#8221;65px&#8221; background_color=&#8221;#ffffff&#8221; text_orientation=&#8221;center&#8221; background_layout=&#8221;dark&#8221; custom_padding=&#8221;30px|10px|30px|10px&#8221; border_width_right=&#8221;4px&#8221; border_color_right=&#8221;#d3747c&#8221; border_width_left=&#8221;4px&#8221; border_color_left=&#8221;#d3747c&#8221; global_colors_info=&#8221;{}&#8221;]<\/p>\n<h1>\u20ac 3.150<\/h1>\n<p>(per curs)<\/p>\n<p>[\/et_pb_text][et_pb_text ul_type=&#8221;circle&#8221; ul_position=&#8221;inside&#8221; _builder_version=&#8221;4.16&#8243; text_font=&#8221;||||||||&#8221; ul_font=&#8221;|600|||||||&#8221; ul_text_align=&#8221;center&#8221; ul_text_color=&#8221;#000000&#8243; header_font=&#8221;||||||||&#8221; header_text_align=&#8221;center&#8221; background_color=&#8221;#ffffff&#8221; text_orientation=&#8221;center&#8221; custom_padding=&#8221;30px|10px|30px|10px&#8221; border_width_top=&#8221;2px&#8221; border_color_top=&#8221;#cccccc&#8221; border_width_right=&#8221;4px&#8221; border_color_right=&#8221;#d3747c&#8221; border_width_bottom=&#8221;4px&#8221; border_color_bottom=&#8221;#d3747c&#8221; border_width_left=&#8221;4px&#8221; border_color_left=&#8221;#d3747c&#8221; global_colors_info=&#8221;{}&#8221;]<\/p>\n<p>Requereix titulaci\u00f3 universit\u00e0ria.<\/p>\n<p>Dos cursos anuals de 300 hores cadascun.<\/p>\n<p>S\u2019obt\u00e9 certificat d\u2019Expert en Intervencions Sist\u00e8miques (FEATF)<\/p>\n<p>&nbsp;<\/p>\n<p>[\/et_pb_text][\/et_pb_column][et_pb_column type=&#8221;1_3&#8243; _builder_version=&#8221;4.16&#8243; custom_padding=&#8221;|||&#8221; global_colors_info=&#8221;{}&#8221; custom_padding__hover=&#8221;|||&#8221;][et_pb_text _builder_version=&#8221;4.16&#8243; text_font=&#8221;|300|||||||&#8221; text_text_color=&#8221;#ffffff&#8221; ol_font=&#8221;||||||||&#8221; header_font=&#8221;Georgia||||||||&#8221; header_text_align=&#8221;center&#8221; header_text_color=&#8221;#ffffff&#8221; background_color=&#8221;#d31827&#8243; text_orientation=&#8221;center&#8221; background_layout=&#8221;dark&#8221; custom_padding=&#8221;20px|10px|20px|10px&#8221; border_width_top=&#8221;4px&#8221; border_color_top=&#8221;#d3747c&#8221; border_width_right=&#8221;4px&#8221; border_color_right=&#8221;#d3747c&#8221; border_width_left=&#8221;4px&#8221; border_color_left=&#8221;#d3747c&#8221; global_colors_info=&#8221;{}&#8221;]<\/p>\n<h1><strong><span>Formaci\u00f3<br \/><\/span><\/strong><strong><span>Avan\u00e7ada<br \/><\/span><\/strong><strong>Terapeuta de Fam\u00edlia<br \/>i Parella<\/strong><\/h1>\n<p>dos anys<\/p>\n<p>[\/et_pb_text][et_pb_text _builder_version=&#8221;4.16&#8243; text_font=&#8221;|300|||||||&#8221; text_text_color=&#8221;#d31827&#8243; ol_font=&#8221;||||||||&#8221; header_font=&#8221;|700|||||||&#8221; header_text_align=&#8221;center&#8221; header_text_color=&#8221;#d31827&#8243; header_font_size=&#8221;65px&#8221; background_color=&#8221;#ffffff&#8221; text_orientation=&#8221;center&#8221; background_layout=&#8221;dark&#8221; custom_padding=&#8221;30px|10px|30px|10px&#8221; border_width_right=&#8221;4px&#8221; border_color_right=&#8221;#d3747c&#8221; border_width_left=&#8221;4px&#8221; border_color_left=&#8221;#d3747c&#8221; global_colors_info=&#8221;{}&#8221;]<\/p>\n<h1>\u20ac 3.150<\/h1>\n<p>(per curs)<\/p>\n<p>[\/et_pb_text][et_pb_text ul_type=&#8221;circle&#8221; ul_position=&#8221;inside&#8221; _builder_version=&#8221;4.16&#8243; text_font=&#8221;||||||||&#8221; ul_font=&#8221;|600|||||||&#8221; ul_text_align=&#8221;center&#8221; ul_text_color=&#8221;#000000&#8243; header_font=&#8221;||||||||&#8221; header_text_align=&#8221;center&#8221; background_color=&#8221;#ffffff&#8221; text_orientation=&#8221;center&#8221; custom_padding=&#8221;30px|10px|30px|10px&#8221; border_width_top=&#8221;2px&#8221; border_color_top=&#8221;#cccccc&#8221; border_width_right=&#8221;4px&#8221; border_color_right=&#8221;#d3747c&#8221; border_width_bottom=&#8221;4px&#8221; border_color_bottom=&#8221;#d3747c&#8221; border_width_left=&#8221;4px&#8221; border_color_left=&#8221;#d3747c&#8221; global_colors_info=&#8221;{}&#8221;]<\/p>\n<p>Requereix Formaci\u00f3 B\u00e0sica, o una formaci\u00f3 sist\u00e8mica equivalent a 600 hores.<\/p>\n<p>Requereix titulaci\u00f3 universit\u00e0ria relacionada amb Ci\u00e8ncies Socials i de la Salud.<\/p>\n<p>Dos cursos anuals de 350 hores cada un.<\/p>\n<p>S\u2019obt\u00e9 certificat de Terapeuta de Fam\u00edlia i Parella (FEATF)<\/p>\n<p>[\/et_pb_text][\/et_pb_column][et_pb_column type=&#8221;1_3&#8243; _builder_version=&#8221;4.16&#8243; custom_padding=&#8221;|||&#8221; global_colors_info=&#8221;{}&#8221; custom_padding__hover=&#8221;|||&#8221;][et_pb_text _builder_version=&#8221;4.16&#8243; text_font=&#8221;|300|||||||&#8221; text_text_color=&#8221;#ffffff&#8221; ol_font=&#8221;||||||||&#8221; header_font=&#8221;Georgia||||||||&#8221; header_text_align=&#8221;center&#8221; header_text_color=&#8221;#ffffff&#8221; background_color=&#8221;#d31827&#8243; text_orientation=&#8221;center&#8221; background_layout=&#8221;dark&#8221; custom_padding=&#8221;20px|10px|20px|10px&#8221; border_width_top=&#8221;4px&#8221; border_color_top=&#8221;#d3747c&#8221; border_width_right=&#8221;4px&#8221; border_color_right=&#8221;#d3747c&#8221; border_width_left=&#8221;4px&#8221; border_color_left=&#8221;#d3747c&#8221; global_colors_info=&#8221;{}&#8221;]<\/p>\n<h1><strong><span>M\u00e0ster<br \/><\/span><\/strong><strong><span>Universitari<br \/> en<\/span><\/strong><strong>Terapia<br \/> Familiar<\/strong><\/h1>\n<p>dos anys<\/p>\n<p>[\/et_pb_text][et_pb_text _builder_version=&#8221;4.16&#8243; text_font=&#8221;|300|||||||&#8221; text_text_color=&#8221;#d31827&#8243; ol_font=&#8221;||||||||&#8221; header_font=&#8221;|700|||||||&#8221; header_text_align=&#8221;center&#8221; header_text_color=&#8221;#d31827&#8243; header_font_size=&#8221;65px&#8221; background_color=&#8221;#ffffff&#8221; text_orientation=&#8221;center&#8221; background_layout=&#8221;dark&#8221; custom_padding=&#8221;30px|10px|30px|10px&#8221; border_width_right=&#8221;4px&#8221; border_color_right=&#8221;#d3747c&#8221; border_width_left=&#8221;4px&#8221; border_color_left=&#8221;#d3747c&#8221; global_colors_info=&#8221;{}&#8221;]<\/p>\n<h1>\u20ac 4.455<\/h1>\n<p>(per curs)<\/p>\n<p>[\/et_pb_text][et_pb_text ul_type=&#8221;circle&#8221; ul_position=&#8221;inside&#8221; _builder_version=&#8221;4.16&#8243; text_font=&#8221;||||||||&#8221; ul_font=&#8221;|600|||||||&#8221; ul_text_align=&#8221;center&#8221; ul_text_color=&#8221;#000000&#8243; header_font=&#8221;||||||||&#8221; header_text_align=&#8221;center&#8221; background_color=&#8221;#ffffff&#8221; text_orientation=&#8221;center&#8221; custom_padding=&#8221;30px|10px|30px|10px&#8221; border_width_top=&#8221;2px&#8221; border_color_top=&#8221;#cccccc&#8221; border_width_right=&#8221;4px&#8221; border_color_right=&#8221;#d3747c&#8221; border_width_bottom=&#8221;4px&#8221; border_color_bottom=&#8221;#d3747c&#8221; border_width_left=&#8221;4px&#8221; border_color_left=&#8221;#d3747c&#8221; global_colors_info=&#8221;{}&#8221;]<\/p>\n<p>La formaci\u00f3 pr\u00e8via es valorar\u00e0 segons els estudis de cada persona.<\/p>\n<p>dos anys<\/p>\n<p>Orientaci\u00f3 Sist\u00e8mica i Psicodin\u00e0mica<\/p>\n<p>Acredita 90 ECTS<\/p>\n<p>[\/et_pb_text][\/et_pb_column][\/et_pb_row][\/et_pb_section][et_pb_section fb_built=&#8221;1&#8243; _builder_version=&#8221;4.16&#8243; background_color=&#8221;#000000&#8243; custom_padding=&#8221;35px|0px|0|0px|false|false&#8221; da_disable_devices=&#8221;off|off|off&#8221; global_colors_info=&#8221;{}&#8221; da_is_popup=&#8221;off&#8221; da_exit_intent=&#8221;off&#8221; da_has_close=&#8221;on&#8221; da_alt_close=&#8221;off&#8221; da_dark_close=&#8221;off&#8221; da_not_modal=&#8221;on&#8221; da_is_singular=&#8221;off&#8221; da_with_loader=&#8221;off&#8221; da_has_shadow=&#8221;on&#8221;][et_pb_row _builder_version=&#8221;4.16&#8243; custom_padding=&#8221;0|0px|0|0px|false|false&#8221; global_colors_info=&#8221;{}&#8221;][et_pb_column type=&#8221;4_4&#8243; _builder_version=&#8221;4.16&#8243; custom_padding=&#8221;|||&#8221; global_colors_info=&#8221;{}&#8221; custom_padding__hover=&#8221;|||&#8221;][et_pb_text _builder_version=&#8221;4.16&#8243; text_font=&#8221;||||||||&#8221; header_font=&#8221;Georgia|700|||||||&#8221; header_text_align=&#8221;center&#8221; background_layout=&#8221;dark&#8221; global_colors_info=&#8221;{}&#8221;]<\/p>\n<h1>Tens alguna consulta?<\/h1>\n<p>[\/et_pb_text][et_pb_contact_form email=&#8221;Info@etfsantpau.com&#8221; module_id=&#8221;et_pb_contact_form_0&#8243; _builder_version=&#8221;4.17.1&#8243; _unique_id=&#8221;06925b6e-d486-4fa6-a6f0-7330439291bc&#8221; custom_button=&#8221;on&#8221; button_text_color=&#8221;#ffffff&#8221; custom_css_captcha_label=&#8221;color: #fff&#8221; global_colors_info=&#8221;{}&#8221;][et_pb_contact_field field_id=&#8221;Name&#8221; field_title=&#8221;Nom&#8221; _builder_version=&#8221;4.16&#8243; global_colors_info=&#8221;{}&#8221; button_text_size__hover_enabled=&#8221;off&#8221; button_one_text_size__hover_enabled=&#8221;off&#8221; button_two_text_size__hover_enabled=&#8221;off&#8221; button_text_color__hover_enabled=&#8221;off&#8221; button_one_text_color__hover_enabled=&#8221;off&#8221; button_two_text_color__hover_enabled=&#8221;off&#8221; button_border_width__hover_enabled=&#8221;off&#8221; button_one_border_width__hover_enabled=&#8221;off&#8221; button_two_border_width__hover_enabled=&#8221;off&#8221; button_border_color__hover_enabled=&#8221;off&#8221; button_one_border_color__hover_enabled=&#8221;off&#8221; button_two_border_color__hover_enabled=&#8221;off&#8221; button_border_radius__hover_enabled=&#8221;off&#8221; button_one_border_radius__hover_enabled=&#8221;off&#8221; button_two_border_radius__hover_enabled=&#8221;off&#8221; button_letter_spacing__hover_enabled=&#8221;off&#8221; button_one_letter_spacing__hover_enabled=&#8221;off&#8221; button_two_letter_spacing__hover_enabled=&#8221;off&#8221; button_bg_color__hover_enabled=&#8221;off&#8221; button_one_bg_color__hover_enabled=&#8221;off&#8221; button_two_bg_color__hover_enabled=&#8221;off&#8221;][\/et_pb_contact_field][et_pb_contact_field field_id=&#8221;Email&#8221; field_title=&#8221;Adre\u00e7a de correu electr\u00f2nic&#8221; field_type=&#8221;email&#8221; _builder_version=&#8221;4.16&#8243; global_colors_info=&#8221;{}&#8221; button_text_size__hover_enabled=&#8221;off&#8221; button_one_text_size__hover_enabled=&#8221;off&#8221; button_two_text_size__hover_enabled=&#8221;off&#8221; button_text_color__hover_enabled=&#8221;off&#8221; button_one_text_color__hover_enabled=&#8221;off&#8221; button_two_text_color__hover_enabled=&#8221;off&#8221; button_border_width__hover_enabled=&#8221;off&#8221; button_one_border_width__hover_enabled=&#8221;off&#8221; button_two_border_width__hover_enabled=&#8221;off&#8221; button_border_color__hover_enabled=&#8221;off&#8221; button_one_border_color__hover_enabled=&#8221;off&#8221; button_two_border_color__hover_enabled=&#8221;off&#8221; button_border_radius__hover_enabled=&#8221;off&#8221; button_one_border_radius__hover_enabled=&#8221;off&#8221; button_two_border_radius__hover_enabled=&#8221;off&#8221; button_letter_spacing__hover_enabled=&#8221;off&#8221; button_one_letter_spacing__hover_enabled=&#8221;off&#8221; button_two_letter_spacing__hover_enabled=&#8221;off&#8221; button_bg_color__hover_enabled=&#8221;off&#8221; button_one_bg_color__hover_enabled=&#8221;off&#8221; button_two_bg_color__hover_enabled=&#8221;off&#8221;][\/et_pb_contact_field][et_pb_contact_field field_id=&#8221;Message&#8221; field_title=&#8221;Missatge&#8221; field_type=&#8221;text&#8221; fullwidth_field=&#8221;on&#8221; _builder_version=&#8221;4.16&#8243; global_colors_info=&#8221;{}&#8221; button_text_size__hover_enabled=&#8221;off&#8221; button_one_text_size__hover_enabled=&#8221;off&#8221; button_two_text_size__hover_enabled=&#8221;off&#8221; button_text_color__hover_enabled=&#8221;off&#8221; button_one_text_color__hover_enabled=&#8221;off&#8221; button_two_text_color__hover_enabled=&#8221;off&#8221; button_border_width__hover_enabled=&#8221;off&#8221; button_one_border_width__hover_enabled=&#8221;off&#8221; button_two_border_width__hover_enabled=&#8221;off&#8221; button_border_color__hover_enabled=&#8221;off&#8221; button_one_border_color__hover_enabled=&#8221;off&#8221; button_two_border_color__hover_enabled=&#8221;off&#8221; button_border_radius__hover_enabled=&#8221;off&#8221; button_one_border_radius__hover_enabled=&#8221;off&#8221; button_two_border_radius__hover_enabled=&#8221;off&#8221; button_letter_spacing__hover_enabled=&#8221;off&#8221; button_one_letter_spacing__hover_enabled=&#8221;off&#8221; button_two_letter_spacing__hover_enabled=&#8221;off&#8221; button_bg_color__hover_enabled=&#8221;off&#8221; button_one_bg_color__hover_enabled=&#8221;off&#8221; button_two_bg_color__hover_enabled=&#8221;off&#8221;][\/et_pb_contact_field][et_pb_contact_field field_id=&#8221;terminos&#8221; field_title=&#8221;Accepto la <a href=%22%22https:\/\/etfsantpau.com\/terminos-condiciones%22%22 data-et-target-link=%22%22_blank%22%22 rel=%22%22nofollow%22%22>pol\u00edtica de privacitat<\/a>&#8221; field_type=&#8221;checkbox&#8221; checkbox_options=&#8221;%91{%22value%22:%22Acepto la <a href=%92%22https:\/\/etfsantpau.com\/terminos-condiciones%92%22 data-et-target-link=%92%22_blank%92%22 rel=%92%22nofollow%92%22>pol\u00edtica de privacidad<\/a>%22,%22checked%22:0,%22dragID%22:-1}%93&#8243; fullwidth_field=&#8221;on&#8221; _builder_version=&#8221;4.17.1&#8243; _module_preset=&#8221;default&#8221; form_field_text_color=&#8221;#D31827&#8243; form_field_focus_text_color=&#8221;#FFFFFF&#8221; link_option_url=&#8221;https:\/\/etfsantpau.com\/terminos-condiciones&#8221; link_option_url_new_window=&#8221;on&#8221; global_colors_info=&#8221;{}&#8221;][\/et_pb_contact_field][\/et_pb_contact_form][\/et_pb_column][\/et_pb_row][\/et_pb_section][et_pb_section fb_built=&#8221;1&#8243; _builder_version=&#8221;4.16&#8243; background_color=&#8221;#000000&#8243; custom_padding=&#8221;50px|0px|0|0px|false|false&#8221; da_disable_devices=&#8221;off|off|off&#8221; global_colors_info=&#8221;{}&#8221; da_is_popup=&#8221;off&#8221; da_exit_intent=&#8221;off&#8221; da_has_close=&#8221;on&#8221; da_alt_close=&#8221;off&#8221; da_dark_close=&#8221;off&#8221; da_not_modal=&#8221;on&#8221; da_is_singular=&#8221;off&#8221; da_with_loader=&#8221;off&#8221; da_has_shadow=&#8221;on&#8221;][et_pb_row _builder_version=&#8221;4.16&#8243; custom_padding=&#8221;0|0px|0|0px|false|false&#8221; global_colors_info=&#8221;{}&#8221;][et_pb_column type=&#8221;4_4&#8243; _builder_version=&#8221;4.16&#8243; custom_padding=&#8221;|||&#8221; global_colors_info=&#8221;{}&#8221; custom_padding__hover=&#8221;|||&#8221;][et_pb_text _builder_version=&#8221;4.16&#8243; text_font=&#8221;||||||||&#8221; header_font=&#8221;Georgia|700|||||||&#8221; header_text_align=&#8221;center&#8221; header_3_font=&#8221;Georgia||||||||&#8221; header_3_text_align=&#8221;center&#8221; background_layout=&#8221;dark&#8221; custom_margin=&#8221;|||&#8221; global_colors_info=&#8221;{}&#8221;]<\/p>\n<h1>Contacte<\/h1>\n<h3>Els tr\u00e0mits administratius i les consultes sobre la nostra escola es realitzaran en les seg\u00fcents adreces de correu electr\u00f2nic<\/h3>\n<p>[\/et_pb_text][\/et_pb_column][\/et_pb_row][\/et_pb_section][et_pb_section fb_built=&#8221;1&#8243; _builder_version=&#8221;4.16&#8243; background_color=&#8221;#000000&#8243; custom_padding=&#8221;50px|0px|50px|0px|false|false&#8221; da_disable_devices=&#8221;off|off|off&#8221; global_colors_info=&#8221;{}&#8221; da_is_popup=&#8221;off&#8221; da_exit_intent=&#8221;off&#8221; da_has_close=&#8221;on&#8221; da_alt_close=&#8221;off&#8221; da_dark_close=&#8221;off&#8221; da_not_modal=&#8221;on&#8221; da_is_singular=&#8221;off&#8221; da_with_loader=&#8221;off&#8221; da_has_shadow=&#8221;on&#8221;][et_pb_row column_structure=&#8221;1_4,3_4&#8243; _builder_version=&#8221;4.16&#8243; custom_padding=&#8221;0|0px|0|0px|false|false&#8221; global_colors_info=&#8221;{}&#8221;][et_pb_column type=&#8221;1_4&#8243; _builder_version=&#8221;4.16&#8243; custom_padding=&#8221;|||&#8221; global_colors_info=&#8221;{}&#8221; custom_padding__hover=&#8221;|||&#8221;][et_pb_text _builder_version=&#8221;4.27.4&#8243; text_font=&#8221;||||||||&#8221; background_layout=&#8221;dark&#8221; global_colors_info=&#8221;{}&#8221;]<\/p>\n<p><strong><\/strong><\/p>\n<p><strong><\/strong><\/p>\n<p><strong>Escuela de Terapia Familiar Sant Pau<br \/><\/strong><em>C\/ Sant Antoni M. Claret, 167 &#8211; <\/em><em>08025 Barcelona, Espanya<br \/><\/em><em>Tel.: (+34) 93 553 78 46<br \/><\/em><em>Mail: <a href=\"mailto:Info@etfsantpau.com\">Info@etfsantpau.com<br \/><\/a><\/em>Horari: Dilluns a divendres 11:30 a 14:30 hores.<\/p>\n<p><strong><\/strong><\/p>\n<p><strong>Institut Sist\u00e8mic de Barcelona<br \/><\/strong><em>C\/ Castillejos, 411, Bajos, 1\u00aa. &#8211; <\/em><em>08025 Barcelona, Espa\u00f1a<br \/><\/em><em>Tel.: (+34) 93 450 77 33<br \/><\/em><em>Mail: <a href=\"mailto:Info@etfsantpau.com\">Info@etfsantpau.com<br \/><\/a><\/em><em><\/em>Horari: Dilluns a divendres 1<span>5:00 a 20:00\u00a0<\/span> hores.<\/p>\n<p>[\/et_pb_text][\/et_pb_column][et_pb_column type=&#8221;3_4&#8243; _builder_version=&#8221;4.16&#8243; custom_padding=&#8221;|||&#8221; global_colors_info=&#8221;{}&#8221; custom_padding__hover=&#8221;|||&#8221;][et_pb_image src=&#8221;https:\/\/etfsantpau.com\/wp-content\/uploads\/2018\/11\/mapa.jpg&#8221; show_in_lightbox=&#8221;on&#8221; align_tablet=&#8221;center&#8221; align_phone=&#8221;&#8221; align_last_edited=&#8221;on|desktop&#8221; _builder_version=&#8221;4.16&#8243; global_colors_info=&#8221;{}&#8221;][\/et_pb_image][\/et_pb_column][\/et_pb_row][\/et_pb_section][et_pb_section fb_built=&#8221;1&#8243; _builder_version=&#8221;4.16&#8243; custom_padding=&#8221;0|0px|30px|0px|false|false&#8221; da_disable_devices=&#8221;off|off|off&#8221; saved_tabs=&#8221;all&#8221; global_colors_info=&#8221;{}&#8221; da_is_popup=&#8221;off&#8221; da_exit_intent=&#8221;off&#8221; da_has_close=&#8221;on&#8221; da_alt_close=&#8221;off&#8221; da_dark_close=&#8221;off&#8221; da_not_modal=&#8221;on&#8221; da_is_singular=&#8221;off&#8221; da_with_loader=&#8221;off&#8221; da_has_shadow=&#8221;on&#8221;][\/et_pb_section]<\/p>\n","protected":false},"excerpt":{"rendered":"<p>Adminitraci\u00f3: Al\u00edcia Sampietro y Alejandra BoggionePreinscripci\u00f3 per la formaci\u00f3 presencial (Contactar amb secret\u00e0ria en casos especials amb estudis sist\u00e8mics previs en escoles acreditades) Solicitud AZUL de preinscripci\u00f3n a programa online Solicitud ROJA de preinscripci\u00f3n a programa presencial Carta de Motivaci\u00f3n y Curr\u00edculum Vitae (adjuntar en formulario) En caso de ser aceptad@ por la Direcci\u00f3n Acad\u00e9mica [&hellip;]<\/p>\n","protected":false},"author":2,"featured_media":0,"parent":0,"menu_order":0,"comment_status":"closed","ping_status":"closed","template":"","meta":{"_et_pb_use_builder":"on","_et_pb_old_content":"","_et_gb_content_width":"","footnotes":""},"class_list":["post-3299","page","type-page","status-publish","hentry"],"_links":{"self":[{"href":"https:\/\/etfsantpau.com\/ca\/wp-json\/wp\/v2\/pages\/3299","targetHints":{"allow":["GET"]}}],"collection":[{"href":"https:\/\/etfsantpau.com\/ca\/wp-json\/wp\/v2\/pages"}],"about":[{"href":"https:\/\/etfsantpau.com\/ca\/wp-json\/wp\/v2\/types\/page"}],"author":[{"embeddable":true,"href":"https:\/\/etfsantpau.com\/ca\/wp-json\/wp\/v2\/users\/2"}],"replies":[{"embeddable":true,"href":"https:\/\/etfsantpau.com\/ca\/wp-json\/wp\/v2\/comments?post=3299"}],"version-history":[{"count":11,"href":"https:\/\/etfsantpau.com\/ca\/wp-json\/wp\/v2\/pages\/3299\/revisions"}],"predecessor-version":[{"id":4580,"href":"https:\/\/etfsantpau.com\/ca\/wp-json\/wp\/v2\/pages\/3299\/revisions\/4580"}],"wp:attachment":[{"href":"https:\/\/etfsantpau.com\/ca\/wp-json\/wp\/v2\/media?parent=3299"}],"curies":[{"name":"wp","href":"https:\/\/api.w.org\/{rel}","templated":true}]}}