{"id":3296,"date":"2021-12-07T23:35:11","date_gmt":"2021-12-07T23:35:11","guid":{"rendered":"https:\/\/etfsantpau.com\/formacions\/"},"modified":"2025-05-23T14:50:57","modified_gmt":"2025-05-23T14:50:57","slug":"formacions","status":"publish","type":"page","link":"https:\/\/etfsantpau.com\/ca\/formacions\/","title":{"rendered":"Formacions"},"content":{"rendered":"<p>[et_pb_section fb_built=&#8221;1&#8243; fullwidth=&#8221;on&#8221; _builder_version=&#8221;4.16&#8243; _module_preset=&#8221;default&#8221; da_disable_devices=&#8221;off|off|off&#8221; global_colors_info=&#8221;{}&#8221; da_is_popup=&#8221;off&#8221; da_exit_intent=&#8221;off&#8221; da_has_close=&#8221;on&#8221; da_alt_close=&#8221;off&#8221; da_dark_close=&#8221;off&#8221; da_not_modal=&#8221;on&#8221; da_is_singular=&#8221;off&#8221; da_with_loader=&#8221;off&#8221; da_has_shadow=&#8221;on&#8221;][et_pb_fullwidth_header title=&#8221;Formacions&#8221; _builder_version=&#8221;4.16&#8243; _module_preset=&#8221;default&#8221; title_font=&#8221;Georgia||||||||&#8221; title_font_size=&#8221;50px&#8221; background_color=&#8221;rgba(211,24,39,0.7)&#8221; background_image=&#8221;https:\/\/etfsantpau.com\/wp-content\/uploads\/2021\/12\/high-view-person-writing-on-notepad-1-scaled.jpg&#8221; background_position=&#8221;center_left&#8221; background_blend=&#8221;overlay&#8221; custom_margin=&#8221;0px||||false|false&#8221; custom_padding=&#8221;70px||70px||false|false&#8221; global_colors_info=&#8221;{}&#8221;][\/et_pb_fullwidth_header][\/et_pb_section][et_pb_section fb_built=&#8221;1&#8243; _builder_version=&#8221;4.16&#8243; _module_preset=&#8221;default&#8221; da_disable_devices=&#8221;off|off|off&#8221; global_colors_info=&#8221;{}&#8221; da_is_popup=&#8221;off&#8221; da_exit_intent=&#8221;off&#8221; da_has_close=&#8221;on&#8221; da_alt_close=&#8221;off&#8221; da_dark_close=&#8221;off&#8221; da_not_modal=&#8221;on&#8221; da_is_singular=&#8221;off&#8221; da_with_loader=&#8221;off&#8221; da_has_shadow=&#8221;on&#8221;][et_pb_row column_structure=&#8221;1_2,1_2&#8243; _builder_version=&#8221;4.16&#8243; _module_preset=&#8221;default&#8221; global_colors_info=&#8221;{}&#8221;][et_pb_column type=&#8221;1_2&#8243; _builder_version=&#8221;4.16&#8243; _module_preset=&#8221;default&#8221; global_colors_info=&#8221;{}&#8221;][et_pb_blurb title=&#8221;Formaci\u00f3 b\u00e0sica&#8221; image=&#8221;https:\/\/etfsantpau.com\/wp-content\/uploads\/2018\/11\/ETF-formacion-basica.jpg&#8221; _builder_version=&#8221;4.16&#8243; _module_preset=&#8221;default&#8221; header_font=&#8221;Georgia||||||||&#8221; header_text_color=&#8221;#BD1522&#8243; header_font_size=&#8221;36px&#8221; body_font=&#8221;Open Sans||||||||&#8221; body_text_align=&#8221;center&#8221; body_text_color=&#8221;#333333&#8243; text_orientation=&#8221;center&#8221; custom_padding=&#8221;30px|30px|30px|30px|false|false&#8221; header_font_size_tablet=&#8221;&#8221; header_font_size_phone=&#8221;30px&#8221; header_font_size_last_edited=&#8221;on|phone&#8221; body_font_size_tablet=&#8221;&#8221; body_font_size_phone=&#8221;14px&#8221; body_font_size_last_edited=&#8221;on|desktop&#8221; border_radii=&#8221;on|20px|20px|20px|20px&#8221; box_shadow_style=&#8221;preset1&#8243; global_colors_info=&#8221;{}&#8221;]<\/p>\n<h4><strong><em>(Expert en intervencions sist\u00e8miques)<\/em><\/strong><\/h4>\n<p><span>El nostre programa inicial est\u00e0 orientat a ensenyar sobre els primers passos en el model sist\u00e8mic i les seves maneres d&#8217;aplicaci\u00f3 en diferents \u00e0mbits (a m\u00e9s del cl\u00ednic). Est\u00e0 dirigit als que vulguin iniciar-se en aquest corrent, i el seu contingut combina equilibradament \u00e0rees cl\u00edniques i socials de treball, sempre en clau terap\u00e8utica. Aquesta etapa de formaci\u00f3 resulta igualment atractiva per a psic\u00f2legs, psiquiatres, treballadors socials, integradors, educadors socials, i altres carreres afins.<\/span><\/p>\n<p><strong><a href=\"https:\/\/etfsantpau.com\/wp-content\/uploads\/2024\/02\/Formacion-Presencial-Experiancia-y-Prestigio-_compressed-1.pdf\" target=\"_blank\" rel=\"noopener\">Descarregar PDF<\/a><\/strong><\/p>\n<p>[\/et_pb_blurb][\/et_pb_column][et_pb_column type=&#8221;1_2&#8243; _builder_version=&#8221;4.16&#8243; _module_preset=&#8221;default&#8221; global_colors_info=&#8221;{}&#8221;][et_pb_blurb title=&#8221;Formaci\u00f3 avan\u00e7ada&#8221; image=&#8221;https:\/\/etfsantpau.com\/wp-content\/uploads\/2018\/11\/ETF-formacion-avanzada.jpg&#8221; _builder_version=&#8221;4.16&#8243; _module_preset=&#8221;default&#8221; header_font=&#8221;Georgia||||||||&#8221; header_text_color=&#8221;#BD1522&#8243; header_font_size=&#8221;36px&#8221; body_font=&#8221;Open Sans||||||||&#8221; body_text_align=&#8221;center&#8221; body_text_color=&#8221;#333333&#8243; text_orientation=&#8221;center&#8221; custom_padding=&#8221;30px|30px|30px|30px|false|false&#8221; header_font_size_tablet=&#8221;&#8221; header_font_size_phone=&#8221;30px&#8221; header_font_size_last_edited=&#8221;on|phone&#8221; body_font_size_tablet=&#8221;&#8221; body_font_size_phone=&#8221;14px&#8221; body_font_size_last_edited=&#8221;on|desktop&#8221; border_radii=&#8221;on|20px|20px|20px|20px&#8221; box_shadow_style=&#8221;preset1&#8243; locked=&#8221;off&#8221; global_colors_info=&#8221;{}&#8221;]<\/p>\n<h4><strong><em>(Terapeuta de parella i fam\u00edlia)<span> <\/span><\/em> <\/strong><\/h4>\n<p><span>A aquesta segona etapa de formaci\u00f3 s&#8217;hi accedeix despr\u00e9s de completar la formaci\u00f3 b\u00e0sica, o acreditar una formaci\u00f3 sist\u00e8mica equivalent a 600 hs per una escola acreditada.<\/span><br \/><span>Aquest programa est\u00e0 dirigit a professionals que vulguin especialitzar-se en el treball amb parelles i fam\u00edlies en escenaris socials complexos i patologies greus, com ara: Trastorns Psic\u00f2tics, Fam\u00edlies Multiproblem\u00e0tiques, Trastorns Afectius, Alienaci\u00f3 Parental, entre d&#8217;altres.<\/span><\/p>\n<p><strong><a href=\"https:\/\/etfsantpau.com\/wp-content\/uploads\/2024\/02\/Formacion-Presencial-Experiancia-y-Prestigio-_compressed-1.pdf\" target=\"_blank\" rel=\"noopener\">Descarregar PDF<\/a><\/strong><\/p>\n<p>[\/et_pb_blurb][\/et_pb_column][\/et_pb_row][et_pb_row _builder_version=&#8221;4.16&#8243; _module_preset=&#8221;default&#8221; global_colors_info=&#8221;{}&#8221;][et_pb_column type=&#8221;4_4&#8243; _builder_version=&#8221;4.16&#8243; _module_preset=&#8221;default&#8221; global_colors_info=&#8221;{}&#8221;][et_pb_text _builder_version=&#8221;4.16&#8243; _module_preset=&#8221;default&#8221; text_font=&#8221;Georgia||||||||&#8221; text_text_color=&#8221;#BD1522&#8243; text_font_size=&#8221;36px&#8221; text_orientation=&#8221;center&#8221; global_colors_info=&#8221;{}&#8221;]<\/p>\n<p>Altres formacions<\/p>\n<p>[\/et_pb_text][\/et_pb_column][\/et_pb_row][et_pb_row column_structure=&#8221;1_4,1_4,1_4,1_4&#8243; _builder_version=&#8221;4.27.4&#8243; _module_preset=&#8221;default&#8221; hover_enabled=&#8221;0&#8243; global_colors_info=&#8221;{}&#8221; sticky_enabled=&#8221;0&#8243; use_custom_gutter=&#8221;on&#8221; gutter_width=&#8221;2&#8243; make_equal=&#8221;on&#8221;][et_pb_column type=&#8221;1_4&#8243; _builder_version=&#8221;4.16&#8243; _module_preset=&#8221;default&#8221; global_colors_info=&#8221;{}&#8221;][et_pb_blurb title=&#8221;M\u00e0ster en ter\u00e0pia familiar&#8221; image=&#8221;https:\/\/etfsantpau.com\/wp-content\/uploads\/2018\/11\/master-ETF.jpg&#8221; _builder_version=&#8221;4.16&#8243; _module_preset=&#8221;default&#8221; header_font=&#8221;Georgia||||||||&#8221; header_text_color=&#8221;#BD1522&#8243; header_font_size=&#8221;36px&#8221; body_font=&#8221;Open Sans||||||||&#8221; body_text_align=&#8221;center&#8221; body_text_color=&#8221;#333333&#8243; text_orientation=&#8221;center&#8221; custom_padding=&#8221;30px|30px|30px|30px|false|false&#8221; header_font_size_tablet=&#8221;&#8221; header_font_size_phone=&#8221;30px&#8221; header_font_size_last_edited=&#8221;on|phone&#8221; body_font_size_tablet=&#8221;&#8221; body_font_size_phone=&#8221;14px&#8221; body_font_size_last_edited=&#8221;on|desktop&#8221; border_radii=&#8221;on|20px|20px|20px|20px&#8221; box_shadow_style=&#8221;preset1&#8243; locked=&#8221;off&#8221; global_colors_info=&#8221;{}&#8221;]<\/p>\n<p><span>Obt\u00e9 un mestratge a Ter\u00e0pia Familiar. En col\u2022laboraci\u00f3 amb la Universitat Ramon Llull oferim un postgrau universitari<\/span><\/p>\n<p>&nbsp;<\/p>\n<p>&nbsp;<\/p>\n<p>&nbsp;<\/p>\n<p><a href=\"https:\/\/www.blanquerna.edu\/es\/fpcee\/masters-y-estudios-de-postgrado\/masters-y-postgrados-url\/master-en-terapia-familiar\" target=\"_blank\" rel=\"noopener\"><img decoding=\"async\" src=\"https:\/\/etfsantpau.com\/wp-content\/uploads\/2018\/11\/logo-blanquerna.jpg\" width=\"231\" height=\"77\" alt=\"\" class=\"wp-image-402 alignnone size-full\"><\/a><\/p>\n<p>[\/et_pb_blurb][\/et_pb_column][et_pb_column type=&#8221;1_4&#8243; _builder_version=&#8221;4.16&#8243; _module_preset=&#8221;default&#8221; global_colors_info=&#8221;{}&#8221;][et_pb_blurb title=&#8221;Formaci\u00f3 online&#8221; image=&#8221;https:\/\/etfsantpau.com\/wp-content\/uploads\/2018\/11\/Carpetas-ETF.jpg&#8221; _builder_version=&#8221;4.16&#8243; _module_preset=&#8221;default&#8221; header_font=&#8221;Georgia||||||||&#8221; header_text_color=&#8221;#BD1522&#8243; header_font_size=&#8221;36px&#8221; body_font=&#8221;Open Sans||||||||&#8221; body_text_align=&#8221;center&#8221; body_text_color=&#8221;#333333&#8243; text_orientation=&#8221;center&#8221; custom_padding=&#8221;30px|30px|4px|30px|false|false&#8221; header_font_size_tablet=&#8221;&#8221; header_font_size_phone=&#8221;30px&#8221; header_font_size_last_edited=&#8221;on|phone&#8221; body_font_size_tablet=&#8221;&#8221; body_font_size_phone=&#8221;14px&#8221; body_font_size_last_edited=&#8221;on|desktop&#8221; border_radii=&#8221;on|20px|20px|20px|20px&#8221; box_shadow_style=&#8221;preset1&#8243; locked=&#8221;off&#8221; global_colors_info=&#8221;{}&#8221;]<\/p>\n<p><span>La tradici\u00f3 de la nostra escola, per\u00f2 en format digital. Per als qui no disposen de temps fixos o no viuen a Barcelona, hem desenvolupat una formaci\u00f3 a dist\u00e0ncia.<\/span><\/p>\n<p><a href=\"https:\/\/etfsantpau.com\/wp-content\/uploads\/2023\/07\/2.-Formacion-Online-2023-definitivo.pdf\" target=\"_blank\" rel=\"noopener\"><b>Clic aqu\u00ed per descarregar la formaci\u00f3 online.<\/b><\/a><\/p>\n<p>&nbsp;<\/p>\n<p><strong><img decoding=\"async\" src=\"https:\/\/etfsantpau.com\/wp-content\/uploads\/2018\/11\/logo-featf-apaisado-300x150.jpg\" width=\"300\" height=\"150\" alt=\"\" class=\"wp-image-865 alignnone size-medium\" srcset=\"https:\/\/etfsantpau.com\/wp-content\/uploads\/2018\/11\/logo-featf-apaisado-300x150.jpg 300w, https:\/\/etfsantpau.com\/wp-content\/uploads\/2018\/11\/logo-featf-apaisado.jpg 400w\" sizes=\"(max-width: 300px) 100vw, 300px\" \/><\/strong><\/p>\n<p>[\/et_pb_blurb][\/et_pb_column][et_pb_column type=&#8221;1_4&#8243; _builder_version=&#8221;4.16&#8243; _module_preset=&#8221;default&#8221; global_colors_info=&#8221;{}&#8221;][et_pb_blurb title=&#8221;Postgrau en Ter\u00e0pia Breu de Resoluci\u00f3 de Problemes&#8221; image=&#8221;https:\/\/etfsantpau.com\/wp-content\/uploads\/2023\/03\/Post-Instagram-Recordatorio-Aviso-Minimalista-Amarillo-1.png&#8221; _builder_version=&#8221;4.27.4&#8243; _module_preset=&#8221;default&#8221; header_font=&#8221;Georgia||||||||&#8221; header_text_color=&#8221;#BD1522&#8243; header_font_size=&#8221;36px&#8221; body_font=&#8221;Open Sans||||||||&#8221; body_text_align=&#8221;center&#8221; body_text_color=&#8221;#333333&#8243; text_orientation=&#8221;center&#8221; custom_padding=&#8221;30px|30px|37px|30px|false|false&#8221; hover_enabled=&#8221;0&#8243; header_font_size_tablet=&#8221;&#8221; header_font_size_phone=&#8221;30px&#8221; header_font_size_last_edited=&#8221;on|phone&#8221; body_font_size_tablet=&#8221;&#8221; body_font_size_phone=&#8221;14px&#8221; body_font_size_last_edited=&#8221;on|desktop&#8221; border_radii=&#8221;on|20px|20px|20px|20px&#8221; box_shadow_style=&#8221;preset1&#8243; locked=&#8221;off&#8221; global_colors_info=&#8221;{}&#8221; sticky_enabled=&#8221;0&#8243;]<\/p>\n<p>Formaci\u00f3 teoricopr\u00e0ctica en el Model de Ter\u00e0pia Breu de Resoluci\u00f3 de Problemes. Impartit i certificat conjutament amb Brief Therapy Center BCN i dirigit per Juan Luis Linares i Raquel Maresma.<\/p>\n<p><a href=\"https:\/\/brieftherapycenterbcn.com\/wp-content\/uploads\/2025\/02\/PROGRAMA-ONLINE-25_26.pdf\" target=\"_blank\" rel=\"noopener\"><b>&#8211; Info programa online<\/b><\/a><a href=\"https:\/\/brieftherapycenterbcn.com\/content\/posgrado\/programa-presencial-24_25_.pdf\" target=\"_blank\" rel=\"noopener\"><b><\/b><\/a><\/p>\n<p>[\/et_pb_blurb][\/et_pb_column][et_pb_column type=&#8221;1_4&#8243; _builder_version=&#8221;4.16&#8243; _module_preset=&#8221;default&#8221; global_colors_info=&#8221;{}&#8221;][et_pb_blurb title=&#8221;Postgrau en Ter\u00e0pia de Parella&#8221; image=&#8221;https:\/\/etfsantpau.com\/wp-content\/uploads\/2023\/03\/Post-Instagram-Recordatorio-Aviso-Minimalista-Amarillo-1.png&#8221; _builder_version=&#8221;4.27.4&#8243; _module_preset=&#8221;default&#8221; header_font=&#8221;Georgia||||||||&#8221; header_text_color=&#8221;#BD1522&#8243; header_font_size=&#8221;36px&#8221; body_font=&#8221;Open Sans||||||||&#8221; body_text_align=&#8221;center&#8221; body_text_color=&#8221;#333333&#8243; text_orientation=&#8221;center&#8221; custom_padding=&#8221;30px|30px|37px|30px|false|false&#8221; hover_enabled=&#8221;0&#8243; header_font_size_tablet=&#8221;&#8221; header_font_size_phone=&#8221;30px&#8221; header_font_size_last_edited=&#8221;on|phone&#8221; body_font_size_tablet=&#8221;&#8221; body_font_size_phone=&#8221;14px&#8221; body_font_size_last_edited=&#8221;on|desktop&#8221; border_radii=&#8221;on|20px|20px|20px|20px&#8221; box_shadow_style=&#8221;preset1&#8243; locked=&#8221;off&#8221; global_colors_info=&#8221;{}&#8221; sticky_enabled=&#8221;0&#8243;]Formaci\u00f3 teoricopr\u00e0ctica en el Ter\u00e0pia de Parella. Impartit i certificat conjutament amb Brief Therapy Center BCN i dirigit per Juan Luis Linares i Raquel Maresma.<\/span><\/p>\n<p><strong><a href=\"https:\/\/brieftherapycenterbcn.com\/ca\/formacio\/posgrau-parella\/\" target=\"_blank\" rel=\"noopener\">&#8211; M\u00e9s informaci\u00f3 <\/a><\/strong>[\/et_pb_blurb][\/et_pb_column][\/et_pb_row][\/et_pb_section]<\/p>\n","protected":false},"excerpt":{"rendered":"<p>(Expert en intervencions sist\u00e8miques) El nostre programa inicial est\u00e0 orientat a ensenyar sobre els primers passos en el model sist\u00e8mic i les seves maneres d&#8217;aplicaci\u00f3 en diferents \u00e0mbits (a m\u00e9s del cl\u00ednic). Est\u00e0 dirigit als que vulguin iniciar-se en aquest corrent, i el seu contingut combina equilibradament \u00e0rees cl\u00edniques i socials de treball, sempre en [&hellip;]<\/p>\n","protected":false},"author":2,"featured_media":0,"parent":0,"menu_order":0,"comment_status":"closed","ping_status":"closed","template":"","meta":{"_et_pb_use_builder":"on","_et_pb_old_content":"","_et_gb_content_width":"","footnotes":""},"class_list":["post-3296","page","type-page","status-publish","hentry"],"_links":{"self":[{"href":"https:\/\/etfsantpau.com\/ca\/wp-json\/wp\/v2\/pages\/3296","targetHints":{"allow":["GET"]}}],"collection":[{"href":"https:\/\/etfsantpau.com\/ca\/wp-json\/wp\/v2\/pages"}],"about":[{"href":"https:\/\/etfsantpau.com\/ca\/wp-json\/wp\/v2\/types\/page"}],"author":[{"embeddable":true,"href":"https:\/\/etfsantpau.com\/ca\/wp-json\/wp\/v2\/users\/2"}],"replies":[{"embeddable":true,"href":"https:\/\/etfsantpau.com\/ca\/wp-json\/wp\/v2\/comments?post=3296"}],"version-history":[{"count":11,"href":"https:\/\/etfsantpau.com\/ca\/wp-json\/wp\/v2\/pages\/3296\/revisions"}],"predecessor-version":[{"id":4431,"href":"https:\/\/etfsantpau.com\/ca\/wp-json\/wp\/v2\/pages\/3296\/revisions\/4431"}],"wp:attachment":[{"href":"https:\/\/etfsantpau.com\/ca\/wp-json\/wp\/v2\/media?parent=3296"}],"curies":[{"name":"wp","href":"https:\/\/api.w.org\/{rel}","templated":true}]}}